{"id":100723,"date":"2026-04-04T10:14:58","date_gmt":"2026-04-04T09:14:58","guid":{"rendered":"https:\/\/pracek.si\/racunalniskatrgovina\/izdelek\/prenosnik-hp-omen-max-gaming-16-ah0021nt-u7-255hx-rtx-5070-8gb-w10-pro-ultra-7-ram-32-gb-ssd-disk-160%e2%80%b3-wqhd\/"},"modified":"2026-04-04T10:15:04","modified_gmt":"2026-04-04T09:15:04","slug":"prenosnik-hp-omen-max-gaming-16-ah0021nt-u7-255hx-rtx-5070-8gb-w10-pro-ultra-7-ram-32-gb-ssd-disk-160%e2%80%b3-wqhd","status":"publish","type":"product","link":"https:\/\/pracek.si\/racunalniskatrgovina\/izdelek\/prenosnik-hp-omen-max-gaming-16-ah0021nt-u7-255hx-rtx-5070-8gb-w10-pro-ultra-7-ram-32-gb-ssd-disk-160%e2%80%b3-wqhd\/","title":{"rendered":"Prenosnik HP OMEN MAX Gaming 16-ah0021nt | U7 255HX | RTX 5070 (8GB) | W10 Pro \/ Ultra 7 \/ RAM 32 GB \/ SSD Disk \/ 16,0\u2033 WQHD"},"content":{"rendered":"<p>Izredna zmogljivost zdru\u017eena z elegantno zasnovo \u2013 to je prenosnik HP OMEN MAX Gaming, ki prina\u0161a vrhunsko igralno izku\u0161njo in delovno u\u010dinkovitost v enem kompletnem paketu.<\/p>\n<p><H2>Najve\u010dje prednosti<\/H2><br \/>\nZa tiste, ki cenijo visoko zmogljivost in teko\u010de igranje, HP OMEN MAX Gaming ponuja vrhunsko kombinacijo komponent:<br \/>\n<ul><br \/>\n<li>Visokozmogljiva grafi\u010dna kartica RTX 5070 z <b>8GB GDDR7<\/b> za neprekosljivo vizualno izku\u0161njo.<\/li><br \/>\n<li>16,0-pal\u010dni <b>WQHD (2560\u00d71600)<\/b> zaslon s prilagodljivo hitrostjo osve\u017eevanja od 60-240 Hz, ki zagotavlja ostro in teko\u010do sliko.<\/li><br \/>\n<li>Izredno hiter <b>SSD NVMe<\/b> disk zagotavlja hitrost in zanesljivost pri nalaganju iger in aplikacij.<\/li><br \/>\n<\/ul><\/p>\n<p><H2>Kdo kupuje ta izdelek<\/H2><br \/>\nTa prenosnik je idealen za <b>navdu\u0161ene igralce iger<\/b>, ki i\u0161\u010dejo zmogljivo napravo za igranje najnovej\u0161ih naslovov z visokimi nastavitvami, ter za <b>profesionalce<\/b>, ki potrebujejo visoko procesno mo\u010d za napredne aplikacije. Z vsestranskimi povezavami, vklju\u010dno z dvema Thunderbolt 4 vhodoma, je ODLI\u010cEN tudi za tiste, ki potrebujejo <b>bistveno ve\u010djo produktivnost<\/b>.<\/p>\n<p><H2>Mo\u017enosti nadgradnje<\/H2><br \/>\nHP OMEN MAX Gaming omogo\u010da nadgradnjo tako diska kot pomnilnika, kar pomeni, da lahko zmogljivost prenosnika \u0161e dodatno izbolj\u0161ate glede na potrebe. Za nadgradnje priporo\u010damo, da se pred izvedbo nadgradnje vedno posvetujete s strokovnjakom.<\/p>\n<p><H2>Zakaj izbrati obnovljeno napravo<\/H2><br \/>\nIzbira obnovljene naprave pomeni trajnostno odlo\u010ditev, saj zmanj\u0161ujete vpliv na okolje in hkrati izkori\u0161\u010date prednosti popolnoma funkcionalne naprave z standardiziranim sistemom kakovostnih ocen. Strokovna storitev obnove zagotavlja, da prenosnik izpolnjuje stroge standarde kakovosti, kar vam omogo\u010da, da u\u017eivate enako zmogljivost kot pri novih napravah, a po ugodnej\u0161i ceni.<h2>Odprta embala\u017ea<\/h2>&#13;<br \/>\n<p>Skoraj nobenih znakov obrabe. Tovarni\u0161ka kvaliteta. V ve\u010dini primerov gre za prese\u017eek proizvodnje in neprodane zaloge, pri katerih razlike v primerjavi z novimi napravami niso opazne.<\/p>&#13;<\/p>\n","protected":false},"excerpt":{"rendered":"<p>Intel Core Ultra 7 255HX (2,4 GHz), 32GB (2x16GB) DDR5-5600, SSD 1 TB PCIe NVMe, NVIDIA RTX 5070 (8\u00a0GB GDDR7), 40,6 cm (16,0&#8243;) 2.5K (2560&#215;1600) UWVA AG IPS\u00a0LED VRR 60-240 Hz, HDMI 2.1, 2x Thunderbolt 4 (USB-C\/DisplayPort &#8211; 40Gbps), 2x USB-A 3.2 Gen2 (10Gbps), Wi-Fi 7 BE200 (2&#215;2), Bluetooth 5.4, Backlit Kbd., Webcam, Microsoft\u00a0Windows 10 Pro (64-bit)<\/p>\n","protected":false},"featured_media":100725,"template":"","meta":[],"product_brand":[26],"product_cat":[1296,1204,1962,1286],"product_tag":[1811],"class_list":{"0":"post-100723","1":"product","2":"type-product","3":"status-publish","4":"has-post-thumbnail","6":"product_brand-hewlett-packard","7":"product_cat-hp-prenosniki","8":"product_cat-prenosniki","9":"product_cat-prenosniki-za-igranje-iger-gaming-prenosniki","10":"product_cat-priljubljena-iskanja","11":"product_tag-pp","12":"pa_odgovorna-oseba-v-eu-hp-tehnicna-regulativna-ekipa","14":"first","15":"instock","16":"taxable","17":"shipping-taxable","18":"purchasable","19":"product-type-simple"},"_links":{"self":[{"href":"https:\/\/pracek.si\/racunalniskatrgovina\/wp-json\/wp\/v2\/product\/100723","targetHints":{"allow":["GET"]}}],"collection":[{"href":"https:\/\/pracek.si\/racunalniskatrgovina\/wp-json\/wp\/v2\/product"}],"about":[{"href":"https:\/\/pracek.si\/racunalniskatrgovina\/wp-json\/wp\/v2\/types\/product"}],"version-history":[{"count":1,"href":"https:\/\/pracek.si\/racunalniskatrgovina\/wp-json\/wp\/v2\/product\/100723\/revisions"}],"predecessor-version":[{"id":100724,"href":"https:\/\/pracek.si\/racunalniskatrgovina\/wp-json\/wp\/v2\/product\/100723\/revisions\/100724"}],"wp:featuredmedia":[{"embeddable":true,"href":"https:\/\/pracek.si\/racunalniskatrgovina\/wp-json\/wp\/v2\/media\/100725"}],"wp:attachment":[{"href":"https:\/\/pracek.si\/racunalniskatrgovina\/wp-json\/wp\/v2\/media?parent=100723"}],"wp:term":[{"taxonomy":"product_brand","embeddable":true,"href":"https:\/\/pracek.si\/racunalniskatrgovina\/wp-json\/wp\/v2\/product_brand?post=100723"},{"taxonomy":"product_cat","embeddable":true,"href":"https:\/\/pracek.si\/racunalniskatrgovina\/wp-json\/wp\/v2\/product_cat?post=100723"},{"taxonomy":"product_tag","embeddable":true,"href":"https:\/\/pracek.si\/racunalniskatrgovina\/wp-json\/wp\/v2\/product_tag?post=100723"}],"curies":[{"name":"wp","href":"https:\/\/api.w.org\/{rel}","templated":true}]}}