{"id":100775,"date":"2026-04-04T10:20:59","date_gmt":"2026-04-04T09:20:59","guid":{"rendered":"https:\/\/pracek.si\/racunalniskatrgovina\/izdelek\/prenosnik-victus-gaming-15-fa2008ns-i5-13420h-rtx-3050-i5-ram-16-gb-ssd-disk-156%e2%80%b3-fhd\/"},"modified":"2026-04-04T10:21:01","modified_gmt":"2026-04-04T09:21:01","slug":"prenosnik-victus-gaming-15-fa2008ns-i5-13420h-rtx-3050-i5-ram-16-gb-ssd-disk-156%e2%80%b3-fhd","status":"publish","type":"product","link":"https:\/\/pracek.si\/racunalniskatrgovina\/izdelek\/prenosnik-victus-gaming-15-fa2008ns-i5-13420h-rtx-3050-i5-ram-16-gb-ssd-disk-156%e2%80%b3-fhd\/","title":{"rendered":"Prenosnik Victus Gaming 15-fa2008ns | i5-13420H | RTX 3050 \/ i5 \/ RAM 16 GB \/ SSD Disk \/ 15,6\u2033 FHD"},"content":{"rendered":"<p>Prenosnik Victus Gaming 15-fa2008ns vam ponuja izjemno ra\u010dunalni\u0161ko zmogljivost v elegantni in kompaktni obliki. Njegove tehni\u010dne lastnosti zagotavljajo optimalno izku\u0161njo, ne glede na to, ali ga uporabljate za igranje iger, ustvarjanje vsebin ali produktivnost na poti. <\/p>\n<p><H2>Najve\u010dje prednosti<\/H2><br \/>\n<ul><br \/>\n  <li><b>Izjemna grafika<\/b>: Sposobnost prikaza podrobnih grafi\u010dnih vsebin vam prina\u0161a grafi\u010dna kartica GeForce RTX 3050.<\/li><br \/>\n  <li><b>Gladko delovanje<\/b>: Hiter in odziven sistem, podprt z zmogljivim procesorjem ter hitrim NVMe SSD diskom.<\/li><br \/>\n  <li><b>Izjemna hitrost osve\u017eevanja<\/b>: Z 39,6 cm (15,6&quot;) FHD zaslonom in 144 Hz, u\u017eivajte v gladkem prikazu.<\/li><br \/>\n  <li><b>Prilagodljive povezave<\/b>: HDMI 2.1, USB-C in USB-A vhodi omogo\u010dajo \u0161iroko povezljivost.<\/li><br \/>\n  <li><b>Stabilna povezljivost<\/b>: Wi-Fi 6 omogo\u010da hitro in zanesljivo brez\u017ei\u010dno povezavo.<\/li><br \/>\n<\/ul><\/p>\n<p><H2>Kdo kupuje ta izdelek<\/H2><br \/>\nTa prenosnik je idealna izbira za <b>strastne igralce iger<\/b>, ki i\u0161\u010dejo zmogljivo in odzivno napravo z visoko kakovostjo grafike. Prav tako izpolnjuje vse potrebe <b>digitalnih ustvarjalcev<\/b> in profesionalcev, ki cenijo stabilnost in hitrost pri delu z ve\u010d nalogami.<\/p>\n<p><H2>Mo\u017enosti nadgradnje<\/H2><br \/>\nVictus Gaming 15-fa2008ns omogo\u010da pove\u010danje zmogljivosti s prilagoditvijo pomnilnika in kapacitete diska. Pred izvedbo nadgradnje se vedno posvetujte s strokovnjakom.<\/p>\n<p><H2>Zakaj izbrati obnovljeno napravo<\/H2><br \/>\nIzbira obnovljene naprave je <b>okolju prijazna<\/b> odlo\u010ditev, ki podalj\u0161uje \u017eivljenjsko dobo tehnologije in zmanj\u0161uje elektronske odpadke. Vsaka naprava je natan\u010dno pregledana in obnovljena s profesionalnimi standardi kakovostnih ocen, kar zagotavlja brezhibno delovanje in zanesljivost.<\/p>\n<p>Victus Gaming prenosnik zagotavlja <b>odli\u010dno vrednost za ceno<\/b>, z zmogljivostmi, ki vas ne bodo razo\u010darale. Z obnovljeno napravo ne le zni\u017eujete stro\u0161ke, temve\u010d tudi prispevate k bolj trajnostni prihodnosti.<h2>Odprta embala\u017ea<\/h2>&#13;<br \/>\n<p>Skoraj nobenih znakov obrabe. Tovarni\u0161ka kvaliteta. V ve\u010dini primerov gre za prese\u017eek proizvodnje in neprodane zaloge, pri katerih razlike v primerjavi z novimi napravami niso opazne.<\/p>&#13;<\/p>\n","protected":false},"excerpt":{"rendered":"<p>Intel Core i5-13420H (2,1\u00a0GHz), 16 GB DDR4-3200, SSD 512 GB M.2 PCie NVMe, 39,6 cm (15,6\u2033) FHD (1920&#215;1080) AG LED 144 Hz, NVIDIA GeForce RTX 3050 (6\u00a0GB GDDR6), HDMI 2.1, 1x USB-C 3.2 5Gbps, 2x USB-A 3.2 (5Gbps), Wi-Fi 6 (2&#215;2), Bluetooth 5.4, Webcam, Backlit Kbd., Microsoft Windows 11 Home (64-bit)<\/p>\n","protected":false},"featured_media":100553,"template":"","meta":[],"product_brand":[26],"product_cat":[1296,1204,1301,1291,1958,1962,1286],"product_tag":[1811],"class_list":{"0":"post-100775","1":"product","2":"type-product","3":"status-publish","4":"has-post-thumbnail","6":"product_brand-hewlett-packard","7":"product_cat-hp-prenosniki","8":"product_cat-prenosniki","9":"product_cat-prenosniki-15-palcni","10":"product_cat-prenosniki-i5","11":"product_cat-prenosniki-za-domaco-uporabo","12":"product_cat-prenosniki-za-igranje-iger-gaming-prenosniki","13":"product_cat-priljubljena-iskanja","14":"product_tag-pp","15":"pa_odgovorna-oseba-v-eu-hp-tehnicna-regulativna-ekipa","17":"first","18":"instock","19":"taxable","20":"shipping-taxable","21":"purchasable","22":"product-type-simple"},"_links":{"self":[{"href":"https:\/\/pracek.si\/racunalniskatrgovina\/wp-json\/wp\/v2\/product\/100775","targetHints":{"allow":["GET"]}}],"collection":[{"href":"https:\/\/pracek.si\/racunalniskatrgovina\/wp-json\/wp\/v2\/product"}],"about":[{"href":"https:\/\/pracek.si\/racunalniskatrgovina\/wp-json\/wp\/v2\/types\/product"}],"version-history":[{"count":1,"href":"https:\/\/pracek.si\/racunalniskatrgovina\/wp-json\/wp\/v2\/product\/100775\/revisions"}],"predecessor-version":[{"id":100776,"href":"https:\/\/pracek.si\/racunalniskatrgovina\/wp-json\/wp\/v2\/product\/100775\/revisions\/100776"}],"wp:featuredmedia":[{"embeddable":true,"href":"https:\/\/pracek.si\/racunalniskatrgovina\/wp-json\/wp\/v2\/media\/100553"}],"wp:attachment":[{"href":"https:\/\/pracek.si\/racunalniskatrgovina\/wp-json\/wp\/v2\/media?parent=100775"}],"wp:term":[{"taxonomy":"product_brand","embeddable":true,"href":"https:\/\/pracek.si\/racunalniskatrgovina\/wp-json\/wp\/v2\/product_brand?post=100775"},{"taxonomy":"product_cat","embeddable":true,"href":"https:\/\/pracek.si\/racunalniskatrgovina\/wp-json\/wp\/v2\/product_cat?post=100775"},{"taxonomy":"product_tag","embeddable":true,"href":"https:\/\/pracek.si\/racunalniskatrgovina\/wp-json\/wp\/v2\/product_tag?post=100775"}],"curies":[{"name":"wp","href":"https:\/\/api.w.org\/{rel}","templated":true}]}}