{"id":100836,"date":"2026-04-04T10:21:09","date_gmt":"2026-04-04T09:21:09","guid":{"rendered":"https:\/\/pracek.si\/racunalniskatrgovina\/izdelek\/prenosnik-hp-elitebook-x-g1a-14-ryzen-ai-7-pro-amd-ryzen-ai-7-ram-32-gb-ssd-disk-140%e2%80%b3-2-8k\/"},"modified":"2026-04-04T10:21:11","modified_gmt":"2026-04-04T09:21:11","slug":"prenosnik-hp-elitebook-x-g1a-14-ryzen-ai-7-pro-amd-ryzen-ai-7-ram-32-gb-ssd-disk-140%e2%80%b3-2-8k","status":"publish","type":"product","link":"https:\/\/pracek.si\/racunalniskatrgovina\/izdelek\/prenosnik-hp-elitebook-x-g1a-14-ryzen-ai-7-pro-amd-ryzen-ai-7-ram-32-gb-ssd-disk-140%e2%80%b3-2-8k\/","title":{"rendered":"Prenosnik HP EliteBook X G1a 14 | Ryzen AI 7 PRO \/ AMD Ryzen\u2122 AI 7 \/ RAM 32 GB \/ SSD Disk \/ 14,0\u2033 2.8K"},"content":{"rendered":"<p>Prenosnik HP EliteBook X G1a 14 je mo\u010dna in elegantna naprava, ki zdru\u017euje napredno zmogljivost in vrhunsko obliko za uporabnike, ki zahtevajo najve\u010d. Prepri\u010dajte se sami, kako zmogljiv procesor, napredna grafi\u010dna tehnologija in vrhunski zaslon ustvarjajo izku\u0161njo brez primere.<\/p>\n<p><H2>Najve\u010dje prednosti<\/H2><br \/>\nEliteBook X G1a prina\u0161a \u0161tevilne prednosti:<br \/>\n<ul><br \/>\n  <li>Izjemen 14,0-pal\u010dni 2.8K Multi-Touch OLED zaslon, ki zagotavlja kristalno \u010disto sliko z naravnimi barvami.<\/li><br \/>\n  <li><b>Visokozmogljiv procesor<\/b>, ki omogo\u010da hitro in nemoteno delovanje tudi pri najzahtevnej\u0161ih nalogah.<\/li><br \/>\n  <li><b>Prese\u017ena grafi\u010dna mo\u010d<\/b> z vgrajeno grafi\u010dno kartico, ki podpira vse va\u0161e vizualne potrebe.<\/li><br \/>\n  <li>Raznolika povezljivost z naprednimi vmesniki Thunderbolt 4 in USB-C, ki omogo\u010dajo hitro izmenjavo podatkov in povezovanje z razli\u010dnimi napravami.<\/li><br \/>\n  <li>Vgrajena NVMe tehnologija v SSD disku nudi <b>izjemno hitrost prenosa podatkov<\/b>, kar skraj\u0161a \u010das nalaganja sistemov in aplikacij.<\/li><br \/>\n<\/ul><\/p>\n<p><H2>Kdo kupuje ta izdelek<\/H2><br \/>\nTa prenosnik je idealen za profesionalce, ki potrebujejo zanesljivo napravo za zahtevna opravila in ve\u010dopravilnost. Primeren je tudi za kreativce, ki i\u0161\u010dejo napravo z izjemnimi vizualnimi sposobnostmi, ter poslovne uporabnike, ki potrebujejo robustno in vsestransko re\u0161itev za delo na poti.<\/p>\n<p><H2>Mo\u017enosti nadgradnje<\/H2><br \/>\nHP EliteBook X G1a je zasnovan z mo\u017enostjo nadgradnje pomnilnika in diska, kar omogo\u010da raz\u0161iritev zmogljivosti naprave v skladu z va\u0161imi potrebami v prihodnosti. Pred izvedbo nadgradnje se vedno posvetujte s strokovnjakom.<\/p>\n<p><H2>Zakaj izbrati obnovljeno napravo<\/H2><br \/>\nIzbira obnovljene naprave je odli\u010dna odlo\u010ditev za vse, ki \u017eelijo visokokakovostne naprave po ugodnej\u0161i ceni. Obnovljeni prenosniki so podvr\u017eeni strogemu procesu obnove, kjer se preveri delovanje vseh komponent, s \u010dimer se zagotovi vrhunska kakovost in zanesljivost. Poleg tega izbira obnovljenega izdelka prispeva k okoljski trajnosti s podalj\u0161anjem \u017eivljenjske dobe elektronskih naprav. Tako lahko u\u017eivate v napravi, ki je kot nova, a brez negativnega vpliva na okolje.<h2>Odprta embala\u017ea<\/h2>&#13;<br \/>\n<p>Skoraj nobenih znakov obrabe. Tovarni\u0161ka kvaliteta. V ve\u010dini primerov gre za prese\u017eek proizvodnje in neprodane zaloge, pri katerih razlike v primerjavi z novimi napravami niso opazne.<\/p>&#13;<\/p>\n","protected":false},"excerpt":{"rendered":"<p>AMD Ryzen AI 7 PRO 360 (2,0 GHz), 32 GB LPDDR5x-8533, 35,6 cm (14,0\u2033) 2.8K (2880&#215;1800) Multi-Touch OLED 60 Hz, AMD Radeon\u00a0880M Graphics (IGP), HDMI 2.1, 2x Thunderbolt 4 (USB-C\/DisplayPort 2.1 &#8211; 40Gbps), 1x USB-C 3.2 Gen2 (DisplayPort &#8211; 10Gbps), 1x USB-A 3.2 Gen2 (10Gbps), SSD 512 GB M.2 PCIe NVMe, Wi-Fi 7 MT7925 (2&#215;2), Bluetooth 5.4, Webcam,\u00a0Backlit Kbd., Microsoft Windows 11 Pro (64-bit)<\/p>\n","protected":false},"featured_media":100838,"template":"","meta":[],"product_brand":[26],"product_cat":[1296,1204,1964,1959,1286],"product_tag":[1811],"class_list":{"0":"post-100836","1":"product","2":"type-product","3":"status-publish","4":"has-post-thumbnail","6":"product_brand-hewlett-packard","7":"product_cat-hp-prenosniki","8":"product_cat-prenosniki","9":"product_cat-prenosniki-ultrabook","10":"product_cat-prenosniki-za-poslovno-uporabo","11":"product_cat-priljubljena-iskanja","12":"product_tag-pp","13":"pa_odgovorna-oseba-v-eu-hp-tehnicna-regulativna-ekipa","15":"first","16":"instock","17":"taxable","18":"shipping-taxable","19":"purchasable","20":"product-type-simple"},"_links":{"self":[{"href":"https:\/\/pracek.si\/racunalniskatrgovina\/wp-json\/wp\/v2\/product\/100836","targetHints":{"allow":["GET"]}}],"collection":[{"href":"https:\/\/pracek.si\/racunalniskatrgovina\/wp-json\/wp\/v2\/product"}],"about":[{"href":"https:\/\/pracek.si\/racunalniskatrgovina\/wp-json\/wp\/v2\/types\/product"}],"version-history":[{"count":1,"href":"https:\/\/pracek.si\/racunalniskatrgovina\/wp-json\/wp\/v2\/product\/100836\/revisions"}],"predecessor-version":[{"id":100837,"href":"https:\/\/pracek.si\/racunalniskatrgovina\/wp-json\/wp\/v2\/product\/100836\/revisions\/100837"}],"wp:featuredmedia":[{"embeddable":true,"href":"https:\/\/pracek.si\/racunalniskatrgovina\/wp-json\/wp\/v2\/media\/100838"}],"wp:attachment":[{"href":"https:\/\/pracek.si\/racunalniskatrgovina\/wp-json\/wp\/v2\/media?parent=100836"}],"wp:term":[{"taxonomy":"product_brand","embeddable":true,"href":"https:\/\/pracek.si\/racunalniskatrgovina\/wp-json\/wp\/v2\/product_brand?post=100836"},{"taxonomy":"product_cat","embeddable":true,"href":"https:\/\/pracek.si\/racunalniskatrgovina\/wp-json\/wp\/v2\/product_cat?post=100836"},{"taxonomy":"product_tag","embeddable":true,"href":"https:\/\/pracek.si\/racunalniskatrgovina\/wp-json\/wp\/v2\/product_tag?post=100836"}],"curies":[{"name":"wp","href":"https:\/\/api.w.org\/{rel}","templated":true}]}}