{"id":101019,"date":"2026-04-04T10:21:19","date_gmt":"2026-04-04T09:21:19","guid":{"rendered":"https:\/\/pracek.si\/racunalniskatrgovina\/izdelek\/monitor-hp-series-5-pro-534pm-864-cm-34%e2%80%b3-uwqhd-va-led-100-hz-webcam-ukrivljen\/"},"modified":"2026-04-04T10:21:20","modified_gmt":"2026-04-04T09:21:20","slug":"monitor-hp-series-5-pro-534pm-864-cm-34%e2%80%b3-uwqhd-va-led-100-hz-webcam-ukrivljen","status":"publish","type":"product","link":"https:\/\/pracek.si\/racunalniskatrgovina\/izdelek\/monitor-hp-series-5-pro-534pm-864-cm-34%e2%80%b3-uwqhd-va-led-100-hz-webcam-ukrivljen\/","title":{"rendered":"Monitor HP Series 5 Pro 534pm 86,4 cm (34\u2033) UWQHD VA LED 100 Hz Webcam ukrivljen"},"content":{"rendered":"<p>86,4 cm (34\u2033), 3440 x 1440, 5 ms, HDMI, DisplayPort, 2x USB-C, 1x USB-B, 3x USB-A, LAN, static contrast: 4000:1 \/ dynamic contrast: , 400 cd\/m2, 178\u00b0\/178\u00b0<h2>Odprta embala\u017ea<\/h2>&#13;<br \/>\n<p>Skoraj nobenih znakov obrabe. Tovarni\u0161ka kvaliteta. V ve\u010dini primerov gre za prese\u017eek proizvodnje in neprodane zaloge, pri katerih razlike v primerjavi z novimi napravami niso opazne.<\/p>&#13;<\/p>\n","protected":false},"excerpt":{"rendered":"<p>86,4 cm (34\u2033), 3440 x 1440, 5 ms, HDMI, DisplayPort, 2x USB-C, 1x USB-B, 3x USB-A, LAN, s: 4000:1 \/ d: , 400 cd\/m2, 178\u00b0\/178\u00b0<\/p>\n","protected":false},"featured_media":101021,"template":"","meta":[],"product_brand":[26],"product_cat":[1149],"product_tag":[1811],"class_list":{"0":"post-101019","1":"product","2":"type-product","3":"status-publish","4":"has-post-thumbnail","6":"product_brand-hewlett-packard","7":"product_cat-monitorji","8":"product_tag-pp","9":"pa_odgovorna-oseba-v-eu-hp-tehnicna-regulativna-ekipa","11":"first","12":"instock","13":"taxable","14":"shipping-taxable","15":"purchasable","16":"product-type-simple"},"_links":{"self":[{"href":"https:\/\/pracek.si\/racunalniskatrgovina\/wp-json\/wp\/v2\/product\/101019","targetHints":{"allow":["GET"]}}],"collection":[{"href":"https:\/\/pracek.si\/racunalniskatrgovina\/wp-json\/wp\/v2\/product"}],"about":[{"href":"https:\/\/pracek.si\/racunalniskatrgovina\/wp-json\/wp\/v2\/types\/product"}],"version-history":[{"count":2,"href":"https:\/\/pracek.si\/racunalniskatrgovina\/wp-json\/wp\/v2\/product\/101019\/revisions"}],"predecessor-version":[{"id":101052,"href":"https:\/\/pracek.si\/racunalniskatrgovina\/wp-json\/wp\/v2\/product\/101019\/revisions\/101052"}],"wp:featuredmedia":[{"embeddable":true,"href":"https:\/\/pracek.si\/racunalniskatrgovina\/wp-json\/wp\/v2\/media\/101021"}],"wp:attachment":[{"href":"https:\/\/pracek.si\/racunalniskatrgovina\/wp-json\/wp\/v2\/media?parent=101019"}],"wp:term":[{"taxonomy":"product_brand","embeddable":true,"href":"https:\/\/pracek.si\/racunalniskatrgovina\/wp-json\/wp\/v2\/product_brand?post=101019"},{"taxonomy":"product_cat","embeddable":true,"href":"https:\/\/pracek.si\/racunalniskatrgovina\/wp-json\/wp\/v2\/product_cat?post=101019"},{"taxonomy":"product_tag","embeddable":true,"href":"https:\/\/pracek.si\/racunalniskatrgovina\/wp-json\/wp\/v2\/product_tag?post=101019"}],"curies":[{"name":"wp","href":"https:\/\/api.w.org\/{rel}","templated":true}]}}