{"id":101083,"date":"2026-04-04T10:10:50","date_gmt":"2026-04-04T09:10:50","guid":{"rendered":"https:\/\/pracek.si\/racunalniskatrgovina\/izdelek\/prenosnik-dell-precision-15-3551-i7-ram-32-gb-ssd-disk-156%e2%80%b3-fhd\/"},"modified":"2026-04-04T10:10:50","modified_gmt":"2026-04-04T09:10:50","slug":"prenosnik-dell-precision-15-3551-i7-ram-32-gb-ssd-disk-156%e2%80%b3-fhd","status":"publish","type":"product","link":"https:\/\/pracek.si\/racunalniskatrgovina\/izdelek\/prenosnik-dell-precision-15-3551-i7-ram-32-gb-ssd-disk-156%e2%80%b3-fhd\/","title":{"rendered":"Prenosnik Dell Precision 15 3551 \/ i7 \/ RAM 32 GB \/ SSD Disk \/ 15,6\u2033 FHD"},"content":{"rendered":"<p>Eleganten in visoko zmogljiv prenosnik Dell Precision 15 3551 vam ponuja odli\u010dno razmerje med kakovostjo in zmogljivostjo. Namenjen je tistim, ki potrebujejo zanesljivo napravo za zahtevne aplikacije in naloge pri delu ali \u0161tudiju. S svojo robustno zasnovo in naprednimi tehni\u010dnimi lastnostmi bo zadovoljil potrebe tudi najbolj zahtevnih uporabnikov.<\/p>\n<p><H2>Najve\u010dje prednosti<\/H2><br \/>\n<ul><br \/>\n    <li>Zmogljivost s procesorjem Intel\u00ae Core\u2122 i7 in grafiko NVIDIA Quadro, ki omogo\u010data nemoteno ve\u010dopravilnost in izjemno grafi\u010dno zmogljivost.<\/li><br \/>\n    <li>Prostran 15,6\u2033 FHD matiran zaslon za jasen prikaz ne glede na svetlobne pogoje.<\/li><br \/>\n    <li>Hiter NVMe SSD disk <b>znatno pospe\u0161i zagon sistema in aplikacij<\/b>, kar omogo\u010da ve\u010djo produktivnost.<\/li><br \/>\n    <li>Lahka raz\u0161iritev pomnilnika in prostora za shranjevanje zadovoljuje prihodnje potrebe po nadgradnjah.<\/li><br \/>\n    <li>Povezljivost vklju\u010duje HDMI, Thunderbolt ter ve\u010d USB vhodov za vsestransko uporabo.<\/li><br \/>\n<\/ul><\/p>\n<p><H2>Kdo kupuje ta izdelek<\/H2><br \/>\nIdealen za profesionalce v ustvarjalnih industrijah, kot so oblikovalci, arhitekti, in\u017eenirji ter razvijalci programske opreme, ki potrebujejo zanesljivo napravo za delo z zahtevnimi programskimi orodji. Prav tako je primeren za poslovne uporabnike, ki zahtevajo trpe\u017enost in visoko zmogljivost.<\/p>\n<p><H2>Mo\u017enosti nadgradnje<\/H2><br \/>\nPrenosnik omogo\u010da preproste nadgradnje pomnilnika in diska, kar omogo\u010da prilagoditev glede na prihodnje potrebe uporabnika. Pred izvedbo nadgradnje se vedno posvetujte s strokovnjakom.<\/p>\n<p><H2>Zakaj izbrati obnovljeno napravo<\/H2><br \/>\nIzbira obnovljene naprave je pametna odlo\u010ditev zaradi ve\u010d razlogov. Prenosnik je bil skrbno obnovljen s strokovno storitvijo obnove, ki zagotavlja, da izdelek ustreza visokim standardom kakovostnih ocen. Z izbiro obnovljene naprave prispevate k trajnostnemu razvoju in izjemni vrednosti za svojo ceno. Ne samo da var\u010dujete finan\u010dno, ampak tudi prispevate k zmanj\u0161anju elektronskih odpadkov in ohranitvi naravnih virov.<h2>B- Kakovost<\/h2>&#13;<br \/>\n<p>Izraziti znaki obrabe. Za tiste, ki jim funkcionalnost pomeni ve\u010d kot izgled. Ohi\u0161je lahko vsebuje opaznej\u0161e nepravilnosti, kot so vidne po\u0161kodbe, praske ali udrtine. Zasloni so funkcionalni, vendar lahko vsebujejo ve\u010d napak.<\/p><\/p>\n","protected":false},"excerpt":{"rendered":"<p>Intel\u00ae Core\u2122 i7-10850H \/ 2,70 &#8211; 4,90 GHz \/ Hexa-Core \/ 5,10 GHz TurboBoost, 32 GB DDR4 SODIMM, 512 GB NVME SSD, 39,6 cm (15,6\u2033), Matiran (AntiGlare, matt), FHD 1920 x 1080, NVIDIA Quadro P620 \/ Intel UHD Graphics 630, HDMI, Thunderbolt, 3x USB, backlit_kb, Card reader, bluetooth, No OS Installed &#8211; Win10P COA<\/p>\n","protected":false},"featured_media":101085,"template":"","meta":[],"product_brand":[21],"product_cat":[1290,1300,1204,1963,1301,1297,1959,1286,1224],"product_tag":[1811],"class_list":{"0":"post-101083","1":"product","2":"type-product","3":"status-publish","4":"has-post-thumbnail","6":"product_brand-dell","7":"product_cat-dell-prenosniki","8":"product_cat-delovne-postaje","9":"product_cat-prenosniki","10":"product_cat-prenosniki-delovne-postaje","11":"product_cat-prenosniki-15-palcni","12":"product_cat-prenosniki-i7","13":"product_cat-prenosniki-za-poslovno-uporabo","14":"product_cat-priljubljena-iskanja","15":"product_cat-rabljeni-prenosniki","16":"product_tag-pp","17":"pa_odgovorna-oseba-v-eu-dell-tehnicna-regulativna-ekipa","19":"first","20":"instock","21":"taxable","22":"shipping-taxable","23":"purchasable","24":"product-type-simple"},"_links":{"self":[{"href":"https:\/\/pracek.si\/racunalniskatrgovina\/wp-json\/wp\/v2\/product\/101083","targetHints":{"allow":["GET"]}}],"collection":[{"href":"https:\/\/pracek.si\/racunalniskatrgovina\/wp-json\/wp\/v2\/product"}],"about":[{"href":"https:\/\/pracek.si\/racunalniskatrgovina\/wp-json\/wp\/v2\/types\/product"}],"version-history":[{"count":1,"href":"https:\/\/pracek.si\/racunalniskatrgovina\/wp-json\/wp\/v2\/product\/101083\/revisions"}],"predecessor-version":[{"id":101084,"href":"https:\/\/pracek.si\/racunalniskatrgovina\/wp-json\/wp\/v2\/product\/101083\/revisions\/101084"}],"wp:featuredmedia":[{"embeddable":true,"href":"https:\/\/pracek.si\/racunalniskatrgovina\/wp-json\/wp\/v2\/media\/101085"}],"wp:attachment":[{"href":"https:\/\/pracek.si\/racunalniskatrgovina\/wp-json\/wp\/v2\/media?parent=101083"}],"wp:term":[{"taxonomy":"product_brand","embeddable":true,"href":"https:\/\/pracek.si\/racunalniskatrgovina\/wp-json\/wp\/v2\/product_brand?post=101083"},{"taxonomy":"product_cat","embeddable":true,"href":"https:\/\/pracek.si\/racunalniskatrgovina\/wp-json\/wp\/v2\/product_cat?post=101083"},{"taxonomy":"product_tag","embeddable":true,"href":"https:\/\/pracek.si\/racunalniskatrgovina\/wp-json\/wp\/v2\/product_tag?post=101083"}],"curies":[{"name":"wp","href":"https:\/\/api.w.org\/{rel}","templated":true}]}}