{"id":101488,"date":"2026-04-03T21:02:25","date_gmt":"2026-04-03T20:02:25","guid":{"rendered":"https:\/\/pracek.si\/racunalniskatrgovina\/izdelek\/prenosnik-lenovo-thinkpad-l14-g2-i7-ram-8-gb-ssd-disk-140%e2%80%b3-fhd-6\/"},"modified":"2026-04-03T21:02:25","modified_gmt":"2026-04-03T20:02:25","slug":"prenosnik-lenovo-thinkpad-l14-g2-i7-ram-8-gb-ssd-disk-140%e2%80%b3-fhd-6","status":"publish","type":"product","link":"https:\/\/pracek.si\/racunalniskatrgovina\/izdelek\/prenosnik-lenovo-thinkpad-l14-g2-i7-ram-8-gb-ssd-disk-140%e2%80%b3-fhd-6\/","title":{"rendered":"Prenosnik Lenovo ThinkPad L14 G2 \/ i7 \/ RAM 8 GB \/ SSD Disk \/ 14,0\u2033 FHD"},"content":{"rendered":"<p>Prenosnik Lenovo ThinkPad L14 G2 je zanesljiva naprava, ki zdru\u017euje zmogljivost in prenosljivost v elegantnem dizajnu. Idealna izbira za vse, ki i\u0161\u010dejo u\u010dinkovito orodje za delo ali osebno rabo.<\/p>\n<p>&lt;H2&gt;Najve\u010dje prednosti&lt;\/H2&gt;<br \/>\nLenovo ThinkPad L14 G2 ponuja \u0161iroko paleto funkcij, ki so kot nala\u0161\u010d za dinami\u010dne strokovnjake in \u0161tudente. Z Intel procesorjem v notranjosti zagotavlja izjemno zmogljivost za vse va\u0161e naloge.<br \/>\n&lt;ul&gt;<br \/>\n&lt;li&gt;&lt;b&gt;14-pal\u010dni mat zaslon&lt;\/b&gt;: U\u017eivajte v gledanju brez ble\u0161\u010danja in prihranite o\u010di med dolgotrajnim delom.&lt;\/li&gt;<br \/>\n&lt;li&gt;&lt;b&gt;Zmogljiva grafika&lt;\/b&gt;: Intel\u00ae Iris\u00ae Xe zagotavlja osupljive vizualne u\u010dinke, idealne za ustvarjalne projekte.&lt;\/li&gt;<br \/>\n&lt;li&gt;&lt;b&gt;Vrhunske povezave&lt;\/b&gt;: Opremljen z vhodom USB-C, Thunderboltom in HDMI, ki omogo\u010dajo hitro povezljivost in enostavno raz\u0161iritev funkcionalnosti naprave.&lt;\/li&gt;<br \/>\n&lt;li&gt;&lt;b&gt;Osvetljena tipkovnica&lt;\/b&gt;: Olaj\u0161a delo v slab\u0161ih svetlobnih pogojih.&lt;\/li&gt;<br \/>\n&lt;li&gt;&lt;b&gt;Hiter NVMe SSD&lt;\/b&gt;: Zagotavlja hitrej\u0161e zagonske \u010dase in pretakanje podatkov.&lt;\/li&gt;<br \/>\n&lt;\/ul&gt;<\/p>\n<p>&lt;H2&gt;Kdo kupuje ta izdelek&lt;\/H2&gt;<br \/>\nTa prenosnik je kot nala\u0161\u010d za posameznike v poslovnem svetu, IT strokovnjake ter \u0161tudente, ki potrebujejo zanesljivo in zmogljivo napravo za vsakodnevne naloge. U\u017eivali ga bodo tudi kreativni profesionalci, ki potrebujejo zmogljivo grafiko za svoje delo.<\/p>\n<p>&lt;H2&gt;Mo\u017enosti nadgradnje&lt;\/H2&gt;<br \/>\nLenovo ThinkPad L14 G2 omogo\u010da raz\u0161iritev spomina in diska, kar pomeni, da ga lahko prilagodite svojim potrebam po ve\u010dji zmogljivosti, ko se va\u0161i zahtevki pove\u010dajo. &lt;b&gt;Pred izvedbo nadgradnje se vedno posvetujte s strokovnjakom.&lt;\/b&gt;<\/p>\n<p>&lt;H2&gt;Zakaj izbrati obnovljeno napravo&lt;\/H2&gt;<br \/>\nIzbira obnovljenega prenosnika ni le okolju prijazna, ampak tudi pametna odlo\u010ditev iz finan\u010dnega vidika. Vsak prenosnik je temeljito pregledan in obnovljen z visoko strokovno storitvijo, kar zagotavlja dolgotrajno zanesljivost. Standardiziran sistem kakovostnih ocen zagotavlja, da izdelek izpolnjuje najbolj\u0161e standarde, obenem pa nudi odli\u010dno vrednost za va\u0161 denar.&lt;h2&gt;B- Kakovost&lt;\/h2&gt;&#13;<br \/>\n&lt;p&gt;Izraziti znaki obrabe. Za tiste, ki jim funkcionalnost pomeni ve\u010d kot izgled. Ohi\u0161je lahko vsebuje opaznej\u0161e nepravilnosti, kot so vidne po\u0161kodbe, praske ali udrtine. Zasloni so funkcionalni, vendar lahko vsebujejo ve\u010d napak.&lt;\/p&gt;<\/p>\n","protected":false},"excerpt":{"rendered":"<p>Intel\u00ae Core\u2122 i7-1185G7 \/ 1,2 &#8211; 3,0 GHz \/ Quad-Core (4C\/8T) \/ Turbo Speed 4,8 GHz, 8 GB DDR4 SODIMM, 256 GB NVME SSD, 35,6 cm (14,0\u2033), Matiran (AntiGlare, matt), Touch, FHD 1920 x 1080, Intel Iris Xe Graphics, HDMI, USB-C, Thunderbolt, 2x USB, backlit_kb, Card reader, No OS Installed &#8211; Win10P COA<\/p>\n","protected":false},"featured_media":101180,"template":"","meta":[],"product_brand":[18],"product_cat":[1299,1204,1297,1959,1286,1224],"product_tag":[1811],"class_list":{"0":"post-101488","1":"product","2":"type-product","3":"status-publish","4":"has-post-thumbnail","6":"product_brand-lenovo","7":"product_cat-lenovo-prenosniki","8":"product_cat-prenosniki","9":"product_cat-prenosniki-i7","10":"product_cat-prenosniki-za-poslovno-uporabo","11":"product_cat-priljubljena-iskanja","12":"product_cat-rabljeni-prenosniki","13":"product_tag-pp","14":"pa_odgovorna-oseba-v-eu-lenovo-tehnicna-regulativna-ekipa","16":"first","17":"instock","18":"taxable","19":"shipping-taxable","20":"purchasable","21":"product-type-simple"},"_links":{"self":[{"href":"https:\/\/pracek.si\/racunalniskatrgovina\/wp-json\/wp\/v2\/product\/101488","targetHints":{"allow":["GET"]}}],"collection":[{"href":"https:\/\/pracek.si\/racunalniskatrgovina\/wp-json\/wp\/v2\/product"}],"about":[{"href":"https:\/\/pracek.si\/racunalniskatrgovina\/wp-json\/wp\/v2\/types\/product"}],"version-history":[{"count":1,"href":"https:\/\/pracek.si\/racunalniskatrgovina\/wp-json\/wp\/v2\/product\/101488\/revisions"}],"predecessor-version":[{"id":101489,"href":"https:\/\/pracek.si\/racunalniskatrgovina\/wp-json\/wp\/v2\/product\/101488\/revisions\/101489"}],"wp:featuredmedia":[{"embeddable":true,"href":"https:\/\/pracek.si\/racunalniskatrgovina\/wp-json\/wp\/v2\/media\/101180"}],"wp:attachment":[{"href":"https:\/\/pracek.si\/racunalniskatrgovina\/wp-json\/wp\/v2\/media?parent=101488"}],"wp:term":[{"taxonomy":"product_brand","embeddable":true,"href":"https:\/\/pracek.si\/racunalniskatrgovina\/wp-json\/wp\/v2\/product_brand?post=101488"},{"taxonomy":"product_cat","embeddable":true,"href":"https:\/\/pracek.si\/racunalniskatrgovina\/wp-json\/wp\/v2\/product_cat?post=101488"},{"taxonomy":"product_tag","embeddable":true,"href":"https:\/\/pracek.si\/racunalniskatrgovina\/wp-json\/wp\/v2\/product_tag?post=101488"}],"curies":[{"name":"wp","href":"https:\/\/api.w.org\/{rel}","templated":true}]}}