{"id":101500,"date":"2026-04-04T10:12:17","date_gmt":"2026-04-04T09:12:17","guid":{"rendered":"https:\/\/pracek.si\/racunalniskatrgovina\/izdelek\/prenosnik-lenovo-thinkpad-t480s-i7-ram-16-gb-ssd-disk-140%e2%80%b3-fhd-2\/"},"modified":"2026-04-04T10:12:30","modified_gmt":"2026-04-04T09:12:30","slug":"prenosnik-lenovo-thinkpad-t480s-i7-ram-16-gb-ssd-disk-140%e2%80%b3-fhd-2","status":"publish","type":"product","link":"https:\/\/pracek.si\/racunalniskatrgovina\/izdelek\/prenosnik-lenovo-thinkpad-t480s-i7-ram-16-gb-ssd-disk-140%e2%80%b3-fhd-2\/","title":{"rendered":"Prenosnik Lenovo ThinkPad T480S \/ i7 \/ RAM 16 GB \/ SSD Disk \/ 14,0\u2033 FHD"},"content":{"rendered":"<p>Eleganten in zmogljiv prenosnik Lenovo ThinkPad T480S je idealna izbira za vse, ki i\u0161\u010dejo zanesljivo napravo z vrhunsko zmogljivostjo in robustno zasnovo. Ta prenosnik zdru\u017euje optimalno delovanje, priro\u010dnost in trajnost, kar je popolna kombinacija za sodobne uporabnike.<\/p>\n<p>&lt;H2&gt;Najve\u010dje prednosti&lt;\/H2&gt;<br \/>\nLenovo ThinkPad T480S se pona\u0161a z impresivnimi funkcionalnimi lastnostmi, kot so:<br \/>\n&lt;ul&gt;<br \/>\n&lt;li&gt;Lahek in tanek dizajn, ki omogo\u010da enostavno prenosljivost in uporabo na poti.&lt;\/li&gt;<br \/>\n&lt;li&gt;14,0&quot; FHD mat zaslon, ki omogo\u010da &lt;b&gt;jasno in zanesljivo bralno izku\u0161njo&lt;\/b&gt; z manj ble\u0161\u010danja.&lt;\/li&gt;<br \/>\n&lt;li&gt;Vgrajena zmogljivost procesorja, kar zagotavlja hitro in u\u010dinkovito izvajanje nalog.&lt;\/li&gt;<br \/>\n&lt;li&gt;Visoko hitrost dostopa do podatkov zahvaljujo\u010d &lt;b&gt;NVMe SSD disku&lt;\/b&gt;, kar \u0161e dodatno pospe\u0161i delovanje sistema.&lt;\/li&gt;<br \/>\n&lt;li&gt;Osvetljena tipkovnica za nemoteno delo, tudi v slab\u0161ih svetlobnih pogojih.&lt;\/li&gt;<br \/>\n&lt;li&gt;Bogata povezljivost z ve\u010d vrati, vklju\u010dno s HDMI, USB-C in Thunderbolt.&lt;\/li&gt;<br \/>\n&lt;\/ul&gt;<\/p>\n<p>&lt;H2&gt;Kdo kupuje ta izdelek&lt;\/H2&gt;<br \/>\nLenovo ThinkPad T480S je namenjen profesionalcem, poslovne\u017eem in \u0161tudentom, ki potrebujejo zanesljivo orodje za dnevne delovne zahteve. S svojo robustno zasnovo in izjemno zmogljivostjo o\u010dara tako tiste, ki delajo v pisarnah kot tiste, ki so stalno na poti.<\/p>\n<p>&lt;H2&gt;Mo\u017enosti nadgradnje&lt;\/H2&gt;<br \/>\nPrenosnik omogo\u010da nadgradnjo diska in pomnilnika, s \u010dimer se prilagaja posebnim potrebam uporabnikov. &lt;b&gt;Pred izvedbo nadgradnje se vedno posvetujte s strokovnjakom.&lt;\/b&gt;<\/p>\n<p>&lt;H2&gt;Zakaj izbrati obnovljeno napravo&lt;\/H2&gt;<br \/>\nObnova naprave zagotavlja, da je vsak prenosnik skrbno preverjen in obnovljen s strani strokovnjakov, da se dose\u017ee visoka stopnja kakovosti. Poleg tega, da omogo\u010da bolj\u0161o dostopnost zaradi ugodnej\u0161e cene, prina\u0161a tudi &lt;b&gt;pozitiven prispevek k ohranjanju okolja&lt;\/b&gt; z zmanj\u0161anjem elektronskih odpadkov. Standardiziran sistem ocen kakovosti pa vam zagotavlja dodatno brezskrbnost pri nakupu obnovljene naprave.&lt;h2&gt;A- Kakovost&lt;\/h2&gt;&#13;<br \/>\n&lt;p&gt;Znaki obrabe. Najbolj\u0161e razmerje med kvaliteto in ceno. Ohi\u0161je lahko vsebuje manj\u0161e nepravilnosti, kot so vidne praske, ki pa ne vplivajo na delovanje naprave. Zasloni imajo lahko rahle nepravilnosti, ki so nekoliko opazne, vendar ne motijo uporabni\u0161ke izku\u0161nje.&lt;\/p&gt;<\/p>\n","protected":false},"excerpt":{"rendered":"<p>Intel\u00ae Core\u2122 i7-8550U \/ 1.8 GHz \/ Quad-Core \/ Turbo Boost 4.0 GHz, 16 GB DDR4 SODIMM, 512 GB NVME SSD, 35,6 cm (14,0\u2033), Matiran (AntiGlare, matt), Touch, FHD 1920 x 1080, Intel UHD Graphics 620, HDMI, USB-C, Thunderbolt, 2x USB, backlit_kb, Card reader, bluetooth, No OS Installed &#8211; Win10H COA<\/p>\n","protected":false},"featured_media":101120,"template":"","meta":[],"product_brand":[18],"product_cat":[1299,1204,1297,1964,1958,1959,1286,1224],"product_tag":[1811],"class_list":{"0":"post-101500","1":"product","2":"type-product","3":"status-publish","4":"has-post-thumbnail","6":"product_brand-lenovo","7":"product_cat-lenovo-prenosniki","8":"product_cat-prenosniki","9":"product_cat-prenosniki-i7","10":"product_cat-prenosniki-ultrabook","11":"product_cat-prenosniki-za-domaco-uporabo","12":"product_cat-prenosniki-za-poslovno-uporabo","13":"product_cat-priljubljena-iskanja","14":"product_cat-rabljeni-prenosniki","15":"product_tag-pp","16":"pa_odgovorna-oseba-v-eu-lenovo-tehnicna-regulativna-ekipa","18":"first","19":"instock","20":"taxable","21":"shipping-taxable","22":"purchasable","23":"product-type-simple"},"_links":{"self":[{"href":"https:\/\/pracek.si\/racunalniskatrgovina\/wp-json\/wp\/v2\/product\/101500","targetHints":{"allow":["GET"]}}],"collection":[{"href":"https:\/\/pracek.si\/racunalniskatrgovina\/wp-json\/wp\/v2\/product"}],"about":[{"href":"https:\/\/pracek.si\/racunalniskatrgovina\/wp-json\/wp\/v2\/types\/product"}],"version-history":[{"count":1,"href":"https:\/\/pracek.si\/racunalniskatrgovina\/wp-json\/wp\/v2\/product\/101500\/revisions"}],"predecessor-version":[{"id":101501,"href":"https:\/\/pracek.si\/racunalniskatrgovina\/wp-json\/wp\/v2\/product\/101500\/revisions\/101501"}],"wp:featuredmedia":[{"embeddable":true,"href":"https:\/\/pracek.si\/racunalniskatrgovina\/wp-json\/wp\/v2\/media\/101120"}],"wp:attachment":[{"href":"https:\/\/pracek.si\/racunalniskatrgovina\/wp-json\/wp\/v2\/media?parent=101500"}],"wp:term":[{"taxonomy":"product_brand","embeddable":true,"href":"https:\/\/pracek.si\/racunalniskatrgovina\/wp-json\/wp\/v2\/product_brand?post=101500"},{"taxonomy":"product_cat","embeddable":true,"href":"https:\/\/pracek.si\/racunalniskatrgovina\/wp-json\/wp\/v2\/product_cat?post=101500"},{"taxonomy":"product_tag","embeddable":true,"href":"https:\/\/pracek.si\/racunalniskatrgovina\/wp-json\/wp\/v2\/product_tag?post=101500"}],"curies":[{"name":"wp","href":"https:\/\/api.w.org\/{rel}","templated":true}]}}