{"id":101509,"date":"2026-04-04T10:16:20","date_gmt":"2026-04-04T09:16:20","guid":{"rendered":"https:\/\/pracek.si\/racunalniskatrgovina\/izdelek\/prenosnik-dell-latitude-3420-i7-ram-16-gb-ssd-disk-140%e2%80%b3-fhd\/"},"modified":"2026-04-04T10:16:25","modified_gmt":"2026-04-04T09:16:25","slug":"prenosnik-dell-latitude-3420-i7-ram-16-gb-ssd-disk-140%e2%80%b3-fhd","status":"publish","type":"product","link":"https:\/\/pracek.si\/racunalniskatrgovina\/izdelek\/prenosnik-dell-latitude-3420-i7-ram-16-gb-ssd-disk-140%e2%80%b3-fhd\/","title":{"rendered":"Prenosnik Dell Latitude 3420 \/ i7 \/ RAM 16 GB \/ SSD Disk \/ 14,0\u2033 FHD"},"content":{"rendered":"<p>Dell Latitude 3420 je prenosnik, ki zdru\u017euje zmogljivost in prenosljivost v elegantnem ohi\u0161ju. Njegov 14,0-pal\u010dni FHD zaslon s tehnologijo AntiGlare zagotavlja jasno in matirano sliko, ki zmanj\u0161uje ble\u0161\u010danje in omogo\u010da udobno uporabo tudi v svetlej\u0161em okolju. Z notranjostjo, zasnovano za ve\u010dopravilnost, in obse\u017enim pomnilni\u0161kim prostorom je ta naprava primerna za najzahtevnej\u0161e naloge.<\/p>\n<p>&lt;H2&gt;Najve\u010dje prednosti&lt;\/H2&gt;<br \/>\n&lt;ul&gt;<br \/>\n  &lt;li&gt;Vrhunski &lt;b&gt;prenosnik z i7 procesorjem&lt;\/b&gt; za brezhibno delovanje.&lt;\/li&gt;<br \/>\n  &lt;li&gt;&lt;b&gt;16 GB DDR4 RAM&lt;\/b&gt; zagotavlja nemoteno ve\u010dopravilnost.&lt;\/li&gt;<br \/>\n  &lt;li&gt;Raz\u0161irljiv &lt;b&gt;512 GB NVMe SSD&lt;\/b&gt; za hiter dostop do podatkov in ve\u010djo zmogljivost.&lt;\/li&gt;<br \/>\n  &lt;li&gt;&lt;b&gt;Matiran FHD zaslon&lt;\/b&gt; za jasnost slike brez ble\u0161\u010danja.&lt;\/li&gt;<br \/>\n  &lt;li&gt;Elegantna oblika z mo\u010dno povezljivostjo: &lt;b&gt;HDMI, trije USB vhodi, Bluetooth&lt;\/b&gt; in vgrajen \u010ditalec kartic.&lt;\/li&gt;<br \/>\n&lt;\/ul&gt;<\/p>\n<p>&lt;H2&gt;Kdo kupuje ta izdelek&lt;\/H2&gt;<br \/>\nDell Latitude 3420 je popolna izbira za poslovne\u017ee, strokovnjake ter \u0161tudente, ki potrebujejo zanesljivo napravo za zahtevna in raznolika opravila. Zahvaljujo\u010d svoji vsestranskosti in zmogljivosti je idealen za vse, ki se znotraj hitrega delovnega okolja sre\u010dujejo z ve\u010dopravilnostjo.<\/p>\n<p>&lt;H2&gt;Mo\u017enosti nadgradnje&lt;\/H2&gt;<br \/>\nLatitude 3420 je zasnovan z mislijo na prihodnost, saj omogo\u010da enostavne nadgradnje pomnilnika in diska. Z mo\u017enostmi za prilagoditev zmogljivosti vam nudi svobodo pri prilagajanju glede na va\u0161e potrebe. Pred izvedbo nadgradnje se vedno posvetujte s strokovnjakom.<\/p>\n<p>&lt;H2&gt;Zakaj izbrati obnovljeno napravo&lt;\/H2&gt;<br \/>\nSprejmite pametno odlo\u010ditev z izbiro obnovljene naprave, ki je bila dele\u017ena strokovne obnove v skladu s strogimi standardi kakovosti. S tem korakom ne le podalj\u0161ujete \u017eivljenjsko dobo visoko zmogljivih naprav, temve\u010d prispevate tudi k zmanj\u0161anju okoljskih obremenitev. Obnova prina\u0161a odli\u010dno razmerje med ceno in vrednostjo, ne da bi morali \u017ertvovati kakovost ali zmogljivost.<\/p>\n<p>Dell Latitude 3420 s svojo kombinacijo zmogljivost, trpe\u017enost in prilagodljivost postavlja visoke standarde, ne glede na to, ali ste na terenu ali v pisarni.&lt;h2&gt;B- Kakovost&lt;\/h2&gt;&#13;<br \/>\n&lt;p&gt;Izraziti znaki obrabe. Za tiste, ki jim funkcionalnost pomeni ve\u010d kot izgled. Ohi\u0161je lahko vsebuje opaznej\u0161e nepravilnosti, kot so vidne po\u0161kodbe, praske ali udrtine. Zasloni so funkcionalni, vendar lahko vsebujejo ve\u010d napak.&lt;\/p&gt;<\/p>\n","protected":false},"excerpt":{"rendered":"<p>Intel Core i7 -1165G7 2,80 GHz (12M Cache, do 4,70 GHz, 4 jedra), 16 GB DDR4 SODIMM, 512 GB NVME SSD, 35,6 cm (14,0\u2033), Matiran (AntiGlare, matt), FHD 1920 x 1080, Intel Iris Xe Graphics, HDMI, 3x USB, backlit_kb, Card reader, bluetooth, No OS Installed &#8211; Win10P COA<\/p>\n","protected":false},"featured_media":101511,"template":"","meta":[],"product_brand":[21],"product_cat":[1290,1204,1297,1286,1224],"product_tag":[1811],"class_list":{"0":"post-101509","1":"product","2":"type-product","3":"status-publish","4":"has-post-thumbnail","6":"product_brand-dell","7":"product_cat-dell-prenosniki","8":"product_cat-prenosniki","9":"product_cat-prenosniki-i7","10":"product_cat-priljubljena-iskanja","11":"product_cat-rabljeni-prenosniki","12":"product_tag-pp","13":"pa_odgovorna-oseba-v-eu-dell-tehnicna-regulativna-ekipa","15":"first","16":"instock","17":"taxable","18":"shipping-taxable","19":"purchasable","20":"product-type-simple"},"_links":{"self":[{"href":"https:\/\/pracek.si\/racunalniskatrgovina\/wp-json\/wp\/v2\/product\/101509","targetHints":{"allow":["GET"]}}],"collection":[{"href":"https:\/\/pracek.si\/racunalniskatrgovina\/wp-json\/wp\/v2\/product"}],"about":[{"href":"https:\/\/pracek.si\/racunalniskatrgovina\/wp-json\/wp\/v2\/types\/product"}],"version-history":[{"count":1,"href":"https:\/\/pracek.si\/racunalniskatrgovina\/wp-json\/wp\/v2\/product\/101509\/revisions"}],"predecessor-version":[{"id":101510,"href":"https:\/\/pracek.si\/racunalniskatrgovina\/wp-json\/wp\/v2\/product\/101509\/revisions\/101510"}],"wp:featuredmedia":[{"embeddable":true,"href":"https:\/\/pracek.si\/racunalniskatrgovina\/wp-json\/wp\/v2\/media\/101511"}],"wp:attachment":[{"href":"https:\/\/pracek.si\/racunalniskatrgovina\/wp-json\/wp\/v2\/media?parent=101509"}],"wp:term":[{"taxonomy":"product_brand","embeddable":true,"href":"https:\/\/pracek.si\/racunalniskatrgovina\/wp-json\/wp\/v2\/product_brand?post=101509"},{"taxonomy":"product_cat","embeddable":true,"href":"https:\/\/pracek.si\/racunalniskatrgovina\/wp-json\/wp\/v2\/product_cat?post=101509"},{"taxonomy":"product_tag","embeddable":true,"href":"https:\/\/pracek.si\/racunalniskatrgovina\/wp-json\/wp\/v2\/product_tag?post=101509"}],"curies":[{"name":"wp","href":"https:\/\/api.w.org\/{rel}","templated":true}]}}