{"id":101567,"date":"2026-04-04T10:18:54","date_gmt":"2026-04-04T09:18:54","guid":{"rendered":"https:\/\/pracek.si\/racunalniskatrgovina\/izdelek\/tablica-lenovo-tab-m11-helio-g88-4gb-ram-128-gb-279-cm-11%e2%80%b3\/"},"modified":"2026-04-04T10:19:08","modified_gmt":"2026-04-04T09:19:08","slug":"tablica-lenovo-tab-m11-helio-g88-4gb-ram-128-gb-279-cm-11%e2%80%b3","status":"publish","type":"product","link":"https:\/\/pracek.si\/racunalniskatrgovina\/izdelek\/tablica-lenovo-tab-m11-helio-g88-4gb-ram-128-gb-279-cm-11%e2%80%b3\/","title":{"rendered":"Tablica Lenovo Tab M11 Helio G88 4GB RAM\/128 GB 27,9 cm (11\u2033)"},"content":{"rendered":"<p>MediaTek Helio G88 (2x A75@2,0 GHz + 6x A55 @1,8GHz), ARM Mali-G52 MC2 Graphics, 4\u00a0GB LPDDR4x, 128 GB eMMC,\u00a027,9 cm (11\u2033) WUXGA (1920&#215;1200) Touch IPS 90Hz, 1x USB-C 2.0, Wi-Fi 5, Bluetooth 5.1,\u00a0microSD Card,\u00a08MP+8MP\u00a0Webcam, GPS, 7040 mAh Li-Ion, Google Android 13+&lt;h2&gt;Odprta embala\u017ea&lt;\/h2&gt;&#13;<br \/>\n&lt;p&gt;Skoraj nobenih znakov obrabe. Tovarni\u0161ka kvaliteta. V ve\u010dini primerov gre za prese\u017eek proizvodnje in neprodane zaloge, pri katerih razlike v primerjavi z novimi napravami niso opazne.&lt;\/p&gt;&#13;<\/p>\n","protected":false},"excerpt":{"rendered":"<p>MediaTek Helio G88 (2x A75@2,0 GHz + 6x A55 @1,8GHz), ARM Mali-G52 MC2 Graphics, 4\u00a0GB LPDDR4x, 128 GB eMMC,\u00a027,9 cm (11\u2033) WUXGA (1920&#215;1200) Touch IPS 90Hz, 1x USB-C 2.0, Wi-Fi 5, Bluetooth 5.1,\u00a0microSD Card,\u00a08MP+8MP\u00a0Webcam, GPS, 7040 mAh Li-Ion, Google Android 13+<\/p>\n","protected":false},"featured_media":101569,"template":"","meta":[],"product_brand":[18],"product_cat":[1238,1239],"product_tag":[1811],"class_list":{"0":"post-101567","1":"product","2":"type-product","3":"status-publish","4":"has-post-thumbnail","6":"product_brand-lenovo","7":"product_cat-tablice","8":"product_cat-tablice-in-telefoni","9":"product_tag-pp","10":"pa_odgovorna-oseba-v-eu-lenovo-tehnicna-regulativna-ekipa","12":"first","13":"instock","14":"taxable","15":"shipping-taxable","16":"purchasable","17":"product-type-simple"},"_links":{"self":[{"href":"https:\/\/pracek.si\/racunalniskatrgovina\/wp-json\/wp\/v2\/product\/101567","targetHints":{"allow":["GET"]}}],"collection":[{"href":"https:\/\/pracek.si\/racunalniskatrgovina\/wp-json\/wp\/v2\/product"}],"about":[{"href":"https:\/\/pracek.si\/racunalniskatrgovina\/wp-json\/wp\/v2\/types\/product"}],"version-history":[{"count":1,"href":"https:\/\/pracek.si\/racunalniskatrgovina\/wp-json\/wp\/v2\/product\/101567\/revisions"}],"predecessor-version":[{"id":101568,"href":"https:\/\/pracek.si\/racunalniskatrgovina\/wp-json\/wp\/v2\/product\/101567\/revisions\/101568"}],"wp:featuredmedia":[{"embeddable":true,"href":"https:\/\/pracek.si\/racunalniskatrgovina\/wp-json\/wp\/v2\/media\/101569"}],"wp:attachment":[{"href":"https:\/\/pracek.si\/racunalniskatrgovina\/wp-json\/wp\/v2\/media?parent=101567"}],"wp:term":[{"taxonomy":"product_brand","embeddable":true,"href":"https:\/\/pracek.si\/racunalniskatrgovina\/wp-json\/wp\/v2\/product_brand?post=101567"},{"taxonomy":"product_cat","embeddable":true,"href":"https:\/\/pracek.si\/racunalniskatrgovina\/wp-json\/wp\/v2\/product_cat?post=101567"},{"taxonomy":"product_tag","embeddable":true,"href":"https:\/\/pracek.si\/racunalniskatrgovina\/wp-json\/wp\/v2\/product_tag?post=101567"}],"curies":[{"name":"wp","href":"https:\/\/api.w.org\/{rel}","templated":true}]}}