{"id":101604,"date":"2026-04-04T10:02:13","date_gmt":"2026-04-04T09:02:13","guid":{"rendered":"https:\/\/pracek.si\/racunalniskatrgovina\/izdelek\/monitor-lenovo-thinkvision-t24i-10-lcd-5\/"},"modified":"2026-04-04T10:02:14","modified_gmt":"2026-04-04T09:02:14","slug":"monitor-lenovo-thinkvision-t24i-10-lcd-5","status":"publish","type":"product","link":"https:\/\/pracek.si\/racunalniskatrgovina\/izdelek\/monitor-lenovo-thinkvision-t24i-10-lcd-5\/","title":{"rendered":"Monitor Lenovo ThinkVision T24I-10 LCD"},"content":{"rendered":"<p>&lt;div data-content-type=&quot;html&quot; data-appearance=&quot;default&quot; data-element=&quot;main&quot;&gt;23.8&quot; Wide LCD Monitor, 1920 x 1080 panel (16:10), 250 cd\/m2, 1000:1 contrast ratio, 178\/178 view angles, 6 ms response time, VGA, HDMI, DisplayPort, 4 x USB 3.0&lt;\/div&gt;&lt;h2&gt;B- Kakovost&lt;\/h2&gt;&#13;<br \/>\n&lt;p&gt;Izraziti znaki obrabe. Za tiste, ki jim funkcionalnost pomeni ve\u010d kot izgled. Ohi\u0161je lahko vsebuje opaznej\u0161e nepravilnosti, kot so vidne po\u0161kodbe, praske ali udrtine. Zasloni so funkcionalni, vendar lahko vsebujejo ve\u010d napak.&lt;\/p&gt;<\/p>\n","protected":false},"excerpt":{"rendered":"<p>23.8&#8243; Wide LCD Monitor, 1920 x 1080 IPS panel, 250 cd\/m2, 1000:1 contrast ratio, 178\/178 view angles, 6 ms response time, VGA, HDMI, DisplayPort, 4 x USB 3.0<\/p>\n","protected":false},"featured_media":101605,"template":"","meta":[],"product_brand":[18],"product_cat":[1289,1149],"product_tag":[1811],"class_list":{"0":"post-101604","1":"product","2":"type-product","3":"status-publish","4":"has-post-thumbnail","6":"product_brand-lenovo","7":"product_cat-izberi-svoj-produkt","8":"product_cat-monitorji","9":"product_tag-pp","10":"pa_odgovorna-oseba-v-eu-lenovo-tehnicna-regulativna-ekipa","12":"first","13":"instock","14":"taxable","15":"shipping-taxable","16":"purchasable","17":"product-type-simple"},"_links":{"self":[{"href":"https:\/\/pracek.si\/racunalniskatrgovina\/wp-json\/wp\/v2\/product\/101604","targetHints":{"allow":["GET"]}}],"collection":[{"href":"https:\/\/pracek.si\/racunalniskatrgovina\/wp-json\/wp\/v2\/product"}],"about":[{"href":"https:\/\/pracek.si\/racunalniskatrgovina\/wp-json\/wp\/v2\/types\/product"}],"version-history":[{"count":0,"href":"https:\/\/pracek.si\/racunalniskatrgovina\/wp-json\/wp\/v2\/product\/101604\/revisions"}],"wp:featuredmedia":[{"embeddable":true,"href":"https:\/\/pracek.si\/racunalniskatrgovina\/wp-json\/wp\/v2\/media\/101605"}],"wp:attachment":[{"href":"https:\/\/pracek.si\/racunalniskatrgovina\/wp-json\/wp\/v2\/media?parent=101604"}],"wp:term":[{"taxonomy":"product_brand","embeddable":true,"href":"https:\/\/pracek.si\/racunalniskatrgovina\/wp-json\/wp\/v2\/product_brand?post=101604"},{"taxonomy":"product_cat","embeddable":true,"href":"https:\/\/pracek.si\/racunalniskatrgovina\/wp-json\/wp\/v2\/product_cat?post=101604"},{"taxonomy":"product_tag","embeddable":true,"href":"https:\/\/pracek.si\/racunalniskatrgovina\/wp-json\/wp\/v2\/product_tag?post=101604"}],"curies":[{"name":"wp","href":"https:\/\/api.w.org\/{rel}","templated":true}]}}