{"id":101656,"date":"2026-04-03T21:12:23","date_gmt":"2026-04-03T20:12:23","guid":{"rendered":"https:\/\/pracek.si\/racunalniskatrgovina\/izdelek\/racunalnik-hp-pro-tower-290-g9-i3-13-gen-w10p-i3-ram-8-gb-ssd-disk\/"},"modified":"2026-04-03T21:12:25","modified_gmt":"2026-04-03T20:12:25","slug":"racunalnik-hp-pro-tower-290-g9-i3-13-gen-w10p-i3-ram-8-gb-ssd-disk","status":"publish","type":"product","link":"https:\/\/pracek.si\/racunalniskatrgovina\/izdelek\/racunalnik-hp-pro-tower-290-g9-i3-13-gen-w10p-i3-ram-8-gb-ssd-disk\/","title":{"rendered":"Ra\u010dunalnik HP Pro Tower 290 G9 | i3 13.gen | W10P \/ i3 \/ RAM 8 GB \/ SSD Disk"},"content":{"rendered":"<p>Ra\u010dunalnik HP Pro Tower 290 G9 je vrhunska izbira za vse, ki potrebujejo zmogljivo in zanesljivo namizno re\u0161itev. Z elegantnim dizajnom in robustno konstrukcijo ta ra\u010dunalnik predstavlja popolno kombinacijo estetike in zmogljivosti.<\/p>\n<p>&lt;H2&gt;Najve\u010dje prednosti&lt;\/H2&gt;<br \/>\n&lt;ul&gt;<br \/>\n  &lt;li&gt;&lt;b&gt;U\u010dinkovit procesor&lt;\/b&gt; iz dru\u017eine Intel, ki zagotavlja gladko delovanje in hitrost pri ve\u010dopravilnosti.&lt;\/li&gt;<br \/>\n  &lt;li&gt;Pomnilnik in disk, ki ponujata hitrost in prostornost za uporabnike, ki potrebujejo stabilno in hitro delovanje. NVMe tehnologija optimizira nalaganje programov.&lt;\/li&gt;<br \/>\n  &lt;li&gt;Raznolike mo\u017enosti povezljivosti, vklju\u010dno s \u0161tirimi USB-A 3.2 vhodi za hitrej\u0161i prenos podatkov, HDMI in VGA izhodi za prilagodljivo povezovanje z razli\u010dnimi zasloni.&lt;\/li&gt;<br \/>\n  &lt;li&gt;Integrirana Intel UHD grafi\u010dna kartica, ki omogo\u010da jasno in teko\u010de prikazovanje multimedijskih vsebin.&lt;\/li&gt;<br \/>\n&lt;\/ul&gt;<\/p>\n<p>&lt;H2&gt;Kdo kupuje ta izdelek&lt;\/H2&gt;<br \/>\nTa ra\u010dunalnik je idealen za poslovne uporabnike, ki potrebujejo zanesljivo delovno postajo, kot tudi za doma\u010de uporabnike, ki \u017eelijo zmogljivo napravo za vsakodnevne potrebe. Primeren je za tiste, ki cenijo kombinacijo mo\u010di in elegance, ter za vse, ki i\u0161\u010dejo optimalno razmerje med ceno in kakovostjo.<\/p>\n<p>&lt;H2&gt;Mo\u017enosti nadgradnje&lt;\/H2&gt;<br \/>\nRa\u010dunalnik omogo\u010da nadgradnjo pomnilnika in prostora za shranjevanje, kar pove\u010duje njegovo uporabnost v prihodnosti. &lt;b&gt;Pred izvedbo nadgradnje se vedno posvetujte s strokovnjakom.&lt;\/b&gt;<\/p>\n<p>&lt;H2&gt;Zakaj izbrati obnovljeno napravo&lt;\/H2&gt;<br \/>\nIzbira obnovljene naprave ne pomeni le prihranka, ampak tudi podporo trajnostni uporabi virov. Vsaka naprava je skrbno obnovljena s pomo\u010djo strokovne storitve, ki zagotavlja kakovost in zanesljivost. Standardiziran sistem kakovostnih ocen zagotavlja, da vsaka naprava dosega visoke standarde delovanja. Odlo\u010ditev za obnovljeno napravo je korak v korak s prihodnostjo, saj spodbuja pametno potro\u0161njo in zmanj\u0161uje vpliv na okolje.&lt;h2&gt;Odprta embala\u017ea&lt;\/h2&gt;&#13;<br \/>\n&lt;p&gt;Skoraj nobenih znakov obrabe. Tovarni\u0161ka kvaliteta. V ve\u010dini primerov gre za prese\u017eek proizvodnje in neprodane zaloge, pri katerih razlike v primerjavi z novimi napravami niso opazne.&lt;\/p&gt;&#13;<\/p>\n","protected":false},"excerpt":{"rendered":"<p>Intel Core i3-13100 (3,3\u00a0GHz), 8\u00a0GB DDR4-3200, SSD 512 GB M.2 PCIe NVMe, Intel UHD Graphics 730 (IGP), HDMI, VGA, DVD-RW,\u00a04x USB-A 2.0 (480Mb\/\u200bs), 4x USB-A 3.2 Gen2 (5 Gbps), Wi-Fi 6 (2&#215;2) e Bluetooth\u00a05.3, Gb LAN,\u00a0Microsoft Windows 10 Pro (64-bit)<\/p>\n","protected":false},"featured_media":101658,"template":"","meta":[],"product_brand":[26],"product_cat":[1287,1286,1218,1295,1957,1961],"product_tag":[1811],"class_list":{"0":"post-101656","1":"product","2":"type-product","3":"status-publish","4":"has-post-thumbnail","6":"product_brand-hewlett-packard","7":"product_cat-hp-racunalniki","8":"product_cat-priljubljena-iskanja","9":"product_cat-racunalniki","10":"product_cat-racunalniki-i5","11":"product_cat-racunalniki-za-domaco-uporabo","12":"product_cat-racunalniki-za-poslovno-uporabo","13":"product_tag-pp","14":"pa_odgovorna-oseba-v-eu-hp-tehnicna-regulativna-ekipa","16":"first","17":"instock","18":"taxable","19":"shipping-taxable","20":"purchasable","21":"product-type-simple"},"_links":{"self":[{"href":"https:\/\/pracek.si\/racunalniskatrgovina\/wp-json\/wp\/v2\/product\/101656","targetHints":{"allow":["GET"]}}],"collection":[{"href":"https:\/\/pracek.si\/racunalniskatrgovina\/wp-json\/wp\/v2\/product"}],"about":[{"href":"https:\/\/pracek.si\/racunalniskatrgovina\/wp-json\/wp\/v2\/types\/product"}],"version-history":[{"count":1,"href":"https:\/\/pracek.si\/racunalniskatrgovina\/wp-json\/wp\/v2\/product\/101656\/revisions"}],"predecessor-version":[{"id":101657,"href":"https:\/\/pracek.si\/racunalniskatrgovina\/wp-json\/wp\/v2\/product\/101656\/revisions\/101657"}],"wp:featuredmedia":[{"embeddable":true,"href":"https:\/\/pracek.si\/racunalniskatrgovina\/wp-json\/wp\/v2\/media\/101658"}],"wp:attachment":[{"href":"https:\/\/pracek.si\/racunalniskatrgovina\/wp-json\/wp\/v2\/media?parent=101656"}],"wp:term":[{"taxonomy":"product_brand","embeddable":true,"href":"https:\/\/pracek.si\/racunalniskatrgovina\/wp-json\/wp\/v2\/product_brand?post=101656"},{"taxonomy":"product_cat","embeddable":true,"href":"https:\/\/pracek.si\/racunalniskatrgovina\/wp-json\/wp\/v2\/product_cat?post=101656"},{"taxonomy":"product_tag","embeddable":true,"href":"https:\/\/pracek.si\/racunalniskatrgovina\/wp-json\/wp\/v2\/product_tag?post=101656"}],"curies":[{"name":"wp","href":"https:\/\/api.w.org\/{rel}","templated":true}]}}