{"id":101752,"date":"2026-04-04T10:28:44","date_gmt":"2026-04-04T09:28:44","guid":{"rendered":"https:\/\/pracek.si\/racunalniskatrgovina\/izdelek\/racunalnik-hp-pro-mini-400-g9-i5-13500t-16gb-ram-512gb-ssd-w11-pro-i5-ram-16-gb-ssd-disk\/"},"modified":"2026-04-04T10:28:54","modified_gmt":"2026-04-04T09:28:54","slug":"racunalnik-hp-pro-mini-400-g9-i5-13500t-16gb-ram-512gb-ssd-w11-pro-i5-ram-16-gb-ssd-disk","status":"publish","type":"product","link":"https:\/\/pracek.si\/racunalniskatrgovina\/izdelek\/racunalnik-hp-pro-mini-400-g9-i5-13500t-16gb-ram-512gb-ssd-w11-pro-i5-ram-16-gb-ssd-disk\/","title":{"rendered":"Ra\u010dunalnik HP Pro Mini 400 G9 | i5-13500T | 16GB RAM | 512GB SSD | W11 Pro \/ i5 \/ RAM 16 GB \/ SSD Disk"},"content":{"rendered":"<p>HP Pro Mini 400 G9 je zmogljiv ra\u010dunalni\u0161ki sistem, idealen za \u0161irok spekter profesionalnih potreb. S svojo kompaktnostjo in zanesljivostjo je prav\u0161nja izbira za poslovna okolja in doma\u010de pisarne.<\/p>\n<p>&lt;H2&gt;Najve\u010dje prednosti&lt;\/H2&gt;<br \/>\nHP Pro Mini 400 G9 zdru\u017euje \u0161tevilne prednosti, ki jih cenijo strokovnjaki:<br \/>\n&lt;ul&gt;<br \/>\n  &lt;li&gt;Mo\u010dan &lt;b&gt;I5&lt;\/b&gt; procesor za hitro delovanje, tudi pri ve\u010dopravilnosti.&lt;\/li&gt;<br \/>\n  &lt;li&gt;Kakovostna &lt;b&gt;grafi\u010dna kartica&lt;\/b&gt; izbolj\u0161uje vizualno izku\u0161njo in podpira kreativne dejavnosti.&lt;\/li&gt;<br \/>\n  &lt;li&gt;Sodobna povezljivost zahvaljujo\u010d &lt;b&gt;USB-C&lt;\/b&gt;, &lt;b&gt;HDMI 2.1&lt;\/b&gt;, &lt;b&gt;DisplayPort&lt;\/b&gt; in &lt;b&gt;Wi-Fi 6E&lt;\/b&gt;.&lt;\/li&gt;<br \/>\n  &lt;li&gt;Shranjevanje je izjemno hitro, zahvaljujo\u010d &lt;b&gt;512GB NVMe SSD-ju&lt;\/b&gt;.&lt;\/li&gt;<br \/>\n&lt;\/ul&gt;<\/p>\n<p>&lt;H2&gt;Kdo kupuje ta izdelek&lt;\/H2&gt;<br \/>\nIdealen je za podjetja in posameznike, ki potrebujejo zanesljivo in hitro napravo za vsakodnevna opravila, pa tudi za tiste, ki se ukvarjajo z oblikovanjem in multimedijo. Zaradi svoje energije in kompaktne velikosti je ustrezen za tiste, ki nimajo veliko prostora ali pa potrebujejo mobilnost v razli\u010dnih delovnih okoljih.<\/p>\n<p>&lt;H2&gt;Mo\u017enosti nadgradnje&lt;\/H2&gt;<br \/>\nRa\u010dunalnik ponuja mo\u017enosti nadgradnje, ki vklju\u010dujejo ve\u010dje zmogljivosti diska in pomnilnika. To omogo\u010da prilagoditev potrebam uporabnika skozi \u010das. &lt;b&gt;Pred izvedbo nadgradnje se vedno posvetujte s strokovnjakom.&lt;\/b&gt;<\/p>\n<p>&lt;H2&gt;Zakaj izbrati obnovljeno napravo&lt;\/H2&gt;<br \/>\nObnovljeni izdelki zagotavljajo odli\u010dno razmerje med kakovostjo in ceno. Te naprave so bile skrbno pregledane in preizku\u0161ene za zagotavljanje visoke u\u010dinkovitosti ter zmogljivosti. Poleg prihranka nudijo tudi ekolo\u0161ko alternativo kupovanju povsem novih naprav. Strokovno obnovljeni po standardiziranem sistemu kakovostnih ocen zagotavljajo, da prejmete napravo skoraj novega videza in delovanja z dolgotrajno uporabo.<\/p>\n<p>Izberite HP Pro Mini 400 G9 za svojo naslednjo ra\u010dunalni\u0161ko re\u0161itev \u2014 zdru\u017euje zmogljivost, vsestranskost in ekolo\u0161ko zavest za va\u0161o prihodnost.&lt;h2&gt;Odprta embala\u017ea&lt;\/h2&gt;&#13;<br \/>\n&lt;p&gt;Skoraj nobenih znakov obrabe. Tovarni\u0161ka kvaliteta. V ve\u010dini primerov gre za prese\u017eek proizvodnje in neprodane zaloge, pri katerih razlike v primerjavi z novimi napravami niso opazne.&lt;\/p&gt;&#13;<\/p>\n","protected":false},"excerpt":{"rendered":"<p>Intel Core i5-13500T (1,6 &#8211; 4,6\u00a0GHz), 16 GB DDR5-4800, SSD 512\u00a0GB M.2\u00a0PCIe NVMe, Intel UHD Graphics 770 (IGP), 1x USB-C 3.2 Gen2x2 (20Gbps), 2x USB-A 3.2 Gen2\u00a0(10Gbp\u200bs), 3x USB-A 3.1 (5Gb\/\u200bs), HDMI 2.1, 2x DisplayPort 1.4,\u00a0Wi-Fi 6E AX211 (2&#215;2), Bluetooth 5.2, Gb LAN,\u00a0Microsoft Windows 11 Pro\u00a0(64-bit)<\/p>\n","protected":false},"featured_media":101754,"template":"","meta":[],"product_brand":[26],"product_cat":[1287,1286,1218,1288],"product_tag":[1811],"class_list":{"0":"post-101752","1":"product","2":"type-product","3":"status-publish","4":"has-post-thumbnail","6":"product_brand-hewlett-packard","7":"product_cat-hp-racunalniki","8":"product_cat-priljubljena-iskanja","9":"product_cat-racunalniki","10":"product_cat-racunalniki-i7","11":"product_tag-pp","12":"pa_odgovorna-oseba-v-eu-hp-tehnicna-regulativna-ekipa","14":"first","15":"instock","16":"taxable","17":"shipping-taxable","18":"purchasable","19":"product-type-simple"},"_links":{"self":[{"href":"https:\/\/pracek.si\/racunalniskatrgovina\/wp-json\/wp\/v2\/product\/101752","targetHints":{"allow":["GET"]}}],"collection":[{"href":"https:\/\/pracek.si\/racunalniskatrgovina\/wp-json\/wp\/v2\/product"}],"about":[{"href":"https:\/\/pracek.si\/racunalniskatrgovina\/wp-json\/wp\/v2\/types\/product"}],"version-history":[{"count":1,"href":"https:\/\/pracek.si\/racunalniskatrgovina\/wp-json\/wp\/v2\/product\/101752\/revisions"}],"predecessor-version":[{"id":101753,"href":"https:\/\/pracek.si\/racunalniskatrgovina\/wp-json\/wp\/v2\/product\/101752\/revisions\/101753"}],"wp:featuredmedia":[{"embeddable":true,"href":"https:\/\/pracek.si\/racunalniskatrgovina\/wp-json\/wp\/v2\/media\/101754"}],"wp:attachment":[{"href":"https:\/\/pracek.si\/racunalniskatrgovina\/wp-json\/wp\/v2\/media?parent=101752"}],"wp:term":[{"taxonomy":"product_brand","embeddable":true,"href":"https:\/\/pracek.si\/racunalniskatrgovina\/wp-json\/wp\/v2\/product_brand?post=101752"},{"taxonomy":"product_cat","embeddable":true,"href":"https:\/\/pracek.si\/racunalniskatrgovina\/wp-json\/wp\/v2\/product_cat?post=101752"},{"taxonomy":"product_tag","embeddable":true,"href":"https:\/\/pracek.si\/racunalniskatrgovina\/wp-json\/wp\/v2\/product_tag?post=101752"}],"curies":[{"name":"wp","href":"https:\/\/api.w.org\/{rel}","templated":true}]}}