{"id":101791,"date":"2026-04-03T21:12:11","date_gmt":"2026-04-03T20:12:11","guid":{"rendered":"https:\/\/pracek.si\/racunalniskatrgovina\/izdelek\/prenosnik-hp-17-cn3xxx-i5-ram-8-gb-ssd-disk-173%e2%80%b3-hd\/"},"modified":"2026-04-03T21:12:13","modified_gmt":"2026-04-03T20:12:13","slug":"prenosnik-hp-17-cn3xxx-i5-ram-8-gb-ssd-disk-173%e2%80%b3-hd","status":"publish","type":"product","link":"https:\/\/pracek.si\/racunalniskatrgovina\/izdelek\/prenosnik-hp-17-cn3xxx-i5-ram-8-gb-ssd-disk-173%e2%80%b3-hd\/","title":{"rendered":"Prenosnik HP 17-CN3XXX \/ i5 \/ RAM 8 GB \/ SSD Disk \/ 17,3\u2033 HD+"},"content":{"rendered":"<p>Prenosnik HP 17-CN3XXX zdru\u017euje zmogljivost, elegantno obliko in izjemno vrednost, ki jih pri\u010dakujemo od vrhunske naprave. Primeren je za vse, ki i\u0161\u010dejo zanesljivo napravo za vsakodnevno uporabo in nekoliko ve\u010dji zaslon za ve\u010djo produktivnost.<\/p>\n<p>&lt;H2&gt;Najve\u010dje prednosti&lt;\/H2&gt;<br \/>\n&lt;ul&gt;<br \/>\n    &lt;li&gt;&lt;b&gt;Velik zaslon&lt;\/b&gt;: S 43,9 cm (17,3&quot;) zaslonom vam ta prenosnik ponuja HD+ lo\u010dljivost za jasne in \u017eive slike.&lt;\/li&gt;<br \/>\n    &lt;li&gt;&lt;b&gt;Grafi\u010dno zmogljivost&lt;\/b&gt;: Intel\u00ae Iris\u00ae Xe Graphics zagotavlja gladko in odzivno izku\u0161njo tako pri delu kot pri zabavi.&lt;\/li&gt;<br \/>\n    &lt;li&gt;&lt;b&gt;Hiter dostop do podatkov&lt;\/b&gt;: SSD disk s tehnologijo NVMe omogo\u010da izredno hitro shranjevanje in dostop do podatkov.&lt;\/li&gt;<br \/>\n    &lt;li&gt;&lt;b&gt;Povezljivost&lt;\/b&gt;: Opremljen je s HDMI, USB-C in dvema USB priklju\u010dkoma za raz\u0161irjene mo\u017enosti priklopa naprav.&lt;\/li&gt;<br \/>\n&lt;\/ul&gt;<\/p>\n<p>&lt;H2&gt;Kdo kupuje ta izdelek&lt;\/H2&gt;<br \/>\nTa prenosnik je idealen za \u0161tudente in poklicne uporabnike, ki potrebujejo zmogljivo, a mobilno re\u0161itev za urejanje dokumentov, analiziranje podatkov in druge vsakodnevne naloge. Z velikim zaslonom je odli\u010dna izbira za vse, ki cenijo ve\u010d prostora na zaslonu za delo z ve\u010d aplikacijami hkrati.<\/p>\n<p>&lt;H2&gt;Mo\u017enosti nadgradnje&lt;\/H2&gt;<br \/>\nPrenosnik ponuja prilagodljivost glede nadgradnje diska in pomnilnika, kar omogo\u010da, da bo dolgo ostal kos va\u0161im potrebam. Pred izvedbo nadgradnje se vedno posvetujte s strokovnjakom.<\/p>\n<p>&lt;H2&gt;Zakaj izbrati obnovljeno napravo&lt;\/H2&gt;<br \/>\nIzbira obnovljene naprave prina\u0161a \u0161tevilne prednosti. Strokovna obnova zagotavlja, da je vsak prenosnik prestal temeljit pregled in obnovo, kar zagotavlja dolgoro\u010dno zanesljivost in delovanje. Standardizirani sistem kakovostnih ocen nudi dodaten nivo zagotavljanja kakovosti. Poleg tega, ko izberete tak\u0161no napravo, prispevate k trajnostnemu pristopu in ohranite naravne vire.&lt;h2&gt;Odprta embala\u017ea&lt;\/h2&gt;&#13;<br \/>\n&lt;p&gt;Skoraj nobenih znakov obrabe. Tovarni\u0161ka kvaliteta. V ve\u010dini primerov gre za prese\u017eek proizvodnje in neprodane zaloge, pri katerih razlike v primerjavi z novimi napravami niso opazne.&lt;\/p&gt;&#13;<\/p>\n","protected":false},"excerpt":{"rendered":"<p>Intel\u00ae Core\u2122 i5-1334U \/ 1,3 &#8211; 3,4 GHz \/ 10-Cores (2C+8C\/12T) \/ 4,6 GHz TurboBoost, 8 GB DDR4 SODIMM, 256 GB NVMe SSD, 43,9 cm (17,3\u2033), Sijajni (BrightView, gloss), HD+ \/ 1600 x 900, Intel\u00ae Iris\u00ae Xe Graphics, HDMI, USB-C, 2x USB, bluetooth, Microsoft Windows 11 Home (64-bit)<\/p>\n","protected":false},"featured_media":101793,"template":"","meta":[],"product_brand":[26],"product_cat":[1296,1204,1298,1291,1958,1959,1286],"product_tag":[1811],"class_list":{"0":"post-101791","1":"product","2":"type-product","3":"status-publish","4":"has-post-thumbnail","6":"product_brand-hewlett-packard","7":"product_cat-hp-prenosniki","8":"product_cat-prenosniki","9":"product_cat-prenosniki-17-palcni","10":"product_cat-prenosniki-i5","11":"product_cat-prenosniki-za-domaco-uporabo","12":"product_cat-prenosniki-za-poslovno-uporabo","13":"product_cat-priljubljena-iskanja","14":"product_tag-pp","15":"pa_odgovorna-oseba-v-eu-hp-tehnicna-regulativna-ekipa","17":"first","18":"instock","19":"taxable","20":"shipping-taxable","21":"purchasable","22":"product-type-simple"},"_links":{"self":[{"href":"https:\/\/pracek.si\/racunalniskatrgovina\/wp-json\/wp\/v2\/product\/101791","targetHints":{"allow":["GET"]}}],"collection":[{"href":"https:\/\/pracek.si\/racunalniskatrgovina\/wp-json\/wp\/v2\/product"}],"about":[{"href":"https:\/\/pracek.si\/racunalniskatrgovina\/wp-json\/wp\/v2\/types\/product"}],"version-history":[{"count":1,"href":"https:\/\/pracek.si\/racunalniskatrgovina\/wp-json\/wp\/v2\/product\/101791\/revisions"}],"predecessor-version":[{"id":101792,"href":"https:\/\/pracek.si\/racunalniskatrgovina\/wp-json\/wp\/v2\/product\/101791\/revisions\/101792"}],"wp:featuredmedia":[{"embeddable":true,"href":"https:\/\/pracek.si\/racunalniskatrgovina\/wp-json\/wp\/v2\/media\/101793"}],"wp:attachment":[{"href":"https:\/\/pracek.si\/racunalniskatrgovina\/wp-json\/wp\/v2\/media?parent=101791"}],"wp:term":[{"taxonomy":"product_brand","embeddable":true,"href":"https:\/\/pracek.si\/racunalniskatrgovina\/wp-json\/wp\/v2\/product_brand?post=101791"},{"taxonomy":"product_cat","embeddable":true,"href":"https:\/\/pracek.si\/racunalniskatrgovina\/wp-json\/wp\/v2\/product_cat?post=101791"},{"taxonomy":"product_tag","embeddable":true,"href":"https:\/\/pracek.si\/racunalniskatrgovina\/wp-json\/wp\/v2\/product_tag?post=101791"}],"curies":[{"name":"wp","href":"https:\/\/api.w.org\/{rel}","templated":true}]}}