{"id":101804,"date":"2026-04-03T23:11:03","date_gmt":"2026-04-03T22:11:03","guid":{"rendered":"https:\/\/pracek.si\/racunalniskatrgovina\/izdelek\/prenosnik-hp-17-cn4xxx-5-ram-16-gb-ssd-disk-173%e2%80%b3-fhd-3\/"},"modified":"2026-04-03T23:11:04","modified_gmt":"2026-04-03T22:11:04","slug":"prenosnik-hp-17-cn4xxx-5-ram-16-gb-ssd-disk-173%e2%80%b3-fhd-2","status":"publish","type":"product","link":"https:\/\/pracek.si\/racunalniskatrgovina\/izdelek\/prenosnik-hp-17-cn4xxx-5-ram-16-gb-ssd-disk-173%e2%80%b3-fhd-2\/","title":{"rendered":"Prenosnik HP 17-CN4XXX \/ 5 \/ RAM 16 GB \/ SSD Disk \/ 17,3\u2033 FHD"},"content":{"rendered":"<p>Prenosnik HP 17-CN4XXX je popolna izbira za tiste, ki \u017eelijo zmogljivnost in zanesljivost brez kompromisov. Odli\u010den za delo in zabavo, robusten dizajn se pona\u0161a z velikim 43,9 cm (17,3\u2033) zaslonom, ki omogo\u010da fantasti\u010dno vizualno izku\u0161njo.<\/p>\n<p>&lt;H2&gt;Najve\u010dje prednosti&lt;\/H2&gt;<br \/>\n&lt;b&gt;Optimizirana zmogljivost:&lt;\/b&gt;<br \/>\n&lt;ul&gt;<br \/>\n&lt;li&gt;Zmogljiv procesor I5 zagotavlja odli\u010dne zmogljivosti za vsakodnevne naloge.&lt;\/li&gt;<br \/>\n&lt;li&gt;Prostor za shranjevanje s hitrim NVMe SSD diskom znatno izbolj\u0161a \u010das nalaganja in odzivnost sistema.&lt;\/li&gt;<br \/>\n&lt;li&gt;16 GB pomnilnika poskrbi za teko\u010de izvajanje ve\u010d aplikacij hkrati.&lt;\/li&gt;<br \/>\n&lt;li&gt;Matiran zaslon zmanj\u0161a odseve in pove\u010duje vidljivost na prostem.&lt;\/li&gt;<br \/>\n&lt;li&gt;Osvetljena tipkovnica omogo\u010da delo v slab\u0161ih svetlobnih pogojih.&lt;\/li&gt;<br \/>\n&lt;\/ul&gt;<\/p>\n<p>&lt;H2&gt;Kdo kupuje ta izdelek&lt;\/H2&gt;<br \/>\nTa prenosnik je idealen za profesionalce, \u0161tudente in tiste, ki i\u0161\u010dejo kakovostno napravo za doma\u010do pisarno. Primeren je za vse, ki potrebujejo ve\u010dji zaslon za grafi\u010dno delo, urejanje dokumentov ali u\u017eivanje v multimedijskih vsebinah.<\/p>\n<p>&lt;H2&gt;Mo\u017enosti nadgradnje&lt;\/H2&gt;<br \/>\nZa tiste, ki potrebujejo \u0161e ve\u010d zmogljivosti, je mo\u017eno nadgraditi tako pomnilnik kot tudi disk. Hitri NVMe disk omogo\u010da dodajanje ve\u010d prostora, pomnilnik pa lahko pove\u010date za \u0161e ve\u010d nalog hkrati. &lt;b&gt;Pred izvedbo nadgradnje se vedno posvetujte s strokovnjakom.&lt;\/b&gt;<\/p>\n<p>&lt;H2&gt;Zakaj izbrati obnovljeno napravo&lt;\/H2&gt;<br \/>\nNakup obnovljene naprave je pametna izbira za var\u010devanje ob hkratnem ohranjanju kakovosti. Strokovno obnovljeni izdelki so preverjeni in ocenjeni z objektivnim sistemom kakovostnih ocen, kar zagotavlja, da so naprave v odli\u010dnem stanju. S tem prispevate tudi k trajnostnemu razvoju, saj zmanj\u0161ujete elektronsko obremenitev okolja.<\/p>\n<p>Ta prenosnik ne ponuja le odli\u010dnega razmerja med kakovostjo in ceno, temve\u010d tudi odli\u010dno uporabni\u0161ko izku\u0161njo, ne glede na to, ali delate, se igrate ali gledate vsebine.&lt;h2&gt;Odprta embala\u017ea&lt;\/h2&gt;&#13;<br \/>\n&lt;p&gt;Skoraj nobenih znakov obrabe. Tovarni\u0161ka kvaliteta. V ve\u010dini primerov gre za prese\u017eek proizvodnje in neprodane zaloge, pri katerih razlike v primerjavi z novimi napravami niso opazne.&lt;\/p&gt;&#13;<\/p>\n","protected":false},"excerpt":{"rendered":"<p>Intel\u00ae Core\u2122 5 120U \/ 1,4 &#8211; 3,8 GHz \/ 10-Cores (2C+8c\/12T) \/ Turbo Speed 5,0 GHz, 16 GB DDR4 SODIMM, 512 GB NVMe SSD, 43,9 cm (17,3\u2033), Matiran (AntiGlare, matt), FHD \/ 1920 x 1080, Intel, HDMI, USB-C, 2x USB, Backlit keyboard, bluetooth, Microsoft Windows 11 Home (64-bit), Srednje Mo\u010den Odtis Tipkovnice Na Ekranu, Srednje Opraskan Pokrov Ekrana, Srednje Opraskan Naslon Za Dlani<\/p>\n","protected":false},"featured_media":101800,"template":"","meta":[],"product_brand":[26],"product_cat":[1296,1204,1298,1286],"product_tag":[1811],"class_list":{"0":"post-101804","1":"product","2":"type-product","3":"status-publish","4":"has-post-thumbnail","6":"product_brand-hewlett-packard","7":"product_cat-hp-prenosniki","8":"product_cat-prenosniki","9":"product_cat-prenosniki-17-palcni","10":"product_cat-priljubljena-iskanja","11":"product_tag-pp","12":"pa_odgovorna-oseba-v-eu-hp-tehnicna-regulativna-ekipa","14":"first","15":"instock","16":"taxable","17":"shipping-taxable","18":"purchasable","19":"product-type-simple"},"_links":{"self":[{"href":"https:\/\/pracek.si\/racunalniskatrgovina\/wp-json\/wp\/v2\/product\/101804","targetHints":{"allow":["GET"]}}],"collection":[{"href":"https:\/\/pracek.si\/racunalniskatrgovina\/wp-json\/wp\/v2\/product"}],"about":[{"href":"https:\/\/pracek.si\/racunalniskatrgovina\/wp-json\/wp\/v2\/types\/product"}],"version-history":[{"count":1,"href":"https:\/\/pracek.si\/racunalniskatrgovina\/wp-json\/wp\/v2\/product\/101804\/revisions"}],"predecessor-version":[{"id":101805,"href":"https:\/\/pracek.si\/racunalniskatrgovina\/wp-json\/wp\/v2\/product\/101804\/revisions\/101805"}],"wp:featuredmedia":[{"embeddable":true,"href":"https:\/\/pracek.si\/racunalniskatrgovina\/wp-json\/wp\/v2\/media\/101800"}],"wp:attachment":[{"href":"https:\/\/pracek.si\/racunalniskatrgovina\/wp-json\/wp\/v2\/media?parent=101804"}],"wp:term":[{"taxonomy":"product_brand","embeddable":true,"href":"https:\/\/pracek.si\/racunalniskatrgovina\/wp-json\/wp\/v2\/product_brand?post=101804"},{"taxonomy":"product_cat","embeddable":true,"href":"https:\/\/pracek.si\/racunalniskatrgovina\/wp-json\/wp\/v2\/product_cat?post=101804"},{"taxonomy":"product_tag","embeddable":true,"href":"https:\/\/pracek.si\/racunalniskatrgovina\/wp-json\/wp\/v2\/product_tag?post=101804"}],"curies":[{"name":"wp","href":"https:\/\/api.w.org\/{rel}","templated":true}]}}