{"id":101878,"date":"2026-04-03T23:12:34","date_gmt":"2026-04-03T22:12:34","guid":{"rendered":"https:\/\/pracek.si\/racunalniskatrgovina\/izdelek\/prenosnik-hp-15-fd0730ng-i5-13-gen-w11h-i5-ram-16-gb-ssd-disk-156%e2%80%b3-fhd\/"},"modified":"2026-04-03T23:12:34","modified_gmt":"2026-04-03T22:12:34","slug":"prenosnik-hp-15-fd0730ng-i5-13-gen-w11h-i5-ram-16-gb-ssd-disk-156%e2%80%b3-fhd","status":"publish","type":"product","link":"https:\/\/pracek.si\/racunalniskatrgovina\/izdelek\/prenosnik-hp-15-fd0730ng-i5-13-gen-w11h-i5-ram-16-gb-ssd-disk-156%e2%80%b3-fhd\/","title":{"rendered":"Prenosnik HP 15-fd0730ng | i5 13.gen | W11H \/ i5 \/ RAM 16 GB \/ SSD Disk \/ 15,6\u2033 FHD"},"content":{"rendered":"<p>Prenosnik HP 15-fd0730ng zdru\u017euje zmogljivost in eleganten dizajn ter je idealen za vsakodnevna in zahtevnej\u0161a opravila. S svojo 15,6-pal\u010dno velikostjo in impresivno lo\u010dljivostjo zaslona prina\u0161a jasne in \u017eivahne slike, kar ga naredi popolnega za delo, u\u010denje ali zabavo.<\/p>\n<p>&lt;H2&gt;Najve\u010dje prednosti&lt;\/H2&gt;<br \/>\n&lt;ul&gt;<br \/>\n  &lt;li&gt;Procesor I5 zagotavlja teko\u010de delovanje pri ve\u010dopravilnosti.&lt;\/li&gt;<br \/>\n  &lt;li&gt;Povr\u0161ina brez ble\u0161\u010danja izbolj\u0161a udobje ob dolgih urah uporabe.&lt;\/li&gt;<br \/>\n  &lt;li&gt;Integrirana grafika prina\u0161a kakovostno vizualno izku\u0161njo pri obdelavi vsebin in igranju iger.&lt;\/li&gt;<br \/>\n  &lt;li&gt;Napredne mo\u017enosti povezljivosti z Wi-Fi 6 in Bluetooth 5.3 za brezhibno povezavo.&lt;\/li&gt;<br \/>\n  &lt;li&gt;&lt;b&gt;NVMe SSD disk&lt;\/b&gt; za &lt;b&gt;izjemno hitrost&lt;\/b&gt; in odzivnost sistema.&lt;\/li&gt;<br \/>\n&lt;\/ul&gt;<\/p>\n<p>&lt;H2&gt;Kdo kupuje ta izdelek&lt;\/H2&gt;<br \/>\nPrenosnik je odli\u010dna izbira za \u0161tudente, poslovne\u017ee in vse, ki potrebujejo vsestransko napravo za delo na poti. Zanesljiva zmogljivost omogo\u010da nemoteno izvajanje predstavitev, urejanje dokumentov ter sodelovanje v video konferencah. Idealen je tudi za doma\u010do uporabo, omogo\u010dajo\u010d sprostitev ob gledanju filmov ali igranju najljub\u0161ih iger.<\/p>\n<p>&lt;H2&gt;Mo\u017enosti nadgradnje&lt;\/H2&gt;<br \/>\nTa prenosnik omogo\u010da fleksibilnost pri prilagajanju va\u0161im potrebam, saj se lahko nadgradita tako pomnilnik kot disk, kar zagotavlja dolgoro\u010dno uporabnost naprave. &lt;b&gt;Pred izvedbo nadgradnje se vedno posvetujte s strokovnjakom.&lt;\/b&gt;<\/p>\n<p>&lt;H2&gt;Zakaj izbrati obnovljeno napravo&lt;\/H2&gt;<br \/>\nIzbira obnovljenega prenosnika ne prispeva le k varovanju okolja, temve\u010d predstavlja tudi cenovno ugodnej\u0161o re\u0161itev brez kompromisov glede kakovosti. Proces obnove izvajajo strokovnjaki, vsak izdelek pa prestane standardiziran sistem ocenjevanja kakovosti, s \u010dimer je zagotovljena zanesljivost in delovanje primerljivo z novimi napravami.<\/p>\n<p>S tem prenosnikom dobite vsestranski in zmogljiv partner, ki ne bo le zadostil va\u0161im trenutnim tehnolo\u0161kim zahtevam, temve\u010d vam bo omogo\u010dil tudi nadgradnjo glede na prihodnje potrebe.&lt;h2&gt;Odprta embala\u017ea&lt;\/h2&gt;&#13;<br \/>\n&lt;p&gt;Skoraj nobenih znakov obrabe. Tovarni\u0161ka kvaliteta. V ve\u010dini primerov gre za prese\u017eek proizvodnje in neprodane zaloge, pri katerih razlike v primerjavi z novimi napravami niso opazne.&lt;\/p&gt;&#13;<\/p>\n","protected":false},"excerpt":{"rendered":"<p>Intel Core i5-1334U (1,3\u00a0GHz), 16\u00a0GB (2x8GB) DDR4-3200, SSD 1 TB M.2 PCIe NVMe, 39,6 cm (15,6\u2033) FHD (1920&#215;1080) AG LED IPS 60 Hz, Intel Iris Xe Graphics (IGP), HDMI 1.4, 2x USB-A 3.2 Gen1 (5Gbps)\u00a0+ 1x USB-C 3.2 Gen1 (5Gbps), no ODD, Webcam, Wi-Fi\u00a06 (2&#215;2), Bluetooth 5.3, Std. Kbd.,\u00a0Microsoft Windows 11\u00a0Home\u00a0(64-bit)<\/p>\n","protected":false},"featured_media":101880,"template":"","meta":[],"product_brand":[26],"product_cat":[1296,1204,1301,1291,1958,1959,1286],"product_tag":[1811],"class_list":{"0":"post-101878","1":"product","2":"type-product","3":"status-publish","4":"has-post-thumbnail","6":"product_brand-hewlett-packard","7":"product_cat-hp-prenosniki","8":"product_cat-prenosniki","9":"product_cat-prenosniki-15-palcni","10":"product_cat-prenosniki-i5","11":"product_cat-prenosniki-za-domaco-uporabo","12":"product_cat-prenosniki-za-poslovno-uporabo","13":"product_cat-priljubljena-iskanja","14":"product_tag-pp","15":"pa_odgovorna-oseba-v-eu-hp-tehnicna-regulativna-ekipa","17":"first","18":"instock","19":"taxable","20":"shipping-taxable","21":"purchasable","22":"product-type-simple"},"_links":{"self":[{"href":"https:\/\/pracek.si\/racunalniskatrgovina\/wp-json\/wp\/v2\/product\/101878","targetHints":{"allow":["GET"]}}],"collection":[{"href":"https:\/\/pracek.si\/racunalniskatrgovina\/wp-json\/wp\/v2\/product"}],"about":[{"href":"https:\/\/pracek.si\/racunalniskatrgovina\/wp-json\/wp\/v2\/types\/product"}],"version-history":[{"count":1,"href":"https:\/\/pracek.si\/racunalniskatrgovina\/wp-json\/wp\/v2\/product\/101878\/revisions"}],"predecessor-version":[{"id":101879,"href":"https:\/\/pracek.si\/racunalniskatrgovina\/wp-json\/wp\/v2\/product\/101878\/revisions\/101879"}],"wp:featuredmedia":[{"embeddable":true,"href":"https:\/\/pracek.si\/racunalniskatrgovina\/wp-json\/wp\/v2\/media\/101880"}],"wp:attachment":[{"href":"https:\/\/pracek.si\/racunalniskatrgovina\/wp-json\/wp\/v2\/media?parent=101878"}],"wp:term":[{"taxonomy":"product_brand","embeddable":true,"href":"https:\/\/pracek.si\/racunalniskatrgovina\/wp-json\/wp\/v2\/product_brand?post=101878"},{"taxonomy":"product_cat","embeddable":true,"href":"https:\/\/pracek.si\/racunalniskatrgovina\/wp-json\/wp\/v2\/product_cat?post=101878"},{"taxonomy":"product_tag","embeddable":true,"href":"https:\/\/pracek.si\/racunalniskatrgovina\/wp-json\/wp\/v2\/product_tag?post=101878"}],"curies":[{"name":"wp","href":"https:\/\/api.w.org\/{rel}","templated":true}]}}