{"id":101908,"date":"2026-04-03T23:12:34","date_gmt":"2026-04-03T22:12:34","guid":{"rendered":"https:\/\/pracek.si\/racunalniskatrgovina\/izdelek\/prenosnik-hp-probook-4-g1ah-14-r5-220-w11p-amd-ryzen-5-ram-16-gb-ssd-disk-140%e2%80%b3-wuxga\/"},"modified":"2026-04-03T23:12:37","modified_gmt":"2026-04-03T22:12:37","slug":"prenosnik-hp-probook-4-g1ah-14-r5-220-w11p-amd-ryzen-5-ram-16-gb-ssd-disk-140%e2%80%b3-wuxga","status":"publish","type":"product","link":"https:\/\/pracek.si\/racunalniskatrgovina\/izdelek\/prenosnik-hp-probook-4-g1ah-14-r5-220-w11p-amd-ryzen-5-ram-16-gb-ssd-disk-140%e2%80%b3-wuxga\/","title":{"rendered":"Prenosnik HP ProBook 4 G1ah 14 | R5 220 | W11P \/ AMD Ryzen\u2122 5 \/ RAM 16 GB \/ SSD Disk \/ 14,0\u2033 WUXGA"},"content":{"rendered":"<p>HP ProBook 4 G1ah 14 predstavlja zanesljivo in zmogljivo re\u0161itev za razli\u010dne uporabni\u0161ke potrebe. S svojo elegantno obliko in kompaktno velikostjo je idealen sopotnik za dinami\u010den \u017eivljenjski slog, saj zdru\u017euje zmogljivosti, ki jih i\u0161\u010dejo tako poslovni kot osebni uporabniki.<\/p>\n<p>&lt;H2&gt;Najve\u010dje prednosti&lt;\/H2&gt;<br \/>\n&lt;ul&gt;<br \/>\n&lt;li&gt;Izjemno hiter SSD na osnovi NVMe za hitrost in u\u010dinkovitost.&lt;\/li&gt;<br \/>\n&lt;li&gt;Povezljivost prek HDMI 2.1, Wi-Fi 6E in Bluetooth 5.3 za brezhibno komunikacijo in prenos podatkov.&lt;\/li&gt;<br \/>\n&lt;li&gt;Kompaktna oblika z 14,0-pal\u010dnim zaslonom in WUXGA lo\u010dljivostjo za visoko kakovost slike.&lt;\/li&gt;<br \/>\n&lt;li&gt;Osupljiv zaslon UWVA AG LED omogo\u010da delo v razli\u010dnih svetlobnih pogojih.&lt;\/li&gt;<br \/>\n&lt;li&gt;Prakti\u010dna funkcionalnost z LED osvetljeno tipkovnico in visoko kakovostno spletno kamero.&lt;\/li&gt;<br \/>\n&lt;\/ul&gt;<\/p>\n<p>&lt;H2&gt;Kdo kupuje ta izdelek&lt;\/H2&gt;<br \/>\nPrenosnik je kot nala\u0161\u010d za poslovne\u017ee, \u0161tudente in vsakogar, ki potrebuje trpe\u017eno, prilagodljivo in izjemno zmogljivo napravo. Njegova sposobnost obdelave kompleksnih nalog in kakovost zaslona omogo\u010data u\u017eivanje v digitalnih vsebinah ter nemoteno delo z zahtevnimi programi.<\/p>\n<p>&lt;H2&gt;Mo\u017enosti nadgradnje&lt;\/H2&gt;<br \/>\nHP ProBook 4 G1ah 14 omogo\u010da nadgradnje diska in pomnilnika, kar zagotavlja dodatno prilagodljivost in prihodnjo odpornost naprave. Pred izvedbo nadgradnje se vedno posvetujte s strokovnjakom.<\/p>\n<p>&lt;H2&gt;Zakaj izbrati obnovljeno napravo&lt;\/H2&gt;<br \/>\nIzbira obnovljenega prenosnika pomeni zanesljivost in trajnost. Naprava je zasnovana po standardiziranem sistemu kakovostnih ocen, kar zagotavlja, da deluje brezhibno. Obnova je strokovno izvedena, kar zmanj\u0161uje elektronske odpadke in vam omogo\u010da dostop do vrhunske tehnologije po konkuren\u010dnih cenah. Poleg tega, ob nakupu obnovljene naprave, prispevate k bolj trajnostno naravnanemu \u017eivljenjskemu slogu, kar je danes vse pomembnej\u0161e.&lt;h2&gt;Odprta embala\u017ea&lt;\/h2&gt;&#13;<br \/>\n&lt;p&gt;Skoraj nobenih znakov obrabe. Tovarni\u0161ka kvaliteta. V ve\u010dini primerov gre za prese\u017eek proizvodnje in neprodane zaloge, pri katerih razlike v primerjavi z novimi napravami niso opazne.&lt;\/p&gt;&#13;<\/p>\n","protected":false},"excerpt":{"rendered":"<p>AMD Ryzen 5 220 (3,2 GHz), 35,6 cm (14,0&#8243;) WUXGA (1920&#215;1200) UWVA AG LED, 16 GB DDR5-5600, SSD 512 GB M.2 PCIe NVMe, AMD Radeon 740M Graphics (IGP), HDMI 2.1, Wi-Fi 6E, Bluetooth 5.3, 2x USB-C\u00a03.2\u00a0(DisplayPort &#8211; 10 Gbps), 2x USB-A 3.1 Gen1 (5Gbps), Webcam, Backlit\u00a0Kbd., Microsoft\u00a0Windows 11 Pro (64-bit)<\/p>\n","protected":false},"featured_media":101910,"template":"","meta":[],"product_brand":[26],"product_cat":[1296,1204,1964,1958,1959,1286],"product_tag":[1811],"class_list":{"0":"post-101908","1":"product","2":"type-product","3":"status-publish","4":"has-post-thumbnail","6":"product_brand-hewlett-packard","7":"product_cat-hp-prenosniki","8":"product_cat-prenosniki","9":"product_cat-prenosniki-ultrabook","10":"product_cat-prenosniki-za-domaco-uporabo","11":"product_cat-prenosniki-za-poslovno-uporabo","12":"product_cat-priljubljena-iskanja","13":"product_tag-pp","14":"pa_odgovorna-oseba-v-eu-hp-tehnicna-regulativna-ekipa","16":"first","17":"instock","18":"taxable","19":"shipping-taxable","20":"purchasable","21":"product-type-simple"},"_links":{"self":[{"href":"https:\/\/pracek.si\/racunalniskatrgovina\/wp-json\/wp\/v2\/product\/101908","targetHints":{"allow":["GET"]}}],"collection":[{"href":"https:\/\/pracek.si\/racunalniskatrgovina\/wp-json\/wp\/v2\/product"}],"about":[{"href":"https:\/\/pracek.si\/racunalniskatrgovina\/wp-json\/wp\/v2\/types\/product"}],"version-history":[{"count":1,"href":"https:\/\/pracek.si\/racunalniskatrgovina\/wp-json\/wp\/v2\/product\/101908\/revisions"}],"predecessor-version":[{"id":101909,"href":"https:\/\/pracek.si\/racunalniskatrgovina\/wp-json\/wp\/v2\/product\/101908\/revisions\/101909"}],"wp:featuredmedia":[{"embeddable":true,"href":"https:\/\/pracek.si\/racunalniskatrgovina\/wp-json\/wp\/v2\/media\/101910"}],"wp:attachment":[{"href":"https:\/\/pracek.si\/racunalniskatrgovina\/wp-json\/wp\/v2\/media?parent=101908"}],"wp:term":[{"taxonomy":"product_brand","embeddable":true,"href":"https:\/\/pracek.si\/racunalniskatrgovina\/wp-json\/wp\/v2\/product_brand?post=101908"},{"taxonomy":"product_cat","embeddable":true,"href":"https:\/\/pracek.si\/racunalniskatrgovina\/wp-json\/wp\/v2\/product_cat?post=101908"},{"taxonomy":"product_tag","embeddable":true,"href":"https:\/\/pracek.si\/racunalniskatrgovina\/wp-json\/wp\/v2\/product_tag?post=101908"}],"curies":[{"name":"wp","href":"https:\/\/api.w.org\/{rel}","templated":true}]}}