{"id":101947,"date":"2026-04-03T21:12:55","date_gmt":"2026-04-03T20:12:55","guid":{"rendered":"https:\/\/pracek.si\/racunalniskatrgovina\/izdelek\/prenosnik-hp-17-cn4751ng-core-5-120u-5-ram-16-gb-ssd-disk-173%e2%80%b3-fhd\/"},"modified":"2026-04-03T21:12:55","modified_gmt":"2026-04-03T20:12:55","slug":"prenosnik-hp-17-cn4751ng-core-5-120u-5-ram-16-gb-ssd-disk-173%e2%80%b3-fhd","status":"publish","type":"product","link":"https:\/\/pracek.si\/racunalniskatrgovina\/izdelek\/prenosnik-hp-17-cn4751ng-core-5-120u-5-ram-16-gb-ssd-disk-173%e2%80%b3-fhd\/","title":{"rendered":"Prenosnik HP 17-cn4751ng | Core 5 120U \/ 5 \/ RAM 16 GB \/ SSD Disk \/ 17,3\u2033 FHD"},"content":{"rendered":"<p>HP 17-cn4751ng je izjemno zmogljiv prenosnik, ki zdru\u017euje eleganten dizajn s funkcionalnostjo, ki bo izpolnila potrebe vsakega uporabnika, ne glede na to, ali gre za delo ali zabavo. Ta naprava ponuja neverjetno vizualno izku\u0161njo na impresivnem zaslonu velikosti 17,3 palca, ki zagotavlja jasne in \u017eive slike.<\/p>\n<p>&lt;H2&gt;Najve\u010dje prednosti&lt;\/H2&gt;<br \/>\n&lt;ul&gt;<br \/>\n    &lt;li&gt;\u0160irok 17,3-pal\u010dni zaslon FHD omogo\u010da prijetno brskanje in delo.&lt;\/li&gt;<br \/>\n    &lt;li&gt;Vgrajena hitra NVMe re\u0161itev za shranjevanje zagotavlja bliskovito hitrost delovanja aplikacij in prenosa podatkov.&lt;\/li&gt;<br \/>\n    &lt;li&gt;Mo\u017enosti povezovanja vklju\u010dujejo HDMI, USB-C in USB-A, kar omogo\u010da preprosto priklju\u010ditev razli\u010dnih naprav.&lt;\/li&gt;<br \/>\n    &lt;li&gt;Intuitivna izku\u0161nja povezljivosti z Wi-Fi 6 in Bluetooth 5.4.&lt;\/li&gt;<br \/>\n&lt;\/ul&gt;<\/p>\n<p>&lt;H2&gt;Kdo kupuje ta izdelek&lt;\/H2&gt;<br \/>\nTa prenosnik je popolna izbira za poslovne\u017ee, \u0161tudente in kreativce, ki potrebujejo zanesljivo napravo za vsakodnevna opravila ter ve\u010dpredstavnostne aktivnosti. Zaradi velikega zaslona in vrhunske grafi\u010dne podpore je idealen tudi za tiste, ki se ukvarjajo z oblikovanjem, urejanjem videoposnetkov ali u\u017eivajo v gledanju serij in filmov v visoki lo\u010dljivosti.<\/p>\n<p>&lt;H2&gt;Mo\u017enosti nadgradnje&lt;\/H2&gt;<br \/>\nHP 17-cn4751ng omogo\u010da personalizacijo s preprostimi nadgradnjami diska in pomnilnika, kar omogo\u010da prilagoditev naprave va\u0161im specifi\u010dnim potrebam. &lt;b&gt;Pred izvedbo nadgradnje se vedno posvetujte s strokovnjakom.&lt;\/b&gt;<\/p>\n<p>&lt;H2&gt;Zakaj izbrati obnovljeno napravo&lt;\/H2&gt;<br \/>\nIzbira strokovno obnovljene naprave pomeni zanesljivo delovanje, saj ta prenosnik prehaja skozi rigorozni standardiziran sistem kakovostnih ocen, kar zagotavlja njegovo brezhibno stanje. Obnovljene naprave niso zgolj ekolo\u0161ko naravnane re\u0161itve, ki pomagajo zmanj\u0161ati elektronske odpadke, temve\u010d tudi pametna investicija, ki ponuja &lt;b&gt;odli\u010dno vrednost za va\u0161 denar&lt;\/b&gt; brez kompromisov pri njihovem delovanju.<\/p>\n<p>Izberite HP 17-cn4751ng in izkusite kakovost in zmogljivost, ki ju potrebujete za uspeh v dana\u0161njem digitalnem svetu.&lt;h2&gt;Odprta embala\u017ea&lt;\/h2&gt;&#13;<br \/>\n&lt;p&gt;Skoraj nobenih znakov obrabe. Tovarni\u0161ka kvaliteta. V ve\u010dini primerov gre za prese\u017eek proizvodnje in neprodane zaloge, pri katerih razlike v primerjavi z novimi napravami niso opazne.&lt;\/p&gt;&#13;<\/p>\n","protected":false},"excerpt":{"rendered":"<p>Intel Core 5 120U\u00a0(1,4 GHz), 16 GB (2x8GB) DDR4-3200, SSD 1 TB M.2 PCIe NVMe, 43,9 cm (17,3\u2033) FHD\u00a0(1920&#215;1080) AG LED IPS\u00a060 Hz, Intel\u00a0Graphics (IGP), HDMI, no ODD, 1x USB-C 3.2 Gen2 (5Gbps), 2x USB-A 3.2 Gen1 (5 Gbps), Wi-Fi 6 (2&#215;2), Bluetooth 5.4, Webcam, Std. Kbd, Microsoft Windows 11 Home\u00a0(64-bit)<\/p>\n","protected":false},"featured_media":101949,"template":"","meta":[],"product_brand":[26],"product_cat":[1296,1204,1298,1958,1959,1286],"product_tag":[1811],"class_list":{"0":"post-101947","1":"product","2":"type-product","3":"status-publish","4":"has-post-thumbnail","6":"product_brand-hewlett-packard","7":"product_cat-hp-prenosniki","8":"product_cat-prenosniki","9":"product_cat-prenosniki-17-palcni","10":"product_cat-prenosniki-za-domaco-uporabo","11":"product_cat-prenosniki-za-poslovno-uporabo","12":"product_cat-priljubljena-iskanja","13":"product_tag-pp","14":"pa_odgovorna-oseba-v-eu-hp-tehnicna-regulativna-ekipa","16":"first","17":"instock","18":"taxable","19":"shipping-taxable","20":"purchasable","21":"product-type-simple"},"_links":{"self":[{"href":"https:\/\/pracek.si\/racunalniskatrgovina\/wp-json\/wp\/v2\/product\/101947","targetHints":{"allow":["GET"]}}],"collection":[{"href":"https:\/\/pracek.si\/racunalniskatrgovina\/wp-json\/wp\/v2\/product"}],"about":[{"href":"https:\/\/pracek.si\/racunalniskatrgovina\/wp-json\/wp\/v2\/types\/product"}],"version-history":[{"count":1,"href":"https:\/\/pracek.si\/racunalniskatrgovina\/wp-json\/wp\/v2\/product\/101947\/revisions"}],"predecessor-version":[{"id":101948,"href":"https:\/\/pracek.si\/racunalniskatrgovina\/wp-json\/wp\/v2\/product\/101947\/revisions\/101948"}],"wp:featuredmedia":[{"embeddable":true,"href":"https:\/\/pracek.si\/racunalniskatrgovina\/wp-json\/wp\/v2\/media\/101949"}],"wp:attachment":[{"href":"https:\/\/pracek.si\/racunalniskatrgovina\/wp-json\/wp\/v2\/media?parent=101947"}],"wp:term":[{"taxonomy":"product_brand","embeddable":true,"href":"https:\/\/pracek.si\/racunalniskatrgovina\/wp-json\/wp\/v2\/product_brand?post=101947"},{"taxonomy":"product_cat","embeddable":true,"href":"https:\/\/pracek.si\/racunalniskatrgovina\/wp-json\/wp\/v2\/product_cat?post=101947"},{"taxonomy":"product_tag","embeddable":true,"href":"https:\/\/pracek.si\/racunalniskatrgovina\/wp-json\/wp\/v2\/product_tag?post=101947"}],"curies":[{"name":"wp","href":"https:\/\/api.w.org\/{rel}","templated":true}]}}