{"id":101964,"date":"2026-04-03T23:12:42","date_gmt":"2026-04-03T22:12:42","guid":{"rendered":"https:\/\/pracek.si\/racunalniskatrgovina\/izdelek\/prenosnik-hp-probook-4-g1a-14-r7-250-16gb-ram-amd-ryzen-7-ram-16-gb-ssd-disk-140%e2%80%b3-wuxga\/"},"modified":"2026-04-03T23:12:44","modified_gmt":"2026-04-03T22:12:44","slug":"prenosnik-hp-probook-4-g1a-14-r7-250-16gb-ram-amd-ryzen-7-ram-16-gb-ssd-disk-140%e2%80%b3-wuxga","status":"publish","type":"product","link":"https:\/\/pracek.si\/racunalniskatrgovina\/izdelek\/prenosnik-hp-probook-4-g1a-14-r7-250-16gb-ram-amd-ryzen-7-ram-16-gb-ssd-disk-140%e2%80%b3-wuxga\/","title":{"rendered":"Prenosnik HP ProBook 4 G1a 14 | R7-250 | 16GB RAM \/ AMD Ryzen\u2122 7 \/ RAM 16 GB \/ SSD Disk \/ 14,0\u2033 WUXGA"},"content":{"rendered":"<p>Prenosnik HP ProBook 4 G1a 14 ponuja kombinacijo zmogljivosti, vsestranskosti in odli\u010dnega razmerja med ceno in kakovostjo. Ta kompaktna naprava z 14,0-pal\u010dnim WUXGA zaslonom je odli\u010dna za enostavno delo na poti ali v pisarni. <\/p>\n<p>&lt;H2&gt;Najve\u010dje prednosti&lt;\/H2&gt;<\/p>\n<p>&lt;b&gt;U\u017eivajte v teko\u010di ve\u010dopravilnosti&lt;\/b&gt; zahvaljujo\u010d zmogljivemu procesorju Ryzen in zadostnemu delu delovnega pomnilnika, ki omogo\u010da hitro in u\u010dinkovito obdelavo nalog.<br \/>\n&lt;b&gt;Prostoren SSD disk tipa NVMe&lt;\/b&gt; zagotavlja izbolj\u0161an dostop do datotek, kar znatno skraj\u0161a \u010das nalaganja zahtevnej\u0161ih aplikacij.<br \/>\n&lt;b&gt;Prvovrstna povezljivost&lt;\/b&gt; z vklju\u010dujo\u010do Bluetooth 5.3 in Wi-Fi 6E tehnologijo. S \u0161tevilnimi priklju\u010dki, kot sta HDMI 2.1 in USB-C, ste odli\u010dno pripravljeni za vse delovne izzive.<\/p>\n<p>&lt;H2&gt;Kdo kupuje ta izdelek&lt;\/H2&gt;<\/p>\n<p>Ta prenosnik je popolna izbira za poslovne\u017ee, \u0161tudente in vse, ki potrebujejo zanesljivost in zmogljivost v prenosni obliki. Udobje nizke te\u017ee in kompaktnih dimenzij omogo\u010da enostavno prena\u0161anje, medtem ko kakovostna zasnova zagotavlja zanesljivost pri vsakodnevni uporabi.<\/p>\n<p>&lt;H2&gt;Mo\u017enosti nadgradnje&lt;\/H2&gt;<\/p>\n<p>Prenosnik omogo\u010da nadgradnje pomnilnika in diska, kar pomeni, da lahko napravo prilagodite glede na potrebe in zahtevnej\u0161e naloge. Pred izvedbo nadgradnje se vedno posvetujte s strokovnjakom.<\/p>\n<p>&lt;H2&gt;Zakaj izbrati obnovljeno napravo&lt;\/H2&gt;<\/p>\n<p>Odlo\u010ditev za obnovljen prenosnik ne pomeni le ugodnej\u0161o ceno, temve\u010d tudi odgovorno izbiro do okolja. Obnovljeni prenosniki so predmet temeljite strokovne obnove, ki zagotavlja delovanje na ravni novih izdelkov. Standardiziran sistem kakovostnih ocen dodatno pri\u010duje o zanesljivosti in vzdr\u017eljivosti vsake izbrane naprave. S tem podpira\u0161 kro\u017eno gospodarstvo in zmanj\u0161uje\u0161 okoljski odtis.<\/p>\n<p>Izberite HP ProBook 4 G1a 14 in izkoristite kombinacijo zmogljivosti, prenosljivosti ter ekolo\u0161ke odgovornosti \u2013 vse to, brez sklepanja kompromisov pri u\u010dinkovitosti.&lt;h2&gt;Odprta embala\u017ea&lt;\/h2&gt;&#13;<br \/>\n&lt;p&gt;Skoraj nobenih znakov obrabe. Tovarni\u0161ka kvaliteta. V ve\u010dini primerov gre za prese\u017eek proizvodnje in neprodane zaloge, pri katerih razlike v primerjavi z novimi napravami niso opazne.&lt;\/p&gt;&#13;<\/p>\n","protected":false},"excerpt":{"rendered":"<p>AMD Ryzen 7\u00a0250 (3,3\u00a0GHz), 16 GB DDR5-5600, SSD 512 GB M.2 PCIe NVMe, 35,6 cm (14.0\u2033)\u00a0WUXGA (1920&#215;1200) AG LED UWVA 60 Hz, AMD Radeon\u00a0780M (IGP), 1x HDMI 2.1, 2x USB-C 3.2 Gen2 (DisplayPort &#8211; 10Gbps) 2x USB-A 3.2 Gen1 (5Gbps),\u00a0Wi-Fi 6E (2&#215;2), Bluetooth 5.3, Webcam, Backlit Kbd.,\u00a0Microsoft\u00a0Windows 11 Pro (64-bit)<\/p>\n","protected":false},"featured_media":97150,"template":"","meta":[],"product_brand":[26],"product_cat":[1296,1204,1964,1958,1959,1286],"product_tag":[1811],"class_list":{"0":"post-101964","1":"product","2":"type-product","3":"status-publish","4":"has-post-thumbnail","6":"product_brand-hewlett-packard","7":"product_cat-hp-prenosniki","8":"product_cat-prenosniki","9":"product_cat-prenosniki-ultrabook","10":"product_cat-prenosniki-za-domaco-uporabo","11":"product_cat-prenosniki-za-poslovno-uporabo","12":"product_cat-priljubljena-iskanja","13":"product_tag-pp","14":"pa_odgovorna-oseba-v-eu-hp-tehnicna-regulativna-ekipa","16":"first","17":"instock","18":"taxable","19":"shipping-taxable","20":"purchasable","21":"product-type-simple"},"_links":{"self":[{"href":"https:\/\/pracek.si\/racunalniskatrgovina\/wp-json\/wp\/v2\/product\/101964","targetHints":{"allow":["GET"]}}],"collection":[{"href":"https:\/\/pracek.si\/racunalniskatrgovina\/wp-json\/wp\/v2\/product"}],"about":[{"href":"https:\/\/pracek.si\/racunalniskatrgovina\/wp-json\/wp\/v2\/types\/product"}],"version-history":[{"count":1,"href":"https:\/\/pracek.si\/racunalniskatrgovina\/wp-json\/wp\/v2\/product\/101964\/revisions"}],"predecessor-version":[{"id":101965,"href":"https:\/\/pracek.si\/racunalniskatrgovina\/wp-json\/wp\/v2\/product\/101964\/revisions\/101965"}],"wp:featuredmedia":[{"embeddable":true,"href":"https:\/\/pracek.si\/racunalniskatrgovina\/wp-json\/wp\/v2\/media\/97150"}],"wp:attachment":[{"href":"https:\/\/pracek.si\/racunalniskatrgovina\/wp-json\/wp\/v2\/media?parent=101964"}],"wp:term":[{"taxonomy":"product_brand","embeddable":true,"href":"https:\/\/pracek.si\/racunalniskatrgovina\/wp-json\/wp\/v2\/product_brand?post=101964"},{"taxonomy":"product_cat","embeddable":true,"href":"https:\/\/pracek.si\/racunalniskatrgovina\/wp-json\/wp\/v2\/product_cat?post=101964"},{"taxonomy":"product_tag","embeddable":true,"href":"https:\/\/pracek.si\/racunalniskatrgovina\/wp-json\/wp\/v2\/product_tag?post=101964"}],"curies":[{"name":"wp","href":"https:\/\/api.w.org\/{rel}","templated":true}]}}