{"id":101974,"date":"2026-04-03T21:12:55","date_gmt":"2026-04-03T20:12:55","guid":{"rendered":"https:\/\/pracek.si\/racunalniskatrgovina\/izdelek\/prenosnik-hp-probook-4-g1ir-16-i5-1334u-w11p-i5-ram-8-gb-ssd-disk-160%e2%80%b3-wuxga\/"},"modified":"2026-04-03T21:12:59","modified_gmt":"2026-04-03T20:12:59","slug":"prenosnik-hp-probook-4-g1ir-16-i5-1334u-w11p-i5-ram-8-gb-ssd-disk-160%e2%80%b3-wuxga","status":"publish","type":"product","link":"https:\/\/pracek.si\/racunalniskatrgovina\/izdelek\/prenosnik-hp-probook-4-g1ir-16-i5-1334u-w11p-i5-ram-8-gb-ssd-disk-160%e2%80%b3-wuxga\/","title":{"rendered":"Prenosnik HP ProBook 4 G1iR 16 | i5-1334U | W11P \/ i5 \/ RAM 8 GB \/ SSD Disk \/ 16,0\u2033 WUXGA"},"content":{"rendered":"<p>Kompaktni in zmogljivi Prenosnik HP ProBook 4 G1iR 16 ponuja idealno kombinacijo zmogljivosti in elegance. Z impresivnim zaslonom velikosti 40,6 cm v visoki lo\u010dljivosti WUXGA zagotavlja jasnost in \u017eivost prikaza, kar ga naredi popolnega za delovne ali osebne projekte.<\/p>\n<p>&lt;H2&gt;Najve\u010dje prednosti&lt;\/H2&gt;<br \/>\n&lt;ul&gt;<br \/>\n&lt;li&gt;Zanesljiv &lt;b&gt;procesor I5&lt;\/b&gt;, ki omogo\u010da teko\u010de delovanje ve\u010dkratnih opravil.&lt;\/li&gt;<br \/>\n&lt;li&gt;&lt;b&gt;Velik zaslon&lt;\/b&gt;, ki izstopa s svojo lo\u010dljivostjo in kakovostjo slike.&lt;\/li&gt;<br \/>\n&lt;li&gt;&lt;b&gt;Visokohitrostni NVMe SSD&lt;\/b&gt;, ki omogo\u010da hitro nalaganje in prenos podatkov.&lt;\/li&gt;<br \/>\n&lt;li&gt;Ve\u010d &lt;b&gt;priklopnih mo\u017enosti&lt;\/b&gt;, kot so HDMI 2.1, USB-C in USB-A, kar zagotavlja enostavno povezljivost z razli\u010dnimi dodatki.&lt;\/li&gt;<br \/>\n&lt;li&gt;Izbolj\u0161ana &lt;b&gt;Wi-Fi 6E povezljivost&lt;\/b&gt; za stabilno in hitro internetno povezavo.&lt;\/li&gt;<br \/>\n&lt;\/ul&gt;<\/p>\n<p>&lt;H2&gt;Kdo kupuje ta izdelek&lt;\/H2&gt;<br \/>\nPrenosnik HP ProBook 4 G1iR 16 je narejen za profesionalce, ki potrebujejo zanesljivi prenosnik za delo na poti, digitalne ustvarjalce, ki cenijo visoko zmogljivost grafike, in \u0161tudente, ki i\u0161\u010dejo ravnovesje med zmogljivostjo in ceno.<\/p>\n<p>&lt;H2&gt;Mo\u017enosti nadgradnje&lt;\/H2&gt;<br \/>\nTa prenosnik omogo\u010da nadgradnjo diska in pomnilnika, kar uporabniku zagotavlja ve\u010dji prostor in zmogljivost, ki ju potrebuje za prihodnje projekte in aplikacije. Pred izvedbo nadgradnje se vedno posvetujte s strokovnjakom.<\/p>\n<p>&lt;H2&gt;Zakaj izbrati obnovljeno napravo&lt;\/H2&gt;<br \/>\nObnovljen prenosnik je odli\u010dna izbira za tiste, ki \u017eelijo visokokakovostno napravo po ugodnej\u0161i ceni. Strokovna storitev obnove poskrbi, da prenosnik izpolnjuje visoke standarde delovanja, medtem ko standardiziran sistem ocenjevanja kakovosti zagotavlja, da naprava deluje brezhibno. Poleg zagotavljanja izjemne vrednosti, izbira obnovljenih naprav podpira trajnostne prakse in zmanj\u0161uje vpliv na okolje.<\/p>\n<p>Ta prenosnik ponuja vse, kar potrebujete za efektivno in udobno delo v pisarni ali na poti, obenem pa ohranja ekolo\u0161ko zavednost in spo\u0161tovanje do skupnosti.&lt;h2&gt;Odprta embala\u017ea&lt;\/h2&gt;&#13;<br \/>\n&lt;p&gt;Skoraj nobenih znakov obrabe. Tovarni\u0161ka kvaliteta. V ve\u010dini primerov gre za prese\u017eek proizvodnje in neprodane zaloge, pri katerih razlike v primerjavi z novimi napravami niso opazne.&lt;\/p&gt;&#13;<\/p>\n","protected":false},"excerpt":{"rendered":"<p>Intel Core i5-1334U\u00a0(1,3\u00a0GHz), 40,6 cm (16,0\u2033) WUXGA (1920&#215;1200) AG UWVA LED 60 Hz, 8 GB DDR5-5600, SSD 256 GB M.2 PCIe NVMe, Intel Iris Xe Graphics (IGP), HDMI 2.1,\u00a02x USB-C 3.2 Gen2x2 (20 Gbps &#8211; DisplayPort), 2x USB-A 3.2 Gen1 (5 Gbps), Wi-Fi 6E\u00a0(2&#215;2), Bluetooth 5.3, Webcam, Gb LAN, Backlit\u00a0Kbd., Microsoft\u00a0Windows 11\u00a0Pro (64-bit)<\/p>\n","protected":false},"featured_media":101976,"template":"","meta":[],"product_brand":[26],"product_cat":[1296,1204,1291,1959,1286],"product_tag":[1811],"class_list":{"0":"post-101974","1":"product","2":"type-product","3":"status-publish","4":"has-post-thumbnail","6":"product_brand-hewlett-packard","7":"product_cat-hp-prenosniki","8":"product_cat-prenosniki","9":"product_cat-prenosniki-i5","10":"product_cat-prenosniki-za-poslovno-uporabo","11":"product_cat-priljubljena-iskanja","12":"product_tag-pp","13":"pa_odgovorna-oseba-v-eu-hp-tehnicna-regulativna-ekipa","15":"first","16":"instock","17":"taxable","18":"shipping-taxable","19":"purchasable","20":"product-type-simple"},"_links":{"self":[{"href":"https:\/\/pracek.si\/racunalniskatrgovina\/wp-json\/wp\/v2\/product\/101974","targetHints":{"allow":["GET"]}}],"collection":[{"href":"https:\/\/pracek.si\/racunalniskatrgovina\/wp-json\/wp\/v2\/product"}],"about":[{"href":"https:\/\/pracek.si\/racunalniskatrgovina\/wp-json\/wp\/v2\/types\/product"}],"version-history":[{"count":1,"href":"https:\/\/pracek.si\/racunalniskatrgovina\/wp-json\/wp\/v2\/product\/101974\/revisions"}],"predecessor-version":[{"id":101975,"href":"https:\/\/pracek.si\/racunalniskatrgovina\/wp-json\/wp\/v2\/product\/101974\/revisions\/101975"}],"wp:featuredmedia":[{"embeddable":true,"href":"https:\/\/pracek.si\/racunalniskatrgovina\/wp-json\/wp\/v2\/media\/101976"}],"wp:attachment":[{"href":"https:\/\/pracek.si\/racunalniskatrgovina\/wp-json\/wp\/v2\/media?parent=101974"}],"wp:term":[{"taxonomy":"product_brand","embeddable":true,"href":"https:\/\/pracek.si\/racunalniskatrgovina\/wp-json\/wp\/v2\/product_brand?post=101974"},{"taxonomy":"product_cat","embeddable":true,"href":"https:\/\/pracek.si\/racunalniskatrgovina\/wp-json\/wp\/v2\/product_cat?post=101974"},{"taxonomy":"product_tag","embeddable":true,"href":"https:\/\/pracek.si\/racunalniskatrgovina\/wp-json\/wp\/v2\/product_tag?post=101974"}],"curies":[{"name":"wp","href":"https:\/\/api.w.org\/{rel}","templated":true}]}}