{"id":102017,"date":"2026-04-04T10:34:07","date_gmt":"2026-04-04T09:34:07","guid":{"rendered":"https:\/\/pracek.si\/racunalniskatrgovina\/izdelek\/prenosnik-hp-probook-4-g1q-14-ai-snapdragon-x1-qualcomm-snapdragon-x-ram-16-gb-ssd-disk-140%e2%80%b3-wuxga\/"},"modified":"2026-04-04T10:34:22","modified_gmt":"2026-04-04T09:34:22","slug":"prenosnik-hp-probook-4-g1q-14-ai-snapdragon-x1-qualcomm-snapdragon-x-ram-16-gb-ssd-disk-140%e2%80%b3-wuxga","status":"publish","type":"product","link":"https:\/\/pracek.si\/racunalniskatrgovina\/izdelek\/prenosnik-hp-probook-4-g1q-14-ai-snapdragon-x1-qualcomm-snapdragon-x-ram-16-gb-ssd-disk-140%e2%80%b3-wuxga\/","title":{"rendered":"Prenosnik HP ProBook 4 G1q 14 AI | Snapdragon X1 \/ Qualcomm\u00ae Snapdragon\u00ae X \/ RAM 16 GB \/ SSD Disk \/ 14,0\u2033 WUXGA"},"content":{"rendered":"<p>Prenosnik HP ProBook 4 G1q 14 AI je zanesljiva in zmogljiva naprava, zasnovana za tiste, ki i\u0161\u010dejo ravnote\u017eje med zmogljivostjo in prenosljivostjo. <\/p>\n<p>&lt;H2&gt;Najve\u010dje prednosti&lt;\/H2&gt;<br \/>\nTa prenosnik se pona\u0161a z elegantno obliko, izjemno ostrim 14,0-pal\u010dnim zaslonom WUXGA, katerega LED tehnologija zagotavlja jasno in \u017eivahno sliko. S procesorjem kategorije Snapdragon in integrirano grafiko Adreno prina\u0161a teko\u010de in hitro delovanje za vsakodnevna opravila. &lt;b&gt;SSD disk NVMe omogo\u010da dostop in shranjevanje podatkov pri osupljivih hitrostih&lt;\/b&gt;, kar poenostavi izvajanje ve\u010dopravilnih aplikacij. Poleg tega so povezljivost in priro\u010dnost dodatno izbolj\u0161ane z izhodi HDMI in ve\u010d USB vhodi, kar omogo\u010da \u0161iroko paleto povezljivosti.<\/p>\n<p>&lt;H2&gt;Kdo kupuje ta izdelek&lt;\/H2&gt;<br \/>\nHP ProBook 4 G1q 14 AI je idealen za profesionalce, \u0161tudente in vse tiste, ki potrebujejo zanesljivost ter hitro delovanje na poti. Njegova majhna te\u017ea in prenosna zasnova omogo\u010data enostavno prena\u0161anje, kar je \u0161e posebej pomembno za delavce na terenu ali \u0161tudente, ki se pogosto gibljejo med predavalnicami.<\/p>\n<p>&lt;H2&gt;Mo\u017enosti nadgradnje&lt;\/H2&gt;<br \/>\nTa prenosnik ponuja mo\u017enosti za nadgradnjo diska in pomnilnika, tako da lahko zlahka prilagodite sistem svojim potrebam. &lt;b&gt;Pred izvedbo nadgradnje se vedno posvetujte s strokovnjakom&lt;\/b&gt;.<\/p>\n<p>&lt;H2&gt;Zakaj izbrati obnovljeno napravo&lt;\/H2&gt;<br \/>\nIzbira obnovljene naprave, kot je ta prenosnik, je pametna odlo\u010ditev za okolje in \u017eep. Vsaka obnovljena naprava je prestala strokovno storitev obnove, kar zagotavlja njeno kakovost in zanesljivost. Standardiziran sistem kakovostnih ocen skrbi, da vsaka naprava ustreza visokim standardom delovanja. Zaradi tega je prenosnik ne le cenovno dostopnej\u0161i, ampak tudi prispeva k trajnostni uporabi virov, kar pozitivno vpliva na okolje.&lt;h2&gt;Odprta embala\u017ea&lt;\/h2&gt;&#13;<br \/>\n&lt;p&gt;Skoraj nobenih znakov obrabe. Tovarni\u0161ka kvaliteta. V ve\u010dini primerov gre za prese\u017eek proizvodnje in neprodane zaloge, pri katerih razlike v primerjavi z novimi napravami niso opazne.&lt;\/p&gt;&#13;<\/p>\n","protected":false},"excerpt":{"rendered":"<p>Qualcomm Snapdragon X1-26-100 (2,7\u00a0GHz), 16 GB LPDDR5x-8533, SSD 256 GB PCIe NVMe,\u00a035,6 cm (14,0\u2033)\u00a0WUXGA (1920&#215;1200) AG LED UWVA IPS 60 Hz, Adreno X1-45 (IGP), HDMI 2.1, 2x USB-C 4.0 (DisplayPort &#8211; 40Gbps), 2x USB-A 3.2 Gen1 (5Gbps),\u00a0Wi-Fi 7 (2&#215;2), Bluetooth, 5.4\u00a0Webcam, Fingerprint, Backlit Kbd., Microsoft Windows 11 Pro (64-bit)<\/p>\n","protected":false},"featured_media":102019,"template":"","meta":[],"product_brand":[26],"product_cat":[1296,1204,1964,1958,1959,1286],"product_tag":[1811],"class_list":{"0":"post-102017","1":"product","2":"type-product","3":"status-publish","4":"has-post-thumbnail","6":"product_brand-hewlett-packard","7":"product_cat-hp-prenosniki","8":"product_cat-prenosniki","9":"product_cat-prenosniki-ultrabook","10":"product_cat-prenosniki-za-domaco-uporabo","11":"product_cat-prenosniki-za-poslovno-uporabo","12":"product_cat-priljubljena-iskanja","13":"product_tag-pp","14":"pa_odgovorna-oseba-v-eu-hp-tehnicna-regulativna-ekipa","16":"first","17":"instock","18":"taxable","19":"shipping-taxable","20":"purchasable","21":"product-type-simple"},"_links":{"self":[{"href":"https:\/\/pracek.si\/racunalniskatrgovina\/wp-json\/wp\/v2\/product\/102017","targetHints":{"allow":["GET"]}}],"collection":[{"href":"https:\/\/pracek.si\/racunalniskatrgovina\/wp-json\/wp\/v2\/product"}],"about":[{"href":"https:\/\/pracek.si\/racunalniskatrgovina\/wp-json\/wp\/v2\/types\/product"}],"version-history":[{"count":1,"href":"https:\/\/pracek.si\/racunalniskatrgovina\/wp-json\/wp\/v2\/product\/102017\/revisions"}],"predecessor-version":[{"id":102018,"href":"https:\/\/pracek.si\/racunalniskatrgovina\/wp-json\/wp\/v2\/product\/102017\/revisions\/102018"}],"wp:featuredmedia":[{"embeddable":true,"href":"https:\/\/pracek.si\/racunalniskatrgovina\/wp-json\/wp\/v2\/media\/102019"}],"wp:attachment":[{"href":"https:\/\/pracek.si\/racunalniskatrgovina\/wp-json\/wp\/v2\/media?parent=102017"}],"wp:term":[{"taxonomy":"product_brand","embeddable":true,"href":"https:\/\/pracek.si\/racunalniskatrgovina\/wp-json\/wp\/v2\/product_brand?post=102017"},{"taxonomy":"product_cat","embeddable":true,"href":"https:\/\/pracek.si\/racunalniskatrgovina\/wp-json\/wp\/v2\/product_cat?post=102017"},{"taxonomy":"product_tag","embeddable":true,"href":"https:\/\/pracek.si\/racunalniskatrgovina\/wp-json\/wp\/v2\/product_tag?post=102017"}],"curies":[{"name":"wp","href":"https:\/\/api.w.org\/{rel}","templated":true}]}}