{"id":102163,"date":"2026-04-04T10:02:19","date_gmt":"2026-04-04T09:02:19","guid":{"rendered":"https:\/\/pracek.si\/racunalniskatrgovina\/izdelek\/prenosnik-dell-latitude-5520-i5-ram-8-gb-ssd-disk-156%e2%80%b3-fhd-2\/"},"modified":"2026-04-04T10:02:24","modified_gmt":"2026-04-04T09:02:24","slug":"prenosnik-dell-latitude-5520-i5-ram-8-gb-ssd-disk-156%e2%80%b3-fhd-2","status":"publish","type":"product","link":"https:\/\/pracek.si\/racunalniskatrgovina\/izdelek\/prenosnik-dell-latitude-5520-i5-ram-8-gb-ssd-disk-156%e2%80%b3-fhd-2\/","title":{"rendered":"Prenosnik Dell Latitude 5520 \/ i5 \/ RAM 8 GB \/ SSD Disk \/ 15,6\u2033 FHD"},"content":{"rendered":"<p>Prenosnik DELL LATITUDE 5520 je eleganten in zmogljiv prenosni ra\u010dunalnik, ki zdru\u017euje dovr\u0161eno obliko s solidnimi zmogljivostmi ter se hitro prilagaja razli\u010dnim potrebam uporabnikov.<\/p>\n<p>&lt;H2&gt;Najve\u010dje prednosti&lt;\/H2&gt;<br \/>\nDELL LATITUDE 5520 prina\u0161a vrsto izjemnih funkcij:<br \/>\n&lt;ul&gt;<br \/>\n&lt;li&gt;Procesor I5 omogo\u010da zanesljivo in hitro delovanje z mo\u017enostjo TurboBoost, kar zagotavlja okrepljeno zmogljivost pri zahtevnej\u0161ih opravilih.&lt;\/li&gt;<br \/>\n&lt;li&gt;Zaslon velikosti 15,6 palca v FHD lo\u010dljivosti ponuja kristalno jasno sliko, ki je odli\u010dna za delo in zabavo.&lt;\/li&gt;<br \/>\n&lt;li&gt;&lt;b&gt;Hiter NVMe SSD disk&lt;\/b&gt; prina\u0161a izjemno hitrost prenosa podatkov, kar drasti\u010dno skraj\u0161a \u010das nalaganja in omogo\u010da brezhibno ve\u010dopravilnost.&lt;\/li&gt;<br \/>\n&lt;li&gt;Intel Iris Plus Graphics zagotavlja odli\u010dno grafi\u010dno zmogljivost za dnevne naloge in multimedijsko izku\u0161njo.&lt;\/li&gt;<br \/>\n&lt;\/ul&gt;<\/p>\n<p>&lt;H2&gt;Kdo kupuje ta izdelek&lt;\/H2&gt;<br \/>\nDELL LATITUDE 5520 je namenjen profesionalcem, ki potrebujejo zanesljiv delovni pripomo\u010dek za poslovne naloge, kot tudi \u0161tudentom in doma\u010dim uporabnikom, ki i\u0161\u010dejo visokokakovostno napravo za svoje dnevne aktivnosti. Ta prenosnik je popolna izbira za vse, ki stavijo na zmogljivost in u\u010dinkovitost brez kompromisov.<\/p>\n<p>&lt;H2&gt;Mo\u017enosti nadgradnje&lt;\/H2&gt;<br \/>\nPrenosnik omogo\u010da enostavne mo\u017enosti nadgradnje, kar vklju\u010duje mo\u017enost pove\u010danja tako pomnilnika kot tudi diska. \u010ce razmi\u0161ljate o nadgradnji, da bi \u0161e dodatno pove\u010dali zmogljivost va\u0161e naprave, se vedno posvetujte s strokovnjakom.<\/p>\n<p>&lt;H2&gt;Zakaj izbrati obnovljeno napravo&lt;\/H2&gt;<br \/>\nIzbira obnovljenega prenosnika s seboj prina\u0161a \u0161tevilne prednosti. Obnovljene naprave prehajajo skozi natan\u010den in standardiziran sistem kakovostnih ocen, kar zagotavlja, da prejmete izdelek visoke kakovosti. Poleg tega, obnovljene naprave predstavljajo bolj trajnostno izbiro, saj zmanj\u0161ujejo elektronske odpadke in s tem prispevajo k bolj zeleni prihodnosti. Izbirate lahko med \u0161tevilnimi modeli, kjer vsak ponuja izjemno vrednost za vlo\u017een denar.<\/p>\n<p>Zaklju\u010dite svoj iskanje idealnega prenosnika z DELL LATITUDE 5520 \u2013 zmogljiv, vsestranski in lahek sopotnik, ki vas bo podpiral pri vseh va\u0161ih digitalnih potrebah.&lt;h2&gt;A Kakovost&lt;\/h2&gt;&#13;<br \/>\n&lt;p&gt;Rahli znaki obrabe. Nadpovpre\u010dna kvaliteta. Ohi\u0161je lahko vsebuje minimalne nepravilnosti, kot je praska, ki je nevidna na razdalji 50 cm (pribli\u017eno dol\u017eina roke) ali ve\u010d. Zasloni so v delujo\u010dem stanju brezhibni.&lt;\/p&gt;&#13;<\/p>\n","protected":false},"excerpt":{"rendered":"<p>Intel\u00ae Core\u2122 i5-1135G7 \/ 2,4 GHz \/ Quad-Core \/ 4,2 GHz TurboBoost \/ 2,4 GHz \/ Quad-Core \/ 4,2 GHz TurboBoost, 8 GB DDR4 SODIMM, 256 GB NVMe SSD, 39,6 cm (15,6\u2033), Matiran (AntiGlare, matt), FHD \/ 1920 x 1080, Intel(R) Iris(R) Xe Graphics, HDMI, Thunderbolt, 2x USB, backlit_kb, bluetooth, No OS Installed &#8211; Win10P COA<\/p>\n","protected":false},"featured_media":100373,"template":"","meta":[],"product_brand":[21],"product_cat":[1290,1204,1301,1291,1286,1224],"product_tag":[1811],"class_list":{"0":"post-102163","1":"product","2":"type-product","3":"status-publish","4":"has-post-thumbnail","6":"product_brand-dell","7":"product_cat-dell-prenosniki","8":"product_cat-prenosniki","9":"product_cat-prenosniki-15-palcni","10":"product_cat-prenosniki-i5","11":"product_cat-priljubljena-iskanja","12":"product_cat-rabljeni-prenosniki","13":"product_tag-pp","14":"pa_odgovorna-oseba-v-eu-dell-tehnicna-regulativna-ekipa","16":"first","17":"instock","18":"taxable","19":"shipping-taxable","20":"purchasable","21":"product-type-simple"},"_links":{"self":[{"href":"https:\/\/pracek.si\/racunalniskatrgovina\/wp-json\/wp\/v2\/product\/102163","targetHints":{"allow":["GET"]}}],"collection":[{"href":"https:\/\/pracek.si\/racunalniskatrgovina\/wp-json\/wp\/v2\/product"}],"about":[{"href":"https:\/\/pracek.si\/racunalniskatrgovina\/wp-json\/wp\/v2\/types\/product"}],"version-history":[{"count":1,"href":"https:\/\/pracek.si\/racunalniskatrgovina\/wp-json\/wp\/v2\/product\/102163\/revisions"}],"predecessor-version":[{"id":102194,"href":"https:\/\/pracek.si\/racunalniskatrgovina\/wp-json\/wp\/v2\/product\/102163\/revisions\/102194"}],"wp:featuredmedia":[{"embeddable":true,"href":"https:\/\/pracek.si\/racunalniskatrgovina\/wp-json\/wp\/v2\/media\/100373"}],"wp:attachment":[{"href":"https:\/\/pracek.si\/racunalniskatrgovina\/wp-json\/wp\/v2\/media?parent=102163"}],"wp:term":[{"taxonomy":"product_brand","embeddable":true,"href":"https:\/\/pracek.si\/racunalniskatrgovina\/wp-json\/wp\/v2\/product_brand?post=102163"},{"taxonomy":"product_cat","embeddable":true,"href":"https:\/\/pracek.si\/racunalniskatrgovina\/wp-json\/wp\/v2\/product_cat?post=102163"},{"taxonomy":"product_tag","embeddable":true,"href":"https:\/\/pracek.si\/racunalniskatrgovina\/wp-json\/wp\/v2\/product_tag?post=102163"}],"curies":[{"name":"wp","href":"https:\/\/api.w.org\/{rel}","templated":true}]}}