{"id":52201,"date":"2025-07-30T12:10:44","date_gmt":"2025-07-30T11:10:44","guid":{"rendered":"https:\/\/pracek.si\/racunalniskatrgovina\/?post_type=product&#038;p=52201"},"modified":"2025-07-30T12:13:51","modified_gmt":"2025-07-30T11:13:51","slug":"dell-latitude-e6420-14-zvocniki-l-r-0t3my1-pk23000e900","status":"publish","type":"product","link":"https:\/\/pracek.si\/racunalniskatrgovina\/izdelek\/dell-latitude-e6420-14-zvocniki-l-r-0t3my1-pk23000e900\/","title":{"rendered":"Dell Latitude E6420 14&#8243; zvo\u010dniki L + R 0T3MY1 PK23000E900"},"content":{"rendered":"<div class=\"group w-full text-gray-800 temno:text-gray-100 border-b border-black\/10 temno:border-gray-900\/50 bg-gray-50 temno:bg-[#444654]\">\n<div class=\"text-base gap-4 md:gap-6 md:max-w-2xl lg:max-w-xl xl:max-w-3xl p-4 md:py-6 flex lg:px-0 m-auto\">\n<div class=\"relative flex w-[calc(100%-50px)] flex-col gap-1 md:gap-3 lg:w-[calc(100%-115px)]\">\n<div class=\"flex flex-grow flex-col gap-3\">\n<div class=\"min-h-[20px] flex flex-col items-start gap-4 whitespace-pre-wrap\">\n<div class=\"markdown prose w-full break-words dark:prose-invert light\">\n<p>Dell Latitude E6420 14&#8243; zvo\u010dniki L + R 0T3MY1 PK23000E900 so komplet visokokakovostnih stereo zvo\u010dnikov, oblikovanih za prenosni ra\u010dunalnik Dell Latitude E6420. Zvo\u010dniki so name\u0161\u010deni na obeh straneh prenosnega ra\u010dunalnika in zagotavljajo jasen, mo\u010dan zvok. Enostavno jih je namestiti in povezati z avdio sistemom prenosnika prek standardnega 3,5 mm avdio priklju\u010dka. Zvo\u010dniki Dell Latitude E6420 so izdelani iz visokokakovostnih materialov in so zasnovani tako, da imajo 14&#8243; zvo\u010dnike L + R 0T3MY1 PK23000E900.<\/p>\n<\/div>\n<\/div>\n<\/div>\n<div class=\"flex justify-between lg:block\">\n<div class=\"text-gray-400 flex self-end lg:self-center justify-center mt-2 gap-2 md:gap-3 lg:gap-1 lg:absolute lg:top-0 lg:translate-x-full lg:right-0 lg:mt-0 lg:pl-2 visible\"><\/div>\n<\/div>\n<\/div>\n<\/div>\n<\/div>\n<div class=\"group w-full text-gray-800 dark:text-gray-100 border-b border-black\/10 dark:border-gray-900\/50 dark:bg-gray-800\">\n<div class=\"text-base gap-4 md:gap-6 md:max-w-2xl lg:max-w-xl xl:max-w-3xl p-4 md:py-6 flex lg:px-0 m-auto\">\n<div class=\"w-[30px] flex flex-col relative items-end\">\n<div class=\"relative flex\"><\/div>\n<\/div>\n<\/div>\n<\/div>\n","protected":false},"excerpt":{"rendered":"<p>14-pal\u010dni zvo\u010dniki Dell Latitude E6420 L + R 0T3MY1 PK23000E900 so nabor nadomestnih zvo\u010dnikov proizvajalca originalne opreme (OEM), zasnovanih posebej za prenosni ra\u010dunalnik Dell Latitude E6420. Zvo\u010dniki zagotavljajo \u010dist, visokokakovosten stereo zvok in so name\u0161\u010deni na levi in desni strani prenosnika. Enostavno jih je namestiti in povezati z avdio sistemom prenosnika prek standardni 3,5 mm avdio priklju\u010dek.<\/p>\n<p>Dell Latitude E6420 14&#8243; zvo\u010dniki L + R 0T3MY1 PK23000E900 so narejeni iz visokokakovostnih materialov in zasnovani tako, da so vzdr\u017eljivi in dolgotrajni. So idealna zamenjava za po\u0161kodovane ali okvarjene zvo\u010dnike in lahko izbolj\u0161ajo splo\u0161no zvo\u010dno zmogljivost prenosnika.<\/p>\n<p>Zvo\u010dniki imajo nazivno mo\u010d 2 vata in impedanco 4 ohme, kar zagotavlja dovolj glasnosti in jasnosti za razli\u010dne zvo\u010dne potrebe. Zvo\u010dniki so zdru\u017eljivi tudi z vrsto operacijskih sistemov in avdio programske opreme, zaradi \u010desar so vsestranska mo\u017enost nadgradnje za uporabnike prenosnikov Dell Latitude E6420.<\/p>\n<p>Na splo\u0161no so 14-pal\u010dni zvo\u010dniki Dell Latitude E6420 L + R 0T3MY1 PK23000E900 visokokakovostna in zanesljiva zamenjava za originalne zvo\u010dnike prenosnika Dell Latitude E6420, ki zagotavljajo jasen in mo\u010dan zvok za izbolj\u0161anje uporabni\u0161ke zvo\u010dne izku\u0161nje.<\/p>\n","protected":false},"featured_media":37757,"template":"","meta":[],"product_brand":[],"product_cat":[2053],"product_tag":[2052,1818],"class_list":{"0":"post-52201","1":"product","2":"type-product","3":"status-publish","4":"has-post-thumbnail","6":"product_cat-zvocniki-za-prenosnike","7":"product_tag-dell","8":"product_tag-rezervni-deli","10":"first","11":"instock","12":"taxable","13":"shipping-taxable","14":"purchasable","15":"product-type-simple"},"_links":{"self":[{"href":"https:\/\/pracek.si\/racunalniskatrgovina\/wp-json\/wp\/v2\/product\/52201","targetHints":{"allow":["GET"]}}],"collection":[{"href":"https:\/\/pracek.si\/racunalniskatrgovina\/wp-json\/wp\/v2\/product"}],"about":[{"href":"https:\/\/pracek.si\/racunalniskatrgovina\/wp-json\/wp\/v2\/types\/product"}],"version-history":[{"count":0,"href":"https:\/\/pracek.si\/racunalniskatrgovina\/wp-json\/wp\/v2\/product\/52201\/revisions"}],"wp:featuredmedia":[{"embeddable":true,"href":"https:\/\/pracek.si\/racunalniskatrgovina\/wp-json\/wp\/v2\/media\/37757"}],"wp:attachment":[{"href":"https:\/\/pracek.si\/racunalniskatrgovina\/wp-json\/wp\/v2\/media?parent=52201"}],"wp:term":[{"taxonomy":"product_brand","embeddable":true,"href":"https:\/\/pracek.si\/racunalniskatrgovina\/wp-json\/wp\/v2\/product_brand?post=52201"},{"taxonomy":"product_cat","embeddable":true,"href":"https:\/\/pracek.si\/racunalniskatrgovina\/wp-json\/wp\/v2\/product_cat?post=52201"},{"taxonomy":"product_tag","embeddable":true,"href":"https:\/\/pracek.si\/racunalniskatrgovina\/wp-json\/wp\/v2\/product_tag?post=52201"}],"curies":[{"name":"wp","href":"https:\/\/api.w.org\/{rel}","templated":true}]}}