{"id":52210,"date":"2025-07-30T12:11:31","date_gmt":"2025-07-30T11:11:31","guid":{"rendered":"https:\/\/pracek.si\/racunalniskatrgovina\/?post_type=product&#038;p=52210"},"modified":"2025-07-30T12:14:23","modified_gmt":"2025-07-30T11:14:23","slug":"zadnji-pokrov-zaslona-0vgcfj-za-dell-latitude-e6520-lcd-ohisje","status":"publish","type":"product","link":"https:\/\/pracek.si\/racunalniskatrgovina\/izdelek\/zadnji-pokrov-zaslona-0vgcfj-za-dell-latitude-e6520-lcd-ohisje\/","title":{"rendered":"Zadnji pokrov zaslona 0VGCFJ za DELL Latitude E6520 &#8211; lcd ohi\u0161je"},"content":{"rendered":"<p>Zadnji pokrov zaslona 0VGCFJ je originalen nadomestni del Dell, zasnovan za model prenosnika Latitude E6520. Je zunanja lupina sklopa zaslona in \u0161\u010diti zaslon LCD pred zunanjimi po\u0161kodbami. Ovitek je izdelan iz visokokakovostnih materialov, ki zagotavljajo vzdr\u017eljivost in dolgotrajno delovanje. Odlikuje ga tudi eleganten dizajn, ki prenosniku daje eleganten videz. Ta zadnji pokrov je enostaven za namestitev in zamenjavo, zaradi \u010desar je priro\u010dna re\u0161itev za uporabnike, ki morajo popraviti po\u0161kodovan ali po\u010den zadnji pokrov zaslona.<\/p>\n","protected":false},"excerpt":{"rendered":"<p>Zadnji pokrov zaslona 0VGCFJ je pristen del Dell, ki je zasnovan za uporabo z modelom prenosnika Latitude E6520. Ta del slu\u017ei kot za\u0161\u010ditna zunanja lupina sklopa zaslona in je odgovoren za za\u0161\u010dito zaslona LCD pred zunanjimi po\u0161kodbami. Zadnji pokrov je izdelan iz visokokakovostnih materialov, ki zagotavljajo vzdr\u017eljivost in dolgotrajno delovanje. Odlikuje ga eleganten in eleganten dizajn, ki izbolj\u0161a splo\u0161no estetiko prenosnika. Ta zadnji pokrov zaslona je enostaven za namestitev in zamenjavo, zaradi \u010desar je priro\u010dna re\u0161itev za uporabnike, ki morajo popraviti po\u0161kodovan ali po\u010den zadnji pokrov. S tem delom lahko uporabniki obnovijo prvotni videz in funkcionalnost svojih prenosnikov Latitude E6520.<\/p>\n","protected":false},"featured_media":37768,"template":"","meta":[],"product_brand":[],"product_cat":[2051],"product_tag":[2052,1818],"class_list":{"0":"post-52210","1":"product","2":"type-product","3":"status-publish","4":"has-post-thumbnail","6":"product_cat-ohisje-prenosnika","7":"product_tag-dell","8":"product_tag-rezervni-deli","10":"first","11":"instock","12":"taxable","13":"shipping-taxable","14":"purchasable","15":"product-type-simple"},"_links":{"self":[{"href":"https:\/\/pracek.si\/racunalniskatrgovina\/wp-json\/wp\/v2\/product\/52210","targetHints":{"allow":["GET"]}}],"collection":[{"href":"https:\/\/pracek.si\/racunalniskatrgovina\/wp-json\/wp\/v2\/product"}],"about":[{"href":"https:\/\/pracek.si\/racunalniskatrgovina\/wp-json\/wp\/v2\/types\/product"}],"version-history":[{"count":0,"href":"https:\/\/pracek.si\/racunalniskatrgovina\/wp-json\/wp\/v2\/product\/52210\/revisions"}],"wp:featuredmedia":[{"embeddable":true,"href":"https:\/\/pracek.si\/racunalniskatrgovina\/wp-json\/wp\/v2\/media\/37768"}],"wp:attachment":[{"href":"https:\/\/pracek.si\/racunalniskatrgovina\/wp-json\/wp\/v2\/media?parent=52210"}],"wp:term":[{"taxonomy":"product_brand","embeddable":true,"href":"https:\/\/pracek.si\/racunalniskatrgovina\/wp-json\/wp\/v2\/product_brand?post=52210"},{"taxonomy":"product_cat","embeddable":true,"href":"https:\/\/pracek.si\/racunalniskatrgovina\/wp-json\/wp\/v2\/product_cat?post=52210"},{"taxonomy":"product_tag","embeddable":true,"href":"https:\/\/pracek.si\/racunalniskatrgovina\/wp-json\/wp\/v2\/product_tag?post=52210"}],"curies":[{"name":"wp","href":"https:\/\/api.w.org\/{rel}","templated":true}]}}