{"id":52236,"date":"2025-07-30T12:12:54","date_gmt":"2025-07-30T11:12:54","guid":{"rendered":"https:\/\/pracek.si\/racunalniskatrgovina\/?post_type=product&#038;p=52236"},"modified":"2026-01-07T09:41:15","modified_gmt":"2026-01-07T08:41:15","slug":"1-modul-512mb-2rx16-pc2-5300s-555-12-hynix-prenosni-pomnilnik","status":"publish","type":"product","link":"https:\/\/pracek.si\/racunalniskatrgovina\/izdelek\/1-modul-512mb-2rx16-pc2-5300s-555-12-hynix-prenosni-pomnilnik\/","title":{"rendered":"1 MODUL 512MB 2Rx16 PC2 &#8211; 5300S &#8211; 555 &#8211; 12 HYNIX PRENOSNI POMNILNIK"},"content":{"rendered":"<p>Hynix 1 modul 512MB 2Rx16 PC2-5300S-555-12 je prenosni pomnilni\u0161ki modul, zasnovan za prenosnike. Odlikuje ga tehnologija DDR2, takt 667MHz in je skladen z industrijskimi standardi za pomnilni\u0161ke module. Ta modul je izdelan iz visokokakovostnih komponent in je zasnovan tako, da zagotavlja zanesljivo in u\u010dinkovito delovanje. Je odli\u010dna izbira za nadgradnjo pomnilni\u0161ke kapacitete prenosnikov ali zamenjavo po\u0161kodovanih ali okvarjenih pomnilni\u0161kih modulov.<\/p>\n","protected":false},"excerpt":{"rendered":"<p>1 MODUL 512 MB 2Rx16 PC2 &#8211; 5300S &#8211; 555 &#8211; 12 Hynix prenosni pomnilnik je prenosni modul SODIMM DDR2 RAM s kapaciteto 512 MB. Ima konfiguracijo 2Rx16 in deluje pri frekvenci 667MHz z zakasnitvijo CAS 5. Modul je zasnovan tako, da je zdru\u017eljiv s prenosniki, ki uporabljajo pomnilni\u0161ko tehnologijo DDR2 in ima nazivno napetost 1,8V. Ta prenosni pomnilni\u0161ki modul Hynix je idealna izbira za uporabnike prenosnih ra\u010dunalnikov, ki \u017eelijo nadgraditi pomnilnik svojega sistema za bolj\u0161o zmogljivost.<\/p>\n","protected":false},"featured_media":37814,"template":"","meta":[],"product_brand":[],"product_cat":[2076,2071],"product_tag":[1818],"class_list":{"0":"post-52236","1":"product","2":"type-product","3":"status-publish","4":"has-post-thumbnail","6":"product_cat-ddr2","7":"product_cat-ram-pomnilnik","8":"product_tag-rezervni-deli","10":"first","11":"outofstock","12":"taxable","13":"shipping-taxable","14":"purchasable","15":"product-type-simple"},"_links":{"self":[{"href":"https:\/\/pracek.si\/racunalniskatrgovina\/wp-json\/wp\/v2\/product\/52236","targetHints":{"allow":["GET"]}}],"collection":[{"href":"https:\/\/pracek.si\/racunalniskatrgovina\/wp-json\/wp\/v2\/product"}],"about":[{"href":"https:\/\/pracek.si\/racunalniskatrgovina\/wp-json\/wp\/v2\/types\/product"}],"version-history":[{"count":0,"href":"https:\/\/pracek.si\/racunalniskatrgovina\/wp-json\/wp\/v2\/product\/52236\/revisions"}],"wp:featuredmedia":[{"embeddable":true,"href":"https:\/\/pracek.si\/racunalniskatrgovina\/wp-json\/wp\/v2\/media\/37814"}],"wp:attachment":[{"href":"https:\/\/pracek.si\/racunalniskatrgovina\/wp-json\/wp\/v2\/media?parent=52236"}],"wp:term":[{"taxonomy":"product_brand","embeddable":true,"href":"https:\/\/pracek.si\/racunalniskatrgovina\/wp-json\/wp\/v2\/product_brand?post=52236"},{"taxonomy":"product_cat","embeddable":true,"href":"https:\/\/pracek.si\/racunalniskatrgovina\/wp-json\/wp\/v2\/product_cat?post=52236"},{"taxonomy":"product_tag","embeddable":true,"href":"https:\/\/pracek.si\/racunalniskatrgovina\/wp-json\/wp\/v2\/product_tag?post=52236"}],"curies":[{"name":"wp","href":"https:\/\/api.w.org\/{rel}","templated":true}]}}