{"id":52287,"date":"2025-07-30T12:15:39","date_gmt":"2025-07-30T11:15:39","guid":{"rendered":"https:\/\/pracek.si\/racunalniskatrgovina\/?post_type=product&#038;p=52287"},"modified":"2026-01-13T17:31:38","modified_gmt":"2026-01-13T16:31:38","slug":"tecaji-kovinskega-nosilca-zaslona-tecaj-zaslona-za-hp-elitebook-8560p-i7-2640-vga-156-gw704tcwx788av","status":"publish","type":"product","link":"https:\/\/pracek.si\/racunalniskatrgovina\/izdelek\/tecaji-kovinskega-nosilca-zaslona-tecaj-zaslona-za-hp-elitebook-8560p-i7-2640-vga-156-gw704tcwx788av\/","title":{"rendered":"Te\u010daji kovinskega nosilca zaslona Te\u010daj zaslona za HP EliteBook 8560p i7-2640\/VGA\/15,6 GW704TC#WX788AV"},"content":{"rendered":"<div class=\"group w-full text-gray-800 temno:text-gray-100 border-b border-black\/10 temno:border-gray-900\/50 bg-gray-50 temno:bg-[#444654]\">\n<div class=\"flex p-4 gap-4 text-base md:gap-6 md:max-w-2xl lg:max-w-xl xl:max-w-3xl md:py-6 lg:px-0 m-auto\">\n<div class=\"relative flex w-[calc(100%-50px)] flex-col gap-1 md:gap-3 lg:w-[calc(100%-115px)]\">\n<div class=\"flex flex-grow flex-col gap-3\">\n<div class=\"min-h-[20px] flex flex-col items-start gap-4 whitespace-pre-wrap break-words\">\n<div class=\"markdown prose w-full break-words dark:prose-invert light\">\n<p>Te\u010daji kovinskega nosilca zaslona so nadomestni deli, zasnovani za prenosni ra\u010dunalnik HP EliteBook 8560p i7-2640\/VGA\/15.6 (GW704TC#WX788AV). Ti te\u010daji zagotavljajo stabilnost in gladko premikanje zaslona prenosnika. Nadgradite svoj HP EliteBook s temi vzdr\u017eljivimi te\u010daji za izbolj\u0161ano funkcionalnost zaslona in dolgo \u017eivljenjsko dobo.<\/p>\n<\/div>\n<\/div>\n<\/div>\n<\/div>\n<\/div>\n<\/div>\n","protected":false},"excerpt":{"rendered":"<p>Te\u010daji kovinskega nosilca zaslona (te\u010daj zaslona) so originalni nadomestni del, zasnovan za model prenosnika HP EliteBook 8560p i7-2640\/VGA\/15.6 (GW704TC#WX788AV). Ti kovinski nosilci zagotavljajo stabilnost in podporo za zaslon prenosnega ra\u010dunalnika ter omogo\u010dajo nemoteno odpiranje in zapiranje.<\/p>\n<p>Ti te\u010daji, izdelani iz visokokakovostnih materialov, so narejeni tako, da prenesejo redno uporabo in zagotavljajo vzdr\u017eljivost. Zasnovani so tako, da se natan\u010dno prilegajo prenosnemu ra\u010dunalniku HP EliteBook 8560p, kar zagotavlja zdru\u017eljivost in enostavno namestitev.<\/p>\n<p>\u010ce zamenjate stare ali po\u0161kodovane te\u010daje s te\u010daji kovinskega nosilca zaslona, lahko obnovite pravilno delovanje zaslona prenosnika. To vklju\u010duje gladko odpiranje in zapiranje, kar prepre\u010duje kakr\u0161no koli ne\u017eeleno nihanje ali neusklajenost.<\/p>\n<p>Nadgradite svoj prenosni ra\u010dunalnik HP EliteBook 8560p i7-2640\/VGA\/15.6 s te\u010daji kovinskega nosilca zaslona za izbolj\u0161ano stabilnost in dolgo \u017eivljenjsko dobo zaslona. Zagotovite brezhibno izku\u0161njo med uporabo prenosnika, bodisi za delo ali zabavo.<\/p>\n","protected":false},"featured_media":37905,"template":"","meta":[],"product_brand":[],"product_cat":[2054],"product_tag":[2060,1818],"class_list":{"0":"post-52287","1":"product","2":"type-product","3":"status-publish","4":"has-post-thumbnail","6":"product_cat-panti-za-prenosnike","7":"product_tag-hp","8":"product_tag-rezervni-deli","10":"first","11":"instock","12":"taxable","13":"shipping-taxable","14":"purchasable","15":"product-type-simple"},"_links":{"self":[{"href":"https:\/\/pracek.si\/racunalniskatrgovina\/wp-json\/wp\/v2\/product\/52287","targetHints":{"allow":["GET"]}}],"collection":[{"href":"https:\/\/pracek.si\/racunalniskatrgovina\/wp-json\/wp\/v2\/product"}],"about":[{"href":"https:\/\/pracek.si\/racunalniskatrgovina\/wp-json\/wp\/v2\/types\/product"}],"version-history":[{"count":0,"href":"https:\/\/pracek.si\/racunalniskatrgovina\/wp-json\/wp\/v2\/product\/52287\/revisions"}],"wp:featuredmedia":[{"embeddable":true,"href":"https:\/\/pracek.si\/racunalniskatrgovina\/wp-json\/wp\/v2\/media\/37905"}],"wp:attachment":[{"href":"https:\/\/pracek.si\/racunalniskatrgovina\/wp-json\/wp\/v2\/media?parent=52287"}],"wp:term":[{"taxonomy":"product_brand","embeddable":true,"href":"https:\/\/pracek.si\/racunalniskatrgovina\/wp-json\/wp\/v2\/product_brand?post=52287"},{"taxonomy":"product_cat","embeddable":true,"href":"https:\/\/pracek.si\/racunalniskatrgovina\/wp-json\/wp\/v2\/product_cat?post=52287"},{"taxonomy":"product_tag","embeddable":true,"href":"https:\/\/pracek.si\/racunalniskatrgovina\/wp-json\/wp\/v2\/product_tag?post=52287"}],"curies":[{"name":"wp","href":"https:\/\/api.w.org\/{rel}","templated":true}]}}