{"id":52427,"date":"2025-07-30T12:22:33","date_gmt":"2025-07-30T11:22:33","guid":{"rendered":"https:\/\/pracek.si\/racunalniskatrgovina\/?post_type=product&#038;p=52427"},"modified":"2026-01-15T10:53:20","modified_gmt":"2026-01-15T09:53:20","slug":"trdi-disk-samsung-ssd-mznty256hdhp-000kn-mz-nty2560-m-2-sata","status":"publish","type":"product","link":"https:\/\/pracek.si\/racunalniskatrgovina\/izdelek\/trdi-disk-samsung-ssd-mznty256hdhp-000kn-mz-nty2560-m-2-sata\/","title":{"rendered":"Trdi disk Samsung SSD MZNTY256HDHP-000KN MZ-NTY2560 m.2 SATA"},"content":{"rendered":"<div class=\"flex flex-grow flex-col gap-3\">\n<div class=\"min-h-[20px] flex flex-col items-start gap-4 whitespace-pre-wrap break-words\">\n<div class=\"markdown prose w-full break-words dark:prose-invert light\">\n<p>MZNTY256HDHP-000KN, znan tudi kot MZ-NTY2560, je visoko zmogljiv polprevodni\u0161ki pogon (SSD), ki ga je zasnoval Samsung. S kapaciteto 256 GB ta kompaktni M.2 SSD zagotavlja hitro in zanesljivo shranjevanje za prenosnike, namizne ra\u010dunalnike in ultrabooke. Njegova napredna tehnologija bliskovnega pomnilnika NAND zagotavlja hiter prenos podatkov, izbolj\u0161a odzivnost sistema in skraj\u0161a \u010das nalaganja. Nadgradite svojo napravo z MZNTY256HDHP-000KN (MZ-NTY2560) SSD za izbolj\u0161ano zmogljivost in zanesljivo shranjevanje.<\/p>\n<\/div>\n<\/div>\n<\/div>\n","protected":false},"excerpt":{"rendered":"<div class=\"flex flex-grow flex-col gap-3\">\n<div class=\"min-h-[20px] flex flex-col items-start gap-4 whitespace-pre-wrap break-words\">\n<div class=\"markdown prose w-full break-words dark:prose-invert light\">\n<p>M.2 SATA MZNTY256HDHP-000KN, znan tudi kot MZ-NTY2560, je pogon SSD (SSD), ki ga proizvaja Samsung. Ta visoko zmogljiv SSD je zasnovan tako, da zagotavlja hitro in zanesljivo shranjevanje za razli\u010dne ra\u010dunalni\u0161ke naprave, vklju\u010dno s prenosniki, namiznimi ra\u010dunalniki in ultrabooki.<\/p>\n<p>S pomnilni\u0161ko zmogljivostjo 256 GB ponuja ta SSD dovolj prostora za shranjevanje va\u0161ega operacijskega sistema, aplikacij in datotek. Zaradi svoje kompaktne oblike je primeren za tanke in lahke naprave brez kompromisov glede zmogljivosti.<\/p>\n<p>MZNTY256HDHP-000KN uporablja faktor oblike M.2 in se povezuje z mati\u010dno plo\u0161\u010do va\u0161ega ra\u010dunalnika prek vmesnika PCIe (PCI Express), ki omogo\u010da hitrej\u0161e prenose podatkov v primerjavi s tradicionalnimi trdimi diski.<\/p>\n<p>Ta pogon SSD, opremljen z napredno tehnologijo bliskovnega pomnilnika NAND, zagotavlja izjemne hitrosti branja in pisanja, izbolj\u0161a splo\u0161no odzivnost sistema in skraj\u0161a \u010das nalaganja aplikacij in datotek. Zagotavlja tudi zanesljive mehanizme za za\u0161\u010dito podatkov, ki zagotavljajo varnost in celovitost va\u0161ih shranjenih podatkov.<\/p>\n<p>Ne glede na to, ali ste ob\u010dasni uporabnik, ki \u017eeli nadgraditi prostor za shranjevanje prenosnega ra\u010dunalnika, ali profesionalec, ki potrebuje hitro in zanesljivo shranjevanje za zahtevna opravila, je MZNTY256HDHP-000KN (MZ-NTY2560) SSD zanesljiva izbira, ki zdru\u017euje hitrost, zmogljivost in vzdr\u017eljivost za optimizacijo va\u0161e ra\u010dunalni\u0161ke izku\u0161nje.<\/p>\n<\/div>\n<\/div>\n<\/div>\n","protected":false},"featured_media":38149,"template":"","meta":[],"product_brand":[],"product_cat":[2066],"product_tag":[1818],"class_list":{"0":"post-52427","1":"product","2":"type-product","3":"status-publish","4":"has-post-thumbnail","6":"product_cat-ssd-in-hdd-diski","7":"product_tag-rezervni-deli","9":"first","10":"outofstock","11":"taxable","12":"shipping-taxable","13":"purchasable","14":"product-type-simple"},"_links":{"self":[{"href":"https:\/\/pracek.si\/racunalniskatrgovina\/wp-json\/wp\/v2\/product\/52427","targetHints":{"allow":["GET"]}}],"collection":[{"href":"https:\/\/pracek.si\/racunalniskatrgovina\/wp-json\/wp\/v2\/product"}],"about":[{"href":"https:\/\/pracek.si\/racunalniskatrgovina\/wp-json\/wp\/v2\/types\/product"}],"version-history":[{"count":0,"href":"https:\/\/pracek.si\/racunalniskatrgovina\/wp-json\/wp\/v2\/product\/52427\/revisions"}],"wp:featuredmedia":[{"embeddable":true,"href":"https:\/\/pracek.si\/racunalniskatrgovina\/wp-json\/wp\/v2\/media\/38149"}],"wp:attachment":[{"href":"https:\/\/pracek.si\/racunalniskatrgovina\/wp-json\/wp\/v2\/media?parent=52427"}],"wp:term":[{"taxonomy":"product_brand","embeddable":true,"href":"https:\/\/pracek.si\/racunalniskatrgovina\/wp-json\/wp\/v2\/product_brand?post=52427"},{"taxonomy":"product_cat","embeddable":true,"href":"https:\/\/pracek.si\/racunalniskatrgovina\/wp-json\/wp\/v2\/product_cat?post=52427"},{"taxonomy":"product_tag","embeddable":true,"href":"https:\/\/pracek.si\/racunalniskatrgovina\/wp-json\/wp\/v2\/product_tag?post=52427"}],"curies":[{"name":"wp","href":"https:\/\/api.w.org\/{rel}","templated":true}]}}