{"id":52871,"date":"2025-07-30T12:43:20","date_gmt":"2025-07-30T11:43:20","guid":{"rendered":"https:\/\/pracek.si\/racunalniskatrgovina\/?post_type=product&#038;p=52871"},"modified":"2025-07-30T12:46:17","modified_gmt":"2025-07-30T11:46:17","slug":"za-hp-pristna-brezzicna-kartica-wwan-813559-005","status":"publish","type":"product","link":"https:\/\/pracek.si\/racunalniskatrgovina\/izdelek\/za-hp-pristna-brezzicna-kartica-wwan-813559-005\/","title":{"rendered":"Za HP &#8211; pristna brez\u017ei\u010dna kartica WWAN | 813559-005"},"content":{"rendered":"<p>Nadgradite svoj prenosni ra\u010dunalnik HP z originalno brez\u017ei\u010dno kartico WWAN 813559-005 za izbolj\u0161ano mobilno povezljivost. Ta originalni HP-jev dodatek vam omogo\u010da dostop do brez\u017ei\u010dnih omre\u017eij, kar vam omogo\u010da, da ostanete povezani na poti. U\u017eivajte v hitrej\u0161i internetni hitrosti in zanesljivih povezavah s to visokokakovostno kartico WWAN.<\/p>\n","protected":false},"excerpt":{"rendered":"<p>Ostanite povezani in u\u017eivajte v izbolj\u0161ani mobilni povezljivosti s HP-jevo originalno brez\u017ei\u010dno kartico WWAN 813559-005. Ta izvirni HP-jev pripomo\u010dek je zasnovan tako, da zagotavlja brezhibno brez\u017ei\u010dno komunikacijo na zdru\u017eljivih HP-jevih prenosnikih in vam daje svobodo dostopa do brez\u017ei\u010dnih omre\u017eij, kamor koli greste.<\/p>\n<p>Kartica WWAN (Wireless Wide Area Network) va\u0161emu prenosniku omogo\u010da povezavo z mobilnimi omre\u017eji, kar vam omogo\u010da dostop do interneta tudi na obmo\u010djih brez pokritosti z Wi-Fi. To je \u0161e posebej uporabno za strokovnjake, ki pogosto potujejo ali morajo delati na daljavo. Z name\u0161\u010deno to kartico WWAN lahko z lahkoto dostopate do interneta, preverjate e-po\u0161to in opravljate spletna opravila, ne glede na va\u0161o lokacijo.<\/p>\n<p>Pristna brez\u017ei\u010dna kartica WWAN 813559-005, zasnovana za hitrej\u0161e internetne hitrosti in zanesljive povezave, je visokokakovosten HP-jev izdelek, ki izpolnjuje stroge standarde delovanja. Zagotavlja stabilno in varno brez\u017ei\u010dno komunikacijo, kar vam omogo\u010da, da ostanete produktivni in povezani, ko ste na poti.<\/p>\n<p>Namestitev kartice WWAN je preprosta in enostavna ter se brezhibno integrira z obstoje\u010dimi brez\u017ei\u010dnimi funkcijami va\u0161ega prenosnika HP. Ne glede na to, ali potrebujete dostop do spletnih virov med slu\u017ebenim potovanjem ali ostanete povezani med vsakodnevno vo\u017enjo, je pristna brez\u017ei\u010dna kartica WWAN 813559-005 dragocen dodatek k va\u0161emu prenosniku HP.<\/p>\n<p>Nadgradite svoj prenosni ra\u010dunalnik HP s tem pristnim dodatkom HP in u\u017eivajte v udobju izbolj\u0161ane mobilne povezljivosti. Poslovite se od omejene pokritosti Wi-Fi in izkusite zanesljiv dostop do interneta, kjer koli ste s pristno brez\u017ei\u010dno kartico WWAN 813559-005. Zaupajte HP-jevi predanosti kakovosti in zmogljivosti ter ostanite povezani na poti s to zanesljivo kartico WWAN.<\/p>\n","protected":false},"featured_media":38883,"template":"","meta":[],"product_brand":[],"product_cat":[2062],"product_tag":[2060,1818],"class_list":{"0":"post-52871","1":"product","2":"type-product","3":"status-publish","4":"has-post-thumbnail","6":"product_cat-maticne-plosce-in-deli-plosc","7":"product_tag-hp","8":"product_tag-rezervni-deli","10":"first","11":"instock","12":"taxable","13":"shipping-taxable","14":"purchasable","15":"product-type-simple"},"_links":{"self":[{"href":"https:\/\/pracek.si\/racunalniskatrgovina\/wp-json\/wp\/v2\/product\/52871","targetHints":{"allow":["GET"]}}],"collection":[{"href":"https:\/\/pracek.si\/racunalniskatrgovina\/wp-json\/wp\/v2\/product"}],"about":[{"href":"https:\/\/pracek.si\/racunalniskatrgovina\/wp-json\/wp\/v2\/types\/product"}],"version-history":[{"count":0,"href":"https:\/\/pracek.si\/racunalniskatrgovina\/wp-json\/wp\/v2\/product\/52871\/revisions"}],"wp:featuredmedia":[{"embeddable":true,"href":"https:\/\/pracek.si\/racunalniskatrgovina\/wp-json\/wp\/v2\/media\/38883"}],"wp:attachment":[{"href":"https:\/\/pracek.si\/racunalniskatrgovina\/wp-json\/wp\/v2\/media?parent=52871"}],"wp:term":[{"taxonomy":"product_brand","embeddable":true,"href":"https:\/\/pracek.si\/racunalniskatrgovina\/wp-json\/wp\/v2\/product_brand?post=52871"},{"taxonomy":"product_cat","embeddable":true,"href":"https:\/\/pracek.si\/racunalniskatrgovina\/wp-json\/wp\/v2\/product_cat?post=52871"},{"taxonomy":"product_tag","embeddable":true,"href":"https:\/\/pracek.si\/racunalniskatrgovina\/wp-json\/wp\/v2\/product_tag?post=52871"}],"curies":[{"name":"wp","href":"https:\/\/api.w.org\/{rel}","templated":true}]}}