{"id":52873,"date":"2025-07-30T12:43:20","date_gmt":"2025-07-30T11:43:20","guid":{"rendered":"https:\/\/pracek.si\/racunalniskatrgovina\/?post_type=product&#038;p=52873"},"modified":"2026-02-01T14:23:09","modified_gmt":"2026-02-01T13:23:09","slug":"844873-001-845484-001-za-maticno-plosco-prenosnega-racunalnika-hp-elite-x2-1012-g1-6050a2748801","status":"publish","type":"product","link":"https:\/\/pracek.si\/racunalniskatrgovina\/izdelek\/844873-001-845484-001-za-maticno-plosco-prenosnega-racunalnika-hp-elite-x2-1012-g1-6050a2748801\/","title":{"rendered":"844873-001 845484-001 Za mati\u010dno plo\u0161\u010do prenosnega ra\u010dunalnika Hp Elite X2 1012 G1 6050A2748801"},"content":{"rendered":"<p>Zamenjajte pokvarjeno mati\u010dno plo\u0161\u010do tabli\u010dnega ra\u010dunalnika HP Elite X2 1012 G1 s tem pristnim in visokokakovostnim nadomestnim delom, \u0161tevilka dela 844873-001 (znan tudi kot 845484-001). Ta mati\u010dna plo\u0161\u010da s \u0161tevilko dela 6050A2748801 je zasnovana tako, da zagotavlja optimalno delovanje in zdru\u017eljivost va\u0161e naprave.<\/p>\n","protected":false},"excerpt":{"rendered":"<p>Mati\u010dna plo\u0161\u010da je kriti\u010dna komponenta vsakega prenosnika in zanesljiva plo\u0161\u010da je klju\u010dnega pomena za nemoteno in u\u010dinkovito delovanje. To nadomestno mati\u010dno plo\u0161\u010do izdeluje HP, ki zagotavlja, da izpolnjuje najvi\u0161je standarde kakovosti in je zasnovana za brezhibno delovanje z va\u0161o tablico Elite X2 1012 G1.<\/p>\n<p>Ne glede na to, ali va\u0161a trenutna mati\u010dna plo\u0161\u010da ne deluje pravilno ali preprosto \u017eelite nadgraditi svojo napravo, je ta nadomestna mati\u010dna plo\u0161\u010da idealna re\u0161itev. S svojo u\u010dinkovito zasnovo in naprednimi funkcijami bo va\u0161 tabli\u010dni ra\u010dunalnik povrnil v prvotno stanje, kar vam bo omogo\u010dilo, da se brez prekinitev vrnete na delo ali igro.<\/p>\n<p>Postopek namestitve mati\u010dne plo\u0161\u010de je preprost, vendar je bistveno, da jo namesti usposobljen tehnik, da zagotovite pravilno ravnanje in prepre\u010dite kakr\u0161no koli morebitno \u0161kodo med postopkom.<\/p>\n<p>O\u017eivite svoj tabli\u010dni ra\u010dunalnik HP Elite X2 1012 G1 z mati\u010dno plo\u0161\u010do 844873-001 (845484-001) in znova izkusite zanesljivo in u\u010dinkovito delovanje. U\u017eivajte v prednostih popolnoma funkcionalne naprave in \u0161e naprej samozavestno uporabljajte tablico za vse svoje produktivnosti, zabave in ra\u010dunalni\u0161ke potrebe.<\/p>\n","protected":false},"featured_media":38887,"template":"","meta":[],"product_brand":[],"product_cat":[2062],"product_tag":[2060,1818],"class_list":{"0":"post-52873","1":"product","2":"type-product","3":"status-publish","4":"has-post-thumbnail","6":"product_cat-maticne-plosce-in-deli-plosc","7":"product_tag-hp","8":"product_tag-rezervni-deli","10":"first","11":"outofstock","12":"taxable","13":"shipping-taxable","14":"purchasable","15":"product-type-simple"},"_links":{"self":[{"href":"https:\/\/pracek.si\/racunalniskatrgovina\/wp-json\/wp\/v2\/product\/52873","targetHints":{"allow":["GET"]}}],"collection":[{"href":"https:\/\/pracek.si\/racunalniskatrgovina\/wp-json\/wp\/v2\/product"}],"about":[{"href":"https:\/\/pracek.si\/racunalniskatrgovina\/wp-json\/wp\/v2\/types\/product"}],"version-history":[{"count":0,"href":"https:\/\/pracek.si\/racunalniskatrgovina\/wp-json\/wp\/v2\/product\/52873\/revisions"}],"wp:featuredmedia":[{"embeddable":true,"href":"https:\/\/pracek.si\/racunalniskatrgovina\/wp-json\/wp\/v2\/media\/38887"}],"wp:attachment":[{"href":"https:\/\/pracek.si\/racunalniskatrgovina\/wp-json\/wp\/v2\/media?parent=52873"}],"wp:term":[{"taxonomy":"product_brand","embeddable":true,"href":"https:\/\/pracek.si\/racunalniskatrgovina\/wp-json\/wp\/v2\/product_brand?post=52873"},{"taxonomy":"product_cat","embeddable":true,"href":"https:\/\/pracek.si\/racunalniskatrgovina\/wp-json\/wp\/v2\/product_cat?post=52873"},{"taxonomy":"product_tag","embeddable":true,"href":"https:\/\/pracek.si\/racunalniskatrgovina\/wp-json\/wp\/v2\/product_tag?post=52873"}],"curies":[{"name":"wp","href":"https:\/\/api.w.org\/{rel}","templated":true}]}}