{"id":53049,"date":"2025-07-30T12:52:56","date_gmt":"2025-07-30T11:52:56","guid":{"rendered":"https:\/\/pracek.si\/racunalniskatrgovina\/?post_type=product&#038;p=53049"},"modified":"2026-01-09T10:18:50","modified_gmt":"2026-01-09T09:18:50","slug":"originalni-dell-latitude-e7450-sata-prikljucek-trdega-diska-plosca-2n4j0-02n4j0","status":"publish","type":"product","link":"https:\/\/pracek.si\/racunalniskatrgovina\/izdelek\/originalni-dell-latitude-e7450-sata-prikljucek-trdega-diska-plosca-2n4j0-02n4j0\/","title":{"rendered":"ORIGINALNI DELL LATITUDE E7450 SATA PRIKLJU\u010cEK TRDEGA DISKA PLO\u0160\u010cA 2N4J0 02N4J0"},"content":{"rendered":"<p>Odklenite polni potencial va\u0161ega Dell Latitude E7450 z originalno priklju\u010dno plo\u0161\u010do za trdi disk Dell SATA 2N4J0 (02N4J0). Ta visokokakovostna povezovalna plo\u0161\u010da je popolna zamenjava za va\u0161o obstoje\u010do, saj zagotavlja brezhibno in zanesljivo povezljivost med trdim diskom va\u0161ega prenosnika in mati\u010dno plo\u0161\u010do.<\/p>\n","protected":false},"excerpt":{"rendered":"<p>Priklju\u010dna plo\u0161\u010da za trdi disk SATA je bistvena komponenta, ki va\u0161emu prenosniku omogo\u010da komunikacijo s trdim diskom, kar omogo\u010da prenos in shranjevanje podatkov. S\u010dasoma se lahko konektorji obrabijo ali po\u0161kodujejo, kar povzro\u010di te\u017eave pri prenosu podatkov ali celo popolno odpoved trdega diska. Ne sklepajte kompromisov glede zmogljivosti in tvegajte izgubo svojih dragocenih podatkov \u2013 zamenjajte svojo staro priklju\u010dno plo\u0161\u010do z originalno Dell 2N4J0 (02N4J0) in u\u017eivajte v brezskrbnosti, ki jo prina\u0161ajo zanesljive re\u0161itve za shranjevanje.<\/p>\n<p>Ta povezovalna plo\u0161\u010da trdega diska SATA, ki jo je zasnoval in izdelal Dell, je pristen OEM del, ki zagotavlja najvi\u0161jo raven zdru\u017eljivosti in zmogljivosti za va\u0161 prenosnik Latitude E7450. Z modelom 2N4J0 (02N4J0) ste lahko prepri\u010dani, da se bo popolnoma prilegal in brezhibno deloval s strojno opremo va\u0161ega prenosnika.<\/p>\n<p>Namestitev je preprosta tudi za tiste brez obse\u017enega tehni\u010dnega znanja. Preprosto odstranite staro priklju\u010dno plo\u0161\u010do in jo zamenjajte z originalno priklju\u010dno plo\u0161\u010do za trdi disk Dell SATA 2N4J0 (02N4J0). Ni vam treba skrbeti za zdru\u017eljivost ali zapletene postopke \u2013 zasnovan je tako, da je postopek nadgradnje gladek in preprost.<\/p>\n<p>Poskrbite, da bo va\u0161 Dell Latitude E7450 deloval kar najbolje, tako da investirate v pristno priklju\u010dno plo\u0161\u010do za trdi disk Dell SATA 2N4J0 (02N4J0). Obnovite optimalne zmogljivosti prenosa podatkov in shranjevanja ter zagotovite, da bo va\u0161 prenosnik deloval na vrhuncu. Ne zadovoljite se z manj, ko gre za pomembne komponente prenosnega ra\u010dunalnika \u2013 izberite originalni Dell 2N4J0 (02N4J0) in izkusite razliko v zanesljivosti in zmogljivosti.<\/p>\n","protected":false},"featured_media":39181,"template":"","meta":[],"product_brand":[],"product_cat":[2062],"product_tag":[2052,1818],"class_list":{"0":"post-53049","1":"product","2":"type-product","3":"status-publish","4":"has-post-thumbnail","6":"product_cat-maticne-plosce-in-deli-plosc","7":"product_tag-dell","8":"product_tag-rezervni-deli","10":"first","11":"instock","12":"taxable","13":"shipping-taxable","14":"purchasable","15":"product-type-simple"},"_links":{"self":[{"href":"https:\/\/pracek.si\/racunalniskatrgovina\/wp-json\/wp\/v2\/product\/53049","targetHints":{"allow":["GET"]}}],"collection":[{"href":"https:\/\/pracek.si\/racunalniskatrgovina\/wp-json\/wp\/v2\/product"}],"about":[{"href":"https:\/\/pracek.si\/racunalniskatrgovina\/wp-json\/wp\/v2\/types\/product"}],"version-history":[{"count":0,"href":"https:\/\/pracek.si\/racunalniskatrgovina\/wp-json\/wp\/v2\/product\/53049\/revisions"}],"wp:featuredmedia":[{"embeddable":true,"href":"https:\/\/pracek.si\/racunalniskatrgovina\/wp-json\/wp\/v2\/media\/39181"}],"wp:attachment":[{"href":"https:\/\/pracek.si\/racunalniskatrgovina\/wp-json\/wp\/v2\/media?parent=53049"}],"wp:term":[{"taxonomy":"product_brand","embeddable":true,"href":"https:\/\/pracek.si\/racunalniskatrgovina\/wp-json\/wp\/v2\/product_brand?post=53049"},{"taxonomy":"product_cat","embeddable":true,"href":"https:\/\/pracek.si\/racunalniskatrgovina\/wp-json\/wp\/v2\/product_cat?post=53049"},{"taxonomy":"product_tag","embeddable":true,"href":"https:\/\/pracek.si\/racunalniskatrgovina\/wp-json\/wp\/v2\/product_tag?post=53049"}],"curies":[{"name":"wp","href":"https:\/\/api.w.org\/{rel}","templated":true}]}}