{"id":53137,"date":"2025-07-30T12:57:24","date_gmt":"2025-07-30T11:57:24","guid":{"rendered":"https:\/\/pracek.si\/racunalniskatrgovina\/?post_type=product&#038;p=53137"},"modified":"2025-07-30T13:01:02","modified_gmt":"2025-07-30T12:01:02","slug":"originalni-mobilni-sirokopasovni-modul-ericsson-h5321-3g-gps-hspa-wwan","status":"publish","type":"product","link":"https:\/\/pracek.si\/racunalniskatrgovina\/izdelek\/originalni-mobilni-sirokopasovni-modul-ericsson-h5321-3g-gps-hspa-wwan\/","title":{"rendered":"Originalni mobilni \u0161irokopasovni modul Ericsson H5321 3G\/GPS\/HSPA+ WWAN"},"content":{"rendered":"<p>Originalni mobilni \u0161irokopasovni modul Ericsson H5321 3G\/GPS\/HSPA+ WWAN je visokokakovosten originalni modul, ki omogo\u010da povezljivost 3G, GPS in HSPA+ na zdru\u017eljivih napravah. Omogo\u010da hiter in zanesljiv mobilni \u0161irokopasovni dostop za podatkovno komunikacijo in storitve, ki temeljijo na lokaciji.<\/p>\n","protected":false},"excerpt":{"rendered":"<div class=\"flex-1 overflow-hidden\">\n<div class=\"react-scroll-to-bottom--css-savyy-79elbk h-full dark:bg-gray-800\">\n<div class=\"react-scroll-to-bottom--css-savyy-1n7m0yu\">\n<div class=\"flex flex-col text-sm dark:bg-gray-800\">\n<div class=\"group w-full text-token-text-primary border-b border-black\/10 dark:border-gray-900\/50 bg-gray-50 dark:bg-[#444654]\">\n<div class=\"flex p-4 gap-4 text-base md:gap-6 md:max-w-2xl lg:max-w-[38rem] xl:max-w-3xl md:py-6 lg:px-0 m-auto\">\n<div class=\"relative flex w-[calc(100%-50px)] flex-col gap-1 md:gap-3 lg:w-[calc(100%-115px)]\">\n<div class=\"flex flex-grow flex-col gap-3\">\n<div class=\"min-h-[20px] flex flex-col items-start gap-3 overflow-x-auto whitespace-pre-wrap break-words\">\n<div class=\"markdown prose w-full break-words dark:prose-invert light\">\n<p>Originalni mobilni \u0161irokopasovni modul Ericsson H5321 3G\/GPS\/HSPA+ WWAN je brez\u017ei\u010dni modul vrhunske kakovosti, zasnovan za izbolj\u0161ano povezljivost na zdru\u017eljivih napravah. Z name\u0161\u010denim modulom lahko uporabniki dostopajo do podatkov 3G, storitev GPS in povezljivosti HSPA+, kar ponuja hiter in zanesljiv mobilni \u0161irokopasovni dostop.<\/p>\n<p>Ta modul izdeluje Ericsson, zaupanja vredno ime v telekomunikacijski industriji, znano po vrhunski tehnologiji in zanesljivih izdelkih. Modul H5321 je bil natan\u010dno zasnovan in testiran, da izpolnjuje stroge standarde kakovosti, kar zagotavlja optimalno delovanje in brezhibno integracijo z zdru\u017eljivimi napravami.<\/p>\n<p>Mobilni \u0161irokopasovni modul Ericsson H5321 WWAN podpira povezljivost 3G, kar uporabnikom omogo\u010da dostop do interneta in ohranjanje povezave, ko so na poti. Vsebuje tudi zmogljivosti GPS, ki omogo\u010dajo natan\u010dno dolo\u010danje polo\u017eaja in storitve, ki temeljijo na lokaciji, za razli\u010dne aplikacije.<\/p>\n<p>Poleg tega modul podpira tehnologijo HSPA+ (High-Speed Packet Access Plus), ki zagotavlja hitrej\u0161e prenose podatkov v primerjavi s standardnimi omre\u017eji 3G. To omogo\u010da bolj gladko brskanje, hitrej\u0161e prenose in izbolj\u0161ano zmogljivost za podatkovno intenzivna opravila.<\/p>\n<p>Originalni mobilni \u0161irokopasovni modul Ericsson H5321 3G\/GPS\/HSPA+ WWAN je zdru\u017eljiv z izbranimi prenosniki, tablicami in drugimi mobilnimi napravami. Uporabnikom ponuja prilagodljivost, da ostanejo povezani, kjer koli je na voljo zdru\u017eljivo mobilno omre\u017eje, zaradi \u010desar je idealen za profesionalce in popotnike, ki potrebujejo zanesljiv dostop do interneta na poti.<\/p>\n<p>Upo\u0161tevajte, da je treba pred namestitvijo preveriti zdru\u017eljivost z dolo\u010denimi napravami. Za zagotovitev pravilne funkcionalnosti in integracije z gostiteljsko napravo je priporo\u010dljiva strokovna namestitev.<\/p>\n<p>\u010ce povzamemo, originalni mobilni \u0161irokopasovni modul Ericsson H5321 3G\/GPS\/HSPA+ WWAN je brez\u017ei\u010dni modul vrhunske kakovosti, ki omogo\u010da povezljivost 3G, GPS in HSPA+ na zdru\u017eljivih napravah. S hitrim in zanesljivim mobilnim \u0161irokopasovnim dostopom lahko uporabniki ostanejo povezani, dostopajo do interneta in z lahkoto u\u017eivajo v storitvah, ki temeljijo na lokaciji.<\/p>\n<\/div>\n<\/div>\n<\/div>\n<div class=\"flex justify-between lg:block\">\n<div class=\"text-xs flex items-center justify-center gap-1 self-center pt-2 !invisible\"><\/div>\n<div class=\"text-gray-400 flex self-end lg:self-center justify-center mt-2 gap-2 md:gap-3 lg:gap-1 lg:absolute lg:top-0 lg:translate-x-full lg:right-0 lg:mt-0 lg:pl-2 visible\">\n<p>&nbsp;<\/p>\n<div class=\"flex gap-1\"><\/div>\n<\/div>\n<\/div>\n<\/div>\n<\/div>\n<\/div>\n<div class=\"h-32 md:h-48 flex-shrink-0\"><\/div>\n<p>&nbsp;<\/p>\n<\/div>\n<\/div>\n<\/div>\n<\/div>\n<div class=\"absolute bottom-0 left-0 w-full border-t md:border-t-0 temno:border-white\/20 md:border-transparent md:dark:border-transparent md:bg-vert-light-gradient bg-white temno:bg-gray-800 md:!bg-transparent temno:md:bg-vert-dark-gradient pt-2 md:pl-2 md:w-[calc(100%-.5rem)]\">\n<div class=\"relative flex h-full flex-1 items-stretch md:flex-col\" role=\"presentation\">\n<div>\n<div class=\"h-full flex ml-1 md:w-full md:m-auto md:mb-4 gap-0 md:gap-2 justify-center\"><\/div>\n<\/div>\n<\/div>\n<\/div>\n","protected":false},"featured_media":39354,"template":"","meta":[],"product_brand":[],"product_cat":[2062],"product_tag":[1818],"class_list":{"0":"post-53137","1":"product","2":"type-product","3":"status-publish","4":"has-post-thumbnail","6":"product_cat-maticne-plosce-in-deli-plosc","7":"product_tag-rezervni-deli","9":"first","10":"instock","11":"taxable","12":"shipping-taxable","13":"purchasable","14":"product-type-simple"},"_links":{"self":[{"href":"https:\/\/pracek.si\/racunalniskatrgovina\/wp-json\/wp\/v2\/product\/53137","targetHints":{"allow":["GET"]}}],"collection":[{"href":"https:\/\/pracek.si\/racunalniskatrgovina\/wp-json\/wp\/v2\/product"}],"about":[{"href":"https:\/\/pracek.si\/racunalniskatrgovina\/wp-json\/wp\/v2\/types\/product"}],"version-history":[{"count":0,"href":"https:\/\/pracek.si\/racunalniskatrgovina\/wp-json\/wp\/v2\/product\/53137\/revisions"}],"wp:featuredmedia":[{"embeddable":true,"href":"https:\/\/pracek.si\/racunalniskatrgovina\/wp-json\/wp\/v2\/media\/39354"}],"wp:attachment":[{"href":"https:\/\/pracek.si\/racunalniskatrgovina\/wp-json\/wp\/v2\/media?parent=53137"}],"wp:term":[{"taxonomy":"product_brand","embeddable":true,"href":"https:\/\/pracek.si\/racunalniskatrgovina\/wp-json\/wp\/v2\/product_brand?post=53137"},{"taxonomy":"product_cat","embeddable":true,"href":"https:\/\/pracek.si\/racunalniskatrgovina\/wp-json\/wp\/v2\/product_cat?post=53137"},{"taxonomy":"product_tag","embeddable":true,"href":"https:\/\/pracek.si\/racunalniskatrgovina\/wp-json\/wp\/v2\/product_tag?post=53137"}],"curies":[{"name":"wp","href":"https:\/\/api.w.org\/{rel}","templated":true}]}}