{"id":53156,"date":"2025-07-30T12:58:54","date_gmt":"2025-07-30T11:58:54","guid":{"rendered":"https:\/\/pracek.si\/racunalniskatrgovina\/?post_type=product&#038;p=53156"},"modified":"2026-01-09T13:11:05","modified_gmt":"2026-01-09T12:11:05","slug":"dell-latitude-e5450-smartcard-board-r22th-testirana-garancija","status":"publish","type":"product","link":"https:\/\/pracek.si\/racunalniskatrgovina\/izdelek\/dell-latitude-e5450-smartcard-board-r22th-testirana-garancija\/","title":{"rendered":"Dell Latitude E5450 Smartcard Board R22TH testirana garancija"},"content":{"rendered":"<p>Dell Latitude E5450 Smartcard Board R22TH je originalen in preizku\u0161en nadomestni del za va\u0161 prenosnik Dell Latitude E5450. Prihaja z garancijo za dodatno brezskrbnost, ki zagotavlja njegovo kakovost in funkcionalnost.<\/p>\n","protected":false},"excerpt":{"rendered":"<p>Zamenjajte svojo po\u0161kodovano ali nedelujo\u010do plo\u0161\u010do pametne kartice z originalno plo\u0161\u010do pametne kartice Dell Latitude E5450 R22TH. Ta plo\u0161\u010da je posebej zasnovana za uporabo z modelom prenosnega ra\u010dunalnika Dell Latitude E5450 in je testirana, da se zagotovi njena zdru\u017eljivost in funkcionalnost.<\/p>\n<p>Plo\u0161\u010da pametne kartice je bistvena komponenta va\u0161ega prenosnika, \u0161e posebej, \u010de pametne kartice pogosto uporabljate za preverjanje pristnosti ali varnostne namene. Z Dell Latitude E5450 Smartcard Board R22TH ste lahko prepri\u010dani, da bo funkcija pametne kartice va\u0161ega prenosnika delovala brezhibno.<\/p>\n<p>Pri nakupu plo\u0161\u010de pametne kartice Dell Latitude E5450 R22TH ste lahko prepri\u010dani, da dobite kakovosten izdelek. Podvr\u017een je strogemu testiranju za izpolnjevanje Dellovih standardov kakovosti, prilo\u017eena pa je tudi garancija za morebitne okvare ali te\u017eave.<\/p>\n<p>Postopek namestitve plo\u0161\u010de pametne kartice je preprost in staro ali pokvarjeno plo\u0161\u010do lahko preprosto zamenjate z novo. Bistvenega pomena je, da zagotovite pravilno delovanje va\u0161ega prenosnika, \u0161e posebej, \u010de je preverjanje pristnosti pametne kartice sestavni del va\u0161ega delovnega procesa.<\/p>\n<p>Poskrbite za nemoteno in varno delovanje va\u0161ega prenosnika Dell Latitude E5450 s plo\u0161\u010do pametne kartice Dell Latitude E5450 R22TH. S preizku\u0161eno zmogljivostjo in garancijskim kritjem lahko zaupate, da bo ta nadomestna plo\u0161\u010da izpolnila va\u0161e potrebe in pri\u010dakovanja.<\/p>\n","protected":false},"featured_media":39374,"template":"","meta":[],"product_brand":[],"product_cat":[2062],"product_tag":[2052,1818],"class_list":{"0":"post-53156","1":"product","2":"type-product","3":"status-publish","4":"has-post-thumbnail","6":"product_cat-maticne-plosce-in-deli-plosc","7":"product_tag-dell","8":"product_tag-rezervni-deli","10":"first","11":"instock","12":"taxable","13":"shipping-taxable","14":"purchasable","15":"product-type-simple"},"_links":{"self":[{"href":"https:\/\/pracek.si\/racunalniskatrgovina\/wp-json\/wp\/v2\/product\/53156","targetHints":{"allow":["GET"]}}],"collection":[{"href":"https:\/\/pracek.si\/racunalniskatrgovina\/wp-json\/wp\/v2\/product"}],"about":[{"href":"https:\/\/pracek.si\/racunalniskatrgovina\/wp-json\/wp\/v2\/types\/product"}],"version-history":[{"count":0,"href":"https:\/\/pracek.si\/racunalniskatrgovina\/wp-json\/wp\/v2\/product\/53156\/revisions"}],"wp:featuredmedia":[{"embeddable":true,"href":"https:\/\/pracek.si\/racunalniskatrgovina\/wp-json\/wp\/v2\/media\/39374"}],"wp:attachment":[{"href":"https:\/\/pracek.si\/racunalniskatrgovina\/wp-json\/wp\/v2\/media?parent=53156"}],"wp:term":[{"taxonomy":"product_brand","embeddable":true,"href":"https:\/\/pracek.si\/racunalniskatrgovina\/wp-json\/wp\/v2\/product_brand?post=53156"},{"taxonomy":"product_cat","embeddable":true,"href":"https:\/\/pracek.si\/racunalniskatrgovina\/wp-json\/wp\/v2\/product_cat?post=53156"},{"taxonomy":"product_tag","embeddable":true,"href":"https:\/\/pracek.si\/racunalniskatrgovina\/wp-json\/wp\/v2\/product_tag?post=53156"}],"curies":[{"name":"wp","href":"https:\/\/api.w.org\/{rel}","templated":true}]}}