{"id":53186,"date":"2025-07-30T13:00:42","date_gmt":"2025-07-30T12:00:42","guid":{"rendered":"https:\/\/pracek.si\/racunalniskatrgovina\/?post_type=product&#038;p=53186"},"modified":"2026-01-14T09:06:13","modified_gmt":"2026-01-14T08:06:13","slug":"459263-002-broadcom-4312mcg-mini-pci-802-11b-g-wifi-adapter","status":"publish","type":"product","link":"https:\/\/pracek.si\/racunalniskatrgovina\/izdelek\/459263-002-broadcom-4312mcg-mini-pci-802-11b-g-wifi-adapter\/","title":{"rendered":"459263-002 Broadcom 4312Mcg Mini Pci 802.11B\/G Wifi adapter"},"content":{"rendered":"<p>Broadcom 4312Mcg Mini PCI 802.11b\/g WiFi adapter (\u0161tevilka dela: 459263-002) ponuja zanesljivo brez\u017ei\u010dno povezljivost za zdru\u017eljive naprave. S podporo za standarde 802.11b\/g ta adapter omogo\u010da brezhibno brez\u017ei\u010dno omre\u017eje in dostop do interneta.<\/p>\n","protected":false},"excerpt":{"rendered":"<p>Nadgradite brez\u017ei\u010dne zmogljivosti va\u0161e zdru\u017eljive naprave z vmesnikom Broadcom 4312Mcg Mini PCI 802.11b\/g WiFi (\u0161tevilka dela: 459263-002). Ta bistveni omre\u017eni pripomo\u010dek zagotavlja zanesljivo in visoko zmogljivo brez\u017ei\u010dno povezljivost, ki vam omogo\u010da nemoteno dostopanje do interneta, prenos podatkov in povezovanje z lokalnimi omre\u017eji.<\/p>\n<p>Ta adapter WiFi, zasnovan tako, da je zdru\u017eljiv z napravami, ki imajo re\u017eo Mini PCI, zagotavlja podporo za brez\u017ei\u010dna standarda 802.11b in 802.11g. To pomeni, da lahko u\u017eivate v stabilnem in u\u010dinkovitem brez\u017ei\u010dnem omre\u017eju z zdru\u017eljivostjo v razli\u010dnih napravah in omre\u017ejih. Ne glede na to, ali ga uporabljate za osebno uporabo, poslovne naloge ali izobra\u017eevalne namene, Broadcom 4312Mcg Mini PCI WiFi adapter zagotavlja gladko in zanesljivo brez\u017ei\u010dno povezavo.<\/p>\n<p>Namestitev adapterja Broadcom 4312Mcg WiFi je enostavna, kar olaj\u0161a nadgradnjo omre\u017enih zmogljivosti va\u0161e naprave. Preprosto vstavite adapter v re\u017eo Mini PCI in lahko se pove\u017eete z razpolo\u017eljivimi brez\u017ei\u010dnimi omre\u017eji, dostopate do interneta in komunicirate z drugimi napravami brez potrebe po fizi\u010dnih kablih.<\/p>\n<p>Ostanite povezani in u\u017eivajte v priro\u010dnosti brez\u017ei\u010dnega omre\u017eja z vmesnikom Broadcom 4312Mcg Mini PCI 802.11b\/g WiFi (\u0161tevilka dela: 459263-002). Izkusite svobodo dostopa do interneta in svojih omre\u017enih virov, ne da bi bili privezani na \u017ei\u010dno povezavo. Nadgradite omre\u017ene zmogljivosti svoje naprave in u\u017eivajte v prednostih zanesljive in u\u010dinkovite brez\u017ei\u010dne povezave.<\/p>\n","protected":false},"featured_media":39427,"template":"","meta":[],"product_brand":[],"product_cat":[2062],"product_tag":[1818],"class_list":{"0":"post-53186","1":"product","2":"type-product","3":"status-publish","4":"has-post-thumbnail","6":"product_cat-maticne-plosce-in-deli-plosc","7":"product_tag-rezervni-deli","9":"first","10":"instock","11":"taxable","12":"shipping-taxable","13":"purchasable","14":"product-type-simple"},"_links":{"self":[{"href":"https:\/\/pracek.si\/racunalniskatrgovina\/wp-json\/wp\/v2\/product\/53186","targetHints":{"allow":["GET"]}}],"collection":[{"href":"https:\/\/pracek.si\/racunalniskatrgovina\/wp-json\/wp\/v2\/product"}],"about":[{"href":"https:\/\/pracek.si\/racunalniskatrgovina\/wp-json\/wp\/v2\/types\/product"}],"version-history":[{"count":0,"href":"https:\/\/pracek.si\/racunalniskatrgovina\/wp-json\/wp\/v2\/product\/53186\/revisions"}],"wp:featuredmedia":[{"embeddable":true,"href":"https:\/\/pracek.si\/racunalniskatrgovina\/wp-json\/wp\/v2\/media\/39427"}],"wp:attachment":[{"href":"https:\/\/pracek.si\/racunalniskatrgovina\/wp-json\/wp\/v2\/media?parent=53186"}],"wp:term":[{"taxonomy":"product_brand","embeddable":true,"href":"https:\/\/pracek.si\/racunalniskatrgovina\/wp-json\/wp\/v2\/product_brand?post=53186"},{"taxonomy":"product_cat","embeddable":true,"href":"https:\/\/pracek.si\/racunalniskatrgovina\/wp-json\/wp\/v2\/product_cat?post=53186"},{"taxonomy":"product_tag","embeddable":true,"href":"https:\/\/pracek.si\/racunalniskatrgovina\/wp-json\/wp\/v2\/product_tag?post=53186"}],"curies":[{"name":"wp","href":"https:\/\/api.w.org\/{rel}","templated":true}]}}