{"id":53218,"date":"2025-07-30T13:03:28","date_gmt":"2025-07-30T12:03:28","guid":{"rendered":"https:\/\/pracek.si\/racunalniskatrgovina\/?post_type=product&#038;p=53218"},"modified":"2025-07-30T13:07:33","modified_gmt":"2025-07-30T12:07:33","slug":"original-hp-elitebook-folio-1040-g3-series-volume-mute-wifi-stikalo-da0y0fpiah1","status":"publish","type":"product","link":"https:\/\/pracek.si\/racunalniskatrgovina\/izdelek\/original-hp-elitebook-folio-1040-g3-series-volume-mute-wifi-stikalo-da0y0fpiah1\/","title":{"rendered":"Original HP EliteBook Folio 1040 G3 Series Volume Mute WiFi stikalo DA0Y0FPIAH1"},"content":{"rendered":"<p>Originalno HP EliteBook Folio 1040 G3 Series Volume Mute WiFi stikalo (DA0Y0FPIAH1) je originalen nadomestni del, ki obnovi bistvene funkcije va\u0161ega prenosnika.<\/p>\n","protected":false},"excerpt":{"rendered":"<p>Obnovite funkcionalnost svojega prenosnika HP EliteBook Folio 1040 G3 Series s pristnim stikalom za izklop glasnosti WiFi (DA0Y0FPIAH1). Ta nadomestni del je pristna komponenta, ki jo je zasnoval HP, da zagotovi zdru\u017eljivost in pravilno integracijo z modelom va\u0161ega prenosnika.<\/p>\n<p>Stikalo za izklop zvoka WiFi (DA0Y0FPIAH1) je klju\u010dna komponenta, ki nadzoruje bistvene funkcije, kot so prilagajanje glasnosti, izklop zvoka in povezljivost WiFi. \u010ce je bila katera od teh funkcij ogro\u017eena zaradi obrabe ali drugih te\u017eav, jih lahko to pristno nadomestno stikalo vrne v polno delovanje.<\/p>\n<p>Natan\u010dno zasnovano pristno stikalo HP EliteBook Folio 1040 G3 serije Volume Mute WiFi (DA0Y0FPIAH1) je zasnovano za enostavno namestitev in brezhibno interakcijo s strojno in programsko opremo va\u0161ega prenosnika. To zagotavlja, da zmogljivost va\u0161ega prenosnika in uporabni\u0161ka izku\u0161nja ostaneta optimalni.<\/p>\n<p>V prenosnem ra\u010dunalniku HP EliteBook Folio 1040 G3 Series obnovite udobje nadzora glasnosti, izklopa zvoka in WiFi povezave s pristnim stikalom za izklop zvoka WiFi (DA0Y0FPIAH1). Zagotovite neprekinjeno nemoteno delovanje va\u0161ega prenosnika tako, da zamenjate obrabljene ali okvarjene komponente s tem pristnim nadomestnim delom HP.<\/p>\n","protected":false},"featured_media":39478,"template":"","meta":[],"product_brand":[],"product_cat":[2062],"product_tag":[2060,1818],"class_list":{"0":"post-53218","1":"product","2":"type-product","3":"status-publish","4":"has-post-thumbnail","6":"product_cat-maticne-plosce-in-deli-plosc","7":"product_tag-hp","8":"product_tag-rezervni-deli","10":"first","11":"instock","12":"taxable","13":"shipping-taxable","14":"purchasable","15":"product-type-simple"},"_links":{"self":[{"href":"https:\/\/pracek.si\/racunalniskatrgovina\/wp-json\/wp\/v2\/product\/53218","targetHints":{"allow":["GET"]}}],"collection":[{"href":"https:\/\/pracek.si\/racunalniskatrgovina\/wp-json\/wp\/v2\/product"}],"about":[{"href":"https:\/\/pracek.si\/racunalniskatrgovina\/wp-json\/wp\/v2\/types\/product"}],"version-history":[{"count":0,"href":"https:\/\/pracek.si\/racunalniskatrgovina\/wp-json\/wp\/v2\/product\/53218\/revisions"}],"wp:featuredmedia":[{"embeddable":true,"href":"https:\/\/pracek.si\/racunalniskatrgovina\/wp-json\/wp\/v2\/media\/39478"}],"wp:attachment":[{"href":"https:\/\/pracek.si\/racunalniskatrgovina\/wp-json\/wp\/v2\/media?parent=53218"}],"wp:term":[{"taxonomy":"product_brand","embeddable":true,"href":"https:\/\/pracek.si\/racunalniskatrgovina\/wp-json\/wp\/v2\/product_brand?post=53218"},{"taxonomy":"product_cat","embeddable":true,"href":"https:\/\/pracek.si\/racunalniskatrgovina\/wp-json\/wp\/v2\/product_cat?post=53218"},{"taxonomy":"product_tag","embeddable":true,"href":"https:\/\/pracek.si\/racunalniskatrgovina\/wp-json\/wp\/v2\/product_tag?post=53218"}],"curies":[{"name":"wp","href":"https:\/\/api.w.org\/{rel}","templated":true}]}}