{"id":53229,"date":"2025-07-30T13:04:16","date_gmt":"2025-07-30T12:04:16","guid":{"rendered":"https:\/\/pracek.si\/racunalniskatrgovina\/?post_type=product&#038;p=53229"},"modified":"2026-01-14T09:07:10","modified_gmt":"2026-01-14T08:07:10","slug":"ls-9415p-02t2yc-express-citalnik-kartic-za-dell-precision-m2800","status":"publish","type":"product","link":"https:\/\/pracek.si\/racunalniskatrgovina\/izdelek\/ls-9415p-02t2yc-express-citalnik-kartic-za-dell-precision-m2800\/","title":{"rendered":"LS-9415P &#8211; 02T2YC Express \u010ditalnik kartic za DELL Precision M2800"},"content":{"rendered":"<p>Izbolj\u0161ajte povezljivost prenosnika DELL Precision M2800 z bralnikom kartic LS-9415P Express. Ta \u010ditalnik kartic omogo\u010da priro\u010den dostop do razli\u010dnih ekspresnih zunanjih naprav kartic in tako raz\u0161iri funkcionalnost va\u0161ega prenosnika.<\/p>\n","protected":false},"excerpt":{"rendered":"<p>Nadgradite zmogljivosti svojega prenosnika DELL Precision M2800 z bralnikom kartic LS-9415P Express. Ta bralnik kartic, ki je zasnovan za brezhibno povezljivost in vsestranskost, vam omogo\u010da preprost dostop in uporabo razli\u010dnih ekspresnih zunanjih naprav za kartice, kar izbolj\u0161a funkcionalnost va\u0161ega prenosnika.<\/p>\n<p>Bralnik kartic LS-9415P Express doda izku\u0161nji va\u0161ega prenosnika dodatno raven udobja. S preprosto vstavitvijo zdru\u017eljivih ekspresnih zunanjih naprav kartice lahko raz\u0161irite zmogljivosti va\u0161ega DELL Precision M2800. Ne glede na to, ali gre za dodaten prostor za shranjevanje, posebno povezljivost ali izbolj\u0161ano avdio in video funkcionalnost, vam ta \u010ditalnik kartic omogo\u010da, da svoj prenosnik prilagodite svojim posebnim potrebam.<\/p>\n<p>Z enostavnim postopkom namestitve lahko \u010ditalnik kartic LS-9415P Express brez te\u017eav integrirate v va\u0161 DELL Precision M2800. Preprosto vstavite \u010ditalnik kartic v predvideno re\u017eo in \u017ee je pripravljen za uporabo. Ta poenostavljena nastavitev zagotavlja, da lahko brez odla\u0161anja za\u010dnete u\u017eivati v prednostih raz\u0161irjene povezljivosti.<\/p>\n<p>\u010citalnik hitrih kartic zagotavlja zanesljiv in varen prenos podatkov ter zagotavlja brezhibno delovanje povezanih zunanjih naprav. To je \u0161e posebej uporabno za strokovnjake in uporabnike, ki potrebujejo dostop do posebne strojne opreme ali dodatnih re\u0161itev za shranjevanje. \u010citalnik kartic LS-9415P Express zagotavlja, da bo va\u0161 prenosnik lahko izpolnil va\u0161e zahteve.<\/p>\n<p>Izkusite izbolj\u0161ano produktivnost in vsestranskost z bralnikom kartic LS-9415P Express za va\u0161 DELL Precision M2800. Izkoristite potencial svojega prenosnika z dodajanjem zdru\u017eljivosti s \u0161irokim naborom zunanjih naprav hitrih kartic. Ne glede na to, ali ste ustvarjalni strokovnjak, poslovni uporabnik ali \u0161tudent, ta \u010ditalnik kartic zagotavlja u\u010dinkovit in u\u010dinkovit na\u010din za raz\u0161iritev zmogljivosti va\u0161ega prenosnika.<\/p>\n","protected":false},"featured_media":39488,"template":"","meta":[],"product_brand":[],"product_cat":[2062],"product_tag":[2052,1818],"class_list":{"0":"post-53229","1":"product","2":"type-product","3":"status-publish","4":"has-post-thumbnail","6":"product_cat-maticne-plosce-in-deli-plosc","7":"product_tag-dell","8":"product_tag-rezervni-deli","10":"first","11":"instock","12":"taxable","13":"shipping-taxable","14":"purchasable","15":"product-type-simple"},"_links":{"self":[{"href":"https:\/\/pracek.si\/racunalniskatrgovina\/wp-json\/wp\/v2\/product\/53229","targetHints":{"allow":["GET"]}}],"collection":[{"href":"https:\/\/pracek.si\/racunalniskatrgovina\/wp-json\/wp\/v2\/product"}],"about":[{"href":"https:\/\/pracek.si\/racunalniskatrgovina\/wp-json\/wp\/v2\/types\/product"}],"version-history":[{"count":0,"href":"https:\/\/pracek.si\/racunalniskatrgovina\/wp-json\/wp\/v2\/product\/53229\/revisions"}],"wp:featuredmedia":[{"embeddable":true,"href":"https:\/\/pracek.si\/racunalniskatrgovina\/wp-json\/wp\/v2\/media\/39488"}],"wp:attachment":[{"href":"https:\/\/pracek.si\/racunalniskatrgovina\/wp-json\/wp\/v2\/media?parent=53229"}],"wp:term":[{"taxonomy":"product_brand","embeddable":true,"href":"https:\/\/pracek.si\/racunalniskatrgovina\/wp-json\/wp\/v2\/product_brand?post=53229"},{"taxonomy":"product_cat","embeddable":true,"href":"https:\/\/pracek.si\/racunalniskatrgovina\/wp-json\/wp\/v2\/product_cat?post=53229"},{"taxonomy":"product_tag","embeddable":true,"href":"https:\/\/pracek.si\/racunalniskatrgovina\/wp-json\/wp\/v2\/product_tag?post=53229"}],"curies":[{"name":"wp","href":"https:\/\/api.w.org\/{rel}","templated":true}]}}