{"id":53237,"date":"2025-07-30T13:05:04","date_gmt":"2025-07-30T12:05:04","guid":{"rendered":"https:\/\/pracek.si\/racunalniskatrgovina\/?post_type=product&#038;p=53237"},"modified":"2026-01-14T09:07:28","modified_gmt":"2026-01-14T08:07:28","slug":"originalni-hp-elitebook-840-850-g1-zbook-14-series-plosca-gumba-za-vklop-6050a2560301","status":"publish","type":"product","link":"https:\/\/pracek.si\/racunalniskatrgovina\/izdelek\/originalni-hp-elitebook-840-850-g1-zbook-14-series-plosca-gumba-za-vklop-6050a2560301\/","title":{"rendered":"Originalni HP EliteBook 840 850 G1 ZBook 14 Series plo\u0161\u010da gumba za vklop 6050A2560301"},"content":{"rendered":"<p>Originalna plo\u0161\u010da z gumbom za vklop HP EliteBook 840 850 G1 ZBook 14<\/p>\n","protected":false},"excerpt":{"rendered":"<p>Izbolj\u0161ajte funkcionalnost svojega prenosnika z originalno plo\u0161\u010do gumba za vklop HP EliteBook 840 850 G1 ZBook 14 Series. Ta originalni HP-jev dodatek, zasnovan tako, da se brezhibno prilega va\u0161i napravi, zagotavlja zanesljivost in zmogljivost.<\/p>\n<p>Nadgradite svoj prenosni ra\u010dunalnik s to plo\u0161\u010do gumba za vklop, da ohranite preprost dostop do funkcij napajanja va\u0161e naprave. Izdelan po HP-jevih visokih standardih zagotavlja zdru\u017eljivost in namestitev brez te\u017eav. Izbolj\u0161ajte svojo ra\u010dunalni\u0161ko izku\u0161njo s to pristno plo\u0161\u010do z gumbi za vklop.<\/p>\n","protected":false},"featured_media":39504,"template":"","meta":[],"product_brand":[],"product_cat":[2062],"product_tag":[2060,1818],"class_list":{"0":"post-53237","1":"product","2":"type-product","3":"status-publish","4":"has-post-thumbnail","6":"product_cat-maticne-plosce-in-deli-plosc","7":"product_tag-hp","8":"product_tag-rezervni-deli","10":"first","11":"instock","12":"taxable","13":"shipping-taxable","14":"purchasable","15":"product-type-simple"},"_links":{"self":[{"href":"https:\/\/pracek.si\/racunalniskatrgovina\/wp-json\/wp\/v2\/product\/53237","targetHints":{"allow":["GET"]}}],"collection":[{"href":"https:\/\/pracek.si\/racunalniskatrgovina\/wp-json\/wp\/v2\/product"}],"about":[{"href":"https:\/\/pracek.si\/racunalniskatrgovina\/wp-json\/wp\/v2\/types\/product"}],"version-history":[{"count":0,"href":"https:\/\/pracek.si\/racunalniskatrgovina\/wp-json\/wp\/v2\/product\/53237\/revisions"}],"wp:featuredmedia":[{"embeddable":true,"href":"https:\/\/pracek.si\/racunalniskatrgovina\/wp-json\/wp\/v2\/media\/39504"}],"wp:attachment":[{"href":"https:\/\/pracek.si\/racunalniskatrgovina\/wp-json\/wp\/v2\/media?parent=53237"}],"wp:term":[{"taxonomy":"product_brand","embeddable":true,"href":"https:\/\/pracek.si\/racunalniskatrgovina\/wp-json\/wp\/v2\/product_brand?post=53237"},{"taxonomy":"product_cat","embeddable":true,"href":"https:\/\/pracek.si\/racunalniskatrgovina\/wp-json\/wp\/v2\/product_cat?post=53237"},{"taxonomy":"product_tag","embeddable":true,"href":"https:\/\/pracek.si\/racunalniskatrgovina\/wp-json\/wp\/v2\/product_tag?post=53237"}],"curies":[{"name":"wp","href":"https:\/\/api.w.org\/{rel}","templated":true}]}}