{"id":53436,"date":"2025-07-30T14:38:33","date_gmt":"2025-07-30T13:38:33","guid":{"rendered":"https:\/\/pracek.si\/racunalniskatrgovina\/?post_type=product&#038;p=53436"},"modified":"2026-01-07T09:34:27","modified_gmt":"2026-01-07T08:34:27","slug":"modemska-kartica-za-prenosni-racunalnik-hp-probook-4420s-510100-001","status":"publish","type":"product","link":"https:\/\/pracek.si\/racunalniskatrgovina\/izdelek\/modemska-kartica-za-prenosni-racunalnik-hp-probook-4420s-510100-001\/","title":{"rendered":"Modemska kartica za prenosni ra\u010dunalnik HP ProBook 4420s 510100-001"},"content":{"rendered":"<p>Nadgradite komunikacijske zmogljivosti prenosnega ra\u010dunalnika HP ProBook 4420s s kartico modema za prenosni ra\u010dunalnik HP ProBook 4420s 510100-001. Ta modemska kartica, zasnovana za zagotavljanje zanesljive funkcionalnosti modema in brezhibne povezljivosti, ponuja pristno in zanesljivo re\u0161itev za izbolj\u0161ano mre\u017eenje in spletni dostop.<\/p>\n<p>Modemska kartica 510100-001 za prenosni ra\u010dunalnik HP ProBook 4420s, ki jo izdeluje HP, zaupanja vreden vodja na podro\u010dju ra\u010dunalni\u0161ke in komunikacijske tehnologije, je natan\u010dno zasnovana za brezhibno integracijo z zasnovo va\u0161ega prenosnika. Kot kriti\u010dna komponenta za zanesljive omre\u017ene povezave ta kartica ponuja prakti\u010dne prednosti in izbolj\u0161ano uporabnost.<\/p>\n<p>Ne glede na to, ali se morate povezati z internetom, po\u0161iljati e-po\u0161to ali dostopati do spletnih virov, ta modemska kartica zagotavlja stabilno povezljivost in zanesljiv prenos podatkov. S podporo za modemske funkcije zagotavlja zanesljivo re\u0161itev za razli\u010dne komunikacijske potrebe.<\/p>\n<p>Namestitev je enostavna, saj je ta modemska kartica zasnovana za zamenjavo obstoje\u010de modemske strojne opreme va\u0161ega prenosnika brez te\u017eav. \u010ce se odlo\u010dite za pristne dele HP, vlagate v kakovost, zanesljivost in izbolj\u0161ane omre\u017ene zmogljivosti va\u0161ega prenosnika.<\/p>\n<p>Nadgradite komunikacijske zmogljivosti va\u0161ega prenosnika HP ProBook 4420s s kartico modema za prenosnik HP ProBook 4420s 510100-001. U\u017eivajte v stabilni povezljivosti in zanesljivi funkciji modema za izbolj\u0161ano spletno izku\u0161njo.<\/p>\n<p>Pred nakupom preverite zdru\u017eljivost z va\u0161im modelom prenosnika.<\/p>\n","protected":false},"excerpt":{"rendered":"<p>Nadgradite komunikacijske zmogljivosti prenosnega ra\u010dunalnika HP ProBook 4420s s kartico modema za prenosni ra\u010dunalnik HP ProBook 4420s 510100-001. U\u017eivajte v stabilni povezljivosti in zanesljivi funkciji modema za izbolj\u0161ano spletno izku\u0161njo.<\/p>\n","protected":false},"featured_media":39828,"template":"","meta":[],"product_brand":[],"product_cat":[2062],"product_tag":[2060,1818],"class_list":{"0":"post-53436","1":"product","2":"type-product","3":"status-publish","4":"has-post-thumbnail","6":"product_cat-maticne-plosce-in-deli-plosc","7":"product_tag-hp","8":"product_tag-rezervni-deli","10":"first","11":"instock","12":"taxable","13":"shipping-taxable","14":"purchasable","15":"product-type-simple"},"_links":{"self":[{"href":"https:\/\/pracek.si\/racunalniskatrgovina\/wp-json\/wp\/v2\/product\/53436","targetHints":{"allow":["GET"]}}],"collection":[{"href":"https:\/\/pracek.si\/racunalniskatrgovina\/wp-json\/wp\/v2\/product"}],"about":[{"href":"https:\/\/pracek.si\/racunalniskatrgovina\/wp-json\/wp\/v2\/types\/product"}],"version-history":[{"count":0,"href":"https:\/\/pracek.si\/racunalniskatrgovina\/wp-json\/wp\/v2\/product\/53436\/revisions"}],"wp:featuredmedia":[{"embeddable":true,"href":"https:\/\/pracek.si\/racunalniskatrgovina\/wp-json\/wp\/v2\/media\/39828"}],"wp:attachment":[{"href":"https:\/\/pracek.si\/racunalniskatrgovina\/wp-json\/wp\/v2\/media?parent=53436"}],"wp:term":[{"taxonomy":"product_brand","embeddable":true,"href":"https:\/\/pracek.si\/racunalniskatrgovina\/wp-json\/wp\/v2\/product_brand?post=53436"},{"taxonomy":"product_cat","embeddable":true,"href":"https:\/\/pracek.si\/racunalniskatrgovina\/wp-json\/wp\/v2\/product_cat?post=53436"},{"taxonomy":"product_tag","embeddable":true,"href":"https:\/\/pracek.si\/racunalniskatrgovina\/wp-json\/wp\/v2\/product_tag?post=53436"}],"curies":[{"name":"wp","href":"https:\/\/api.w.org\/{rel}","templated":true}]}}