{"id":53439,"date":"2025-07-30T14:38:33","date_gmt":"2025-07-30T13:38:33","guid":{"rendered":"https:\/\/pracek.si\/racunalniskatrgovina\/?post_type=product&#038;p=53439"},"modified":"2026-01-07T09:35:08","modified_gmt":"2026-01-07T08:35:08","slug":"wi-fi-kartica-acer-aspire-one-nav50-4104a-ar5b95","status":"publish","type":"product","link":"https:\/\/pracek.si\/racunalniskatrgovina\/izdelek\/wi-fi-kartica-acer-aspire-one-nav50-4104a-ar5b95\/","title":{"rendered":"Wi-Fi kartica Acer Aspire One NAV50 4104A-AR5B95"},"content":{"rendered":"<p>Izbolj\u0161ajte povezljivost svojega prenosnika z mobilno kartico HP LT4120 T77W595 NGFF 4G LTE WWAN 800870-001. Ta mobilna kartica NGFF, zasnovana za zagotavljanje hitre brez\u017ei\u010dne komunikacije 4G LTE, ponuja pristno in zanesljivo re\u0161itev za izbolj\u0161ano mobilno povezljivost in spletni dostop.<\/p>\n<p>Mobilna kartica HP LT4120 T77W595 NGFF 4G LTE WWAN 800870-001, ki jo izdeluje HP, priznano vodilno podjetje na podro\u010dju ra\u010dunalni\u0161ke in komunikacijske tehnologije, je natan\u010dno zasnovana za brezhibno integracijo z zasnovo va\u0161ega prenosnika. Kot kriti\u010dna komponenta za hitre in zanesljive brez\u017ei\u010dne povezave ta kartica ponuja prakti\u010dne prednosti in izbolj\u0161ano uporabnost.<\/p>\n<p>Ne glede na to, ali ste na poti, potrebujete dostop do interneta ali se pove\u017eete z oddaljenimi viri, ta mobilna kartica zagotavlja stabilno povezljivost in u\u010dinkovit prenos podatkov prek hitrega omre\u017eja 4G LTE. S podporo za funkcije WWAN (Wireless Wide Area Network) zagotavlja zanesljivo re\u0161itev za razli\u010dne komunikacijske potrebe.<\/p>\n<p>Namestitev je preprosta, saj je ta mobilna kartica zasnovana tako, da se prilega v re\u017eo NGFF (faktor oblike naslednje generacije) va\u0161ega prenosnika. \u010ce se odlo\u010dite za pristne dele HP, vlagate v kakovost, zanesljivost in izbolj\u0161ane zmogljivosti mobilne povezljivosti va\u0161ega prenosnika.<\/p>\n<p>Nadgradite povezljivost svojega prenosnika z mobilno kartico HP LT4120 T77W595 NGFF 4G LTE WWAN 800870-001. U\u017eivajte v hitri in zanesljivi brez\u017ei\u010dni komunikaciji za izbolj\u0161ano mobilno izku\u0161njo.<\/p>\n<p>Pred nakupom preverite zdru\u017eljivost z va\u0161im modelom prenosnika.<\/p>\n","protected":false},"excerpt":{"rendered":"<p>Nadgradite povezljivost svojega prenosnika z mobilno kartico HP LT4120 T77W595 NGFF 4G LTE WWAN 800870-001. U\u017eivajte v hitri in zanesljivi brez\u017ei\u010dni komunikaciji za izbolj\u0161ano mobilno izku\u0161njo.<\/p>\n","protected":false},"featured_media":39834,"template":"","meta":[],"product_brand":[],"product_cat":[2062],"product_tag":[2064,1818],"class_list":{"0":"post-53439","1":"product","2":"type-product","3":"status-publish","4":"has-post-thumbnail","6":"product_cat-maticne-plosce-in-deli-plosc","7":"product_tag-acer","8":"product_tag-rezervni-deli","10":"first","11":"instock","12":"taxable","13":"shipping-taxable","14":"purchasable","15":"product-type-simple"},"_links":{"self":[{"href":"https:\/\/pracek.si\/racunalniskatrgovina\/wp-json\/wp\/v2\/product\/53439","targetHints":{"allow":["GET"]}}],"collection":[{"href":"https:\/\/pracek.si\/racunalniskatrgovina\/wp-json\/wp\/v2\/product"}],"about":[{"href":"https:\/\/pracek.si\/racunalniskatrgovina\/wp-json\/wp\/v2\/types\/product"}],"version-history":[{"count":0,"href":"https:\/\/pracek.si\/racunalniskatrgovina\/wp-json\/wp\/v2\/product\/53439\/revisions"}],"wp:featuredmedia":[{"embeddable":true,"href":"https:\/\/pracek.si\/racunalniskatrgovina\/wp-json\/wp\/v2\/media\/39834"}],"wp:attachment":[{"href":"https:\/\/pracek.si\/racunalniskatrgovina\/wp-json\/wp\/v2\/media?parent=53439"}],"wp:term":[{"taxonomy":"product_brand","embeddable":true,"href":"https:\/\/pracek.si\/racunalniskatrgovina\/wp-json\/wp\/v2\/product_brand?post=53439"},{"taxonomy":"product_cat","embeddable":true,"href":"https:\/\/pracek.si\/racunalniskatrgovina\/wp-json\/wp\/v2\/product_cat?post=53439"},{"taxonomy":"product_tag","embeddable":true,"href":"https:\/\/pracek.si\/racunalniskatrgovina\/wp-json\/wp\/v2\/product_tag?post=53439"}],"curies":[{"name":"wp","href":"https:\/\/api.w.org\/{rel}","templated":true}]}}