{"id":53464,"date":"2025-07-30T14:40:16","date_gmt":"2025-07-30T13:40:16","guid":{"rendered":"https:\/\/pracek.si\/racunalniskatrgovina\/?post_type=product&#038;p=53464"},"modified":"2025-07-30T14:42:45","modified_gmt":"2025-07-30T13:42:45","slug":"brezzicna-wifi-kartica-za-hp-probook-6560b-582564-002-582235-002","status":"publish","type":"product","link":"https:\/\/pracek.si\/racunalniskatrgovina\/izdelek\/brezzicna-wifi-kartica-za-hp-probook-6560b-582564-002-582235-002\/","title":{"rendered":"Brez\u017ei\u010dna WiFi kartica za HP PROBOOK 6560B &#8211; 582564-002 &#8211; 582235-002"},"content":{"rendered":"<p>Izbolj\u0161ajte brez\u017ei\u010dne zmogljivosti va\u0161ega prenosnika HP ProBook 6560B z brez\u017ei\u010dno WiFi kartico (\u0161tevilke delov: 582564-002, 582235-002). Ta kartica je zasnovana za izbolj\u0161ano zmogljivost Wi-Fi in ponuja pristno in zanesljivo re\u0161itev za izbolj\u0161anje brez\u017ei\u010dne povezljivosti va\u0161ega prenosnika.<\/p>\n<p>Brez\u017ei\u010dna WiFi kartica se brezhibno integrira z va\u0161im HP ProBook 6560B ter zagotavlja izbolj\u0161ano mo\u010d signala in stabilne brez\u017ei\u010dne povezave. Ta kartica igra klju\u010dno vlogo pri zagotavljanju zanesljive povezave Wi-Fi, zagotavlja prakti\u010dne prednosti in izbolj\u0161ano uporabnost.<\/p>\n<p>S podporo za razli\u010dne standarde Wi-Fi, vklju\u010dno z najnovej\u0161im 802.11n, ta kartica omogo\u010da hiter brez\u017ei\u010dni prenos podatkov. Ne glede na to, ali pretakate, prena\u0161ate ali delate v spletu, izkusite brezhibno povezljivost in u\u010dinkovito komunikacijo.<\/p>\n<p>Namestitev je enostavna, saj je brez\u017ei\u010dna WiFi kartica zasnovana tako, da se enostavno prilega v dolo\u010deno re\u017eo va\u0161ega prenosnika. \u010ce se odlo\u010dite za to pristno HP-jevo komponento, vlagate v kakovost, zanesljivost in izbolj\u0161ane brez\u017ei\u010dne zmogljivosti va\u0161ega prenosnika.<\/p>\n<p>Nadgradite brez\u017ei\u010dno zmogljivost va\u0161ega prenosnika HP ProBook 6560B z brez\u017ei\u010dno WiFi kartico (\u0161tevilke delov: 582564-002, 582235-002). U\u017eivajte v hitrej\u0161i povezljivosti Wi-Fi in u\u010dinkoviti komunikaciji za nadgrajeno spletno izku\u0161njo.<\/p>\n<p>Pred nakupom preverite zdru\u017eljivost z va\u0161im modelom prenosnika.<\/p>\n","protected":false},"excerpt":{"rendered":"<p>Izbolj\u0161ajte brez\u017ei\u010dno zmogljivost va\u0161ega prenosnika HP ProBook 6560B z brez\u017ei\u010dno WiFi kartico (\u0161tevilke delov: 582564-002, 582235-002). U\u017eivajte v izbolj\u0161ani povezljivosti Wi-Fi in u\u010dinkoviti komunikaciji za bolj\u0161o spletno izku\u0161njo.<\/p>\n","protected":false},"featured_media":39872,"template":"","meta":[],"product_brand":[],"product_cat":[2062],"product_tag":[2060,1818],"class_list":{"0":"post-53464","1":"product","2":"type-product","3":"status-publish","4":"has-post-thumbnail","6":"product_cat-maticne-plosce-in-deli-plosc","7":"product_tag-hp","8":"product_tag-rezervni-deli","10":"first","11":"instock","12":"taxable","13":"shipping-taxable","14":"purchasable","15":"product-type-simple"},"_links":{"self":[{"href":"https:\/\/pracek.si\/racunalniskatrgovina\/wp-json\/wp\/v2\/product\/53464","targetHints":{"allow":["GET"]}}],"collection":[{"href":"https:\/\/pracek.si\/racunalniskatrgovina\/wp-json\/wp\/v2\/product"}],"about":[{"href":"https:\/\/pracek.si\/racunalniskatrgovina\/wp-json\/wp\/v2\/types\/product"}],"version-history":[{"count":0,"href":"https:\/\/pracek.si\/racunalniskatrgovina\/wp-json\/wp\/v2\/product\/53464\/revisions"}],"wp:featuredmedia":[{"embeddable":true,"href":"https:\/\/pracek.si\/racunalniskatrgovina\/wp-json\/wp\/v2\/media\/39872"}],"wp:attachment":[{"href":"https:\/\/pracek.si\/racunalniskatrgovina\/wp-json\/wp\/v2\/media?parent=53464"}],"wp:term":[{"taxonomy":"product_brand","embeddable":true,"href":"https:\/\/pracek.si\/racunalniskatrgovina\/wp-json\/wp\/v2\/product_brand?post=53464"},{"taxonomy":"product_cat","embeddable":true,"href":"https:\/\/pracek.si\/racunalniskatrgovina\/wp-json\/wp\/v2\/product_cat?post=53464"},{"taxonomy":"product_tag","embeddable":true,"href":"https:\/\/pracek.si\/racunalniskatrgovina\/wp-json\/wp\/v2\/product_tag?post=53464"}],"curies":[{"name":"wp","href":"https:\/\/api.w.org\/{rel}","templated":true}]}}