{"id":53477,"date":"2025-07-30T14:41:03","date_gmt":"2025-07-30T13:41:03","guid":{"rendered":"https:\/\/pracek.si\/racunalniskatrgovina\/?post_type=product&#038;p=53477"},"modified":"2026-01-07T09:38:24","modified_gmt":"2026-01-07T08:38:24","slug":"09c01-ls-5575p-originalna-dell-led-plosca-precision-m4500","status":"publish","type":"product","link":"https:\/\/pracek.si\/racunalniskatrgovina\/izdelek\/09c01-ls-5575p-originalna-dell-led-plosca-precision-m4500\/","title":{"rendered":"09C01 LS-5575P ORIGINALNA DELL LED PLO\u0160\u010cA PRECISION M4500"},"content":{"rendered":"<p>Nadgradite zmogljivosti zaslona svojega prenosnika Dell Precision M4500 z originalno plo\u0161\u010do LED Dell 09C01 LS-5575P. Ta LED plo\u0161\u010da zagotavlja pristno in zanesljivo re\u0161itev za izbolj\u0161anje vizualne izku\u0161nje va\u0161ega prenosnika.<\/p>\n<p>Pristna originalna LED plo\u0161\u010da Dell 09C01 LS-5575P se brezhibno integrira z va\u0161im prenosnim ra\u010dunalnikom Dell Precision M4500 ter zagotavlja izbolj\u0161ano osvetlitev ozadja in zmogljivost zaslona. Ta plo\u0161\u010da igra klju\u010dno vlogo pri zagotavljanju \u017eivahnih in jasnih vizualnih podob, ponuja prakti\u010dne prednosti in izbolj\u0161ano uporabni\u0161ko izku\u0161njo.<\/p>\n<p>S zdru\u017eljivostjo, prilagojeno va\u0161emu posebnemu modelu prenosnika, plo\u0161\u010da LED izbolj\u0161a natan\u010dnost va\u0161ega zaslona in prispeva k izbolj\u0161ani vizualni izku\u0161nji, ne glede na to, ali delate, pretakate vsebino ali brskate.<\/p>\n<p>Namestitev je enostavna, saj je originalna plo\u0161\u010da LED Dell 09C01 LS-5575P zasnovana tako, da se zlahka prilega v dolo\u010deno re\u017eo va\u0161ega prenosnika. Nadgradite zmogljivost zaslona svojega prenosnika Dell Precision M4500 z originalno plo\u0161\u010do LED Dell 09C01 LS-5575P. U\u017eivajte v izbolj\u0161ani vizualni jasnosti, svetlosti in splo\u0161ni kakovosti zaslona za izbolj\u0161ano ra\u010dunalni\u0161ko izku\u0161njo.<\/p>\n<p>Prosimo, da pred nakupom zagotovite zdru\u017eljivost z va\u0161im modelom prenosnika.<\/p>\n","protected":false},"excerpt":{"rendered":"<p>Izbolj\u0161ajte kakovost zaslona svojega prenosnika Dell Precision M4500 z originalno plo\u0161\u010do LED Dell 09C01 LS-5575P. U\u017eivajte v izbolj\u0161ani svetlosti, jasnosti in splo\u0161ni vizualni zmogljivosti za izbolj\u0161ano ra\u010dunalni\u0161ko izku\u0161njo.<\/p>\n","protected":false},"featured_media":39886,"template":"","meta":[],"product_brand":[],"product_cat":[2062],"product_tag":[2052,1818],"class_list":{"0":"post-53477","1":"product","2":"type-product","3":"status-publish","4":"has-post-thumbnail","6":"product_cat-maticne-plosce-in-deli-plosc","7":"product_tag-dell","8":"product_tag-rezervni-deli","10":"first","11":"instock","12":"taxable","13":"shipping-taxable","14":"purchasable","15":"product-type-simple"},"_links":{"self":[{"href":"https:\/\/pracek.si\/racunalniskatrgovina\/wp-json\/wp\/v2\/product\/53477","targetHints":{"allow":["GET"]}}],"collection":[{"href":"https:\/\/pracek.si\/racunalniskatrgovina\/wp-json\/wp\/v2\/product"}],"about":[{"href":"https:\/\/pracek.si\/racunalniskatrgovina\/wp-json\/wp\/v2\/types\/product"}],"version-history":[{"count":0,"href":"https:\/\/pracek.si\/racunalniskatrgovina\/wp-json\/wp\/v2\/product\/53477\/revisions"}],"wp:featuredmedia":[{"embeddable":true,"href":"https:\/\/pracek.si\/racunalniskatrgovina\/wp-json\/wp\/v2\/media\/39886"}],"wp:attachment":[{"href":"https:\/\/pracek.si\/racunalniskatrgovina\/wp-json\/wp\/v2\/media?parent=53477"}],"wp:term":[{"taxonomy":"product_brand","embeddable":true,"href":"https:\/\/pracek.si\/racunalniskatrgovina\/wp-json\/wp\/v2\/product_brand?post=53477"},{"taxonomy":"product_cat","embeddable":true,"href":"https:\/\/pracek.si\/racunalniskatrgovina\/wp-json\/wp\/v2\/product_cat?post=53477"},{"taxonomy":"product_tag","embeddable":true,"href":"https:\/\/pracek.si\/racunalniskatrgovina\/wp-json\/wp\/v2\/product_tag?post=53477"}],"curies":[{"name":"wp","href":"https:\/\/api.w.org\/{rel}","templated":true}]}}