{"id":53534,"date":"2025-07-30T14:44:10","date_gmt":"2025-07-30T13:44:10","guid":{"rendered":"https:\/\/pracek.si\/racunalniskatrgovina\/?post_type=product&#038;p=53534"},"modified":"2026-01-07T14:54:37","modified_gmt":"2026-01-07T13:54:37","slug":"hcerinska-plosca-dell-latitude-e6540-vga-gumbi-8992w-08992w-ls-9411p","status":"publish","type":"product","link":"https:\/\/pracek.si\/racunalniskatrgovina\/izdelek\/hcerinska-plosca-dell-latitude-e6540-vga-gumbi-8992w-08992w-ls-9411p\/","title":{"rendered":"Mati\u010dna plo\u0161\u010da Dell Latitude E6540 VGA gumbi 8992W 08992W LS-9411P"},"content":{"rendered":"<p>Izbolj\u0161ajte funkcionalnost svojega prenosnika Dell Latitude E6540 z mati\u010dno plo\u0161\u010do Dell Latitude E6540 VGA Buttons 8992W. Ta pristna komponenta Dell, ki je zasnovana tako, da vam nudi brezhibno in u\u010dinkovito uporabni\u0161ko izku\u0161njo, nudi izbolj\u0161an nadzor in dostop do gumbov VGA va\u0161ega prenosnika.<\/p>\n<p>Mati\u010dna plo\u0161\u010da Dell Latitude E6540 VGA Buttons 8992W je natan\u010dno izdelana, da zagotovi zdru\u017eljivost z va\u0161im modelom prenosnika. Njegovo inteligentno zasnovano vezje omogo\u010da gladko komunikacijo med gumbi VGA in notranjimi komponentami va\u0161ega prenosnika, kar ima za posledico odzivno in zanesljivo delovanje.<\/p>\n<p>Ta mati\u010dna plo\u0161\u010da s \u0161tevilko dela LS-9411P je pristna nadomestna komponenta, ki zagotavlja zmogljivost in zanesljivost. Prilo\u017eeni kabel zagotavlja enostavno namestitev, zaradi \u010desar je primeren tako za izku\u0161ene tehnike kot za uporabnike, ki se \u0161ele sre\u010dujejo z zamenjavo strojne opreme.<\/p>\n<p>Z integracijo mati\u010dna plo\u0161\u010de Dell Latitude E6540 VGA Buttons 8992W v va\u0161 prenosnik lahko u\u017eivate v izbolj\u0161anem nadzoru nad nastavitvami VGA in izbolj\u0161ani uporabni\u0161ki izku\u0161nji. Pove\u010dajte svojo produktivnost in udobje z izbiro te pristne komponente Dell.<\/p>\n<p>Pred nakupom preverite zdru\u017eljivost z va\u0161im modelom Dell Latitude E6540, da zagotovite brezhibno integracijo.<\/p>\n","protected":false},"excerpt":{"rendered":"<p>Nadgradite nadzor in dostopnost va\u0161ega prenosnika Dell Latitude E6540 z mati\u010dno plo\u0161\u010do Dell Latitude E6540 VGA Buttons 8992W. Ta pristna komponenta Dell ponuja izbolj\u0161ano funkcionalnost in odziven nadzor nad gumbi VGA va\u0161ega prenosnika.<\/p>\n","protected":false},"featured_media":39991,"template":"","meta":[],"product_brand":[],"product_cat":[2062],"product_tag":[2052,1818],"class_list":{"0":"post-53534","1":"product","2":"type-product","3":"status-publish","4":"has-post-thumbnail","6":"product_cat-maticne-plosce-in-deli-plosc","7":"product_tag-dell","8":"product_tag-rezervni-deli","10":"first","11":"instock","12":"taxable","13":"shipping-taxable","14":"purchasable","15":"product-type-simple"},"_links":{"self":[{"href":"https:\/\/pracek.si\/racunalniskatrgovina\/wp-json\/wp\/v2\/product\/53534","targetHints":{"allow":["GET"]}}],"collection":[{"href":"https:\/\/pracek.si\/racunalniskatrgovina\/wp-json\/wp\/v2\/product"}],"about":[{"href":"https:\/\/pracek.si\/racunalniskatrgovina\/wp-json\/wp\/v2\/types\/product"}],"version-history":[{"count":0,"href":"https:\/\/pracek.si\/racunalniskatrgovina\/wp-json\/wp\/v2\/product\/53534\/revisions"}],"wp:featuredmedia":[{"embeddable":true,"href":"https:\/\/pracek.si\/racunalniskatrgovina\/wp-json\/wp\/v2\/media\/39991"}],"wp:attachment":[{"href":"https:\/\/pracek.si\/racunalniskatrgovina\/wp-json\/wp\/v2\/media?parent=53534"}],"wp:term":[{"taxonomy":"product_brand","embeddable":true,"href":"https:\/\/pracek.si\/racunalniskatrgovina\/wp-json\/wp\/v2\/product_brand?post=53534"},{"taxonomy":"product_cat","embeddable":true,"href":"https:\/\/pracek.si\/racunalniskatrgovina\/wp-json\/wp\/v2\/product_cat?post=53534"},{"taxonomy":"product_tag","embeddable":true,"href":"https:\/\/pracek.si\/racunalniskatrgovina\/wp-json\/wp\/v2\/product_tag?post=53534"}],"curies":[{"name":"wp","href":"https:\/\/api.w.org\/{rel}","templated":true}]}}