{"id":53539,"date":"2025-07-30T14:44:11","date_gmt":"2025-07-30T13:44:11","guid":{"rendered":"https:\/\/pracek.si\/racunalniskatrgovina\/?post_type=product&#038;p=53539"},"modified":"2025-07-30T14:46:46","modified_gmt":"2025-07-30T13:46:46","slug":"6050a2560301-za-hp-power-button-board-elitebook-840-745-g1","status":"publish","type":"product","link":"https:\/\/pracek.si\/racunalniskatrgovina\/izdelek\/6050a2560301-za-hp-power-button-board-elitebook-840-745-g1\/","title":{"rendered":"6050A2560301 Za HP POWER BUTTON BOARD ELITEBOOK 840 745 G1"},"content":{"rendered":"<p>Nadgradite svoj prenosni ra\u010dunalnik HP EliteBook 840 ali 745 G1 s plo\u0161\u010do gumba za vklop 6050A2560301. Ta originalni HP-jev nadomestni del je zasnovan tako, da obnovi funkcionalnost gumba za vklop va\u0161ega prenosnika ter tako zagotovi nemoteno in odzivno delovanje.<\/p>\n<p>Gumb za vklop je klju\u010dna komponenta katerega koli prenosnika, ki vam omogo\u010da, da napravo brez te\u017eav vklopite in izklopite. S\u010dasoma lahko obraba povzro\u010di zmanj\u0161ano delovanje ali celo okvaro tega bistvenega gumba. S plo\u0161\u010do gumba za vklop 6050A2560301 lahko svojemu prenosniku vdahnete novo \u017eivljenje in mu povrnete polno funkcionalnost.<\/p>\n<p>Postopek namestitve je preprost in ta plo\u0161\u010da z gumbom za vklop je zasnovana tako, da se popolnoma prilega va\u0161emu prenosnemu ra\u010dunalniku HP EliteBook 840 ali 745 G1, kar zagotavlja brezhibno integracijo v sistem. U\u017eivajte v priro\u010dnosti in brezskrbnosti, ki ju prina\u0161a zanesljiv gumb za vklop na dosegu roke.<\/p>\n<p>Izberite plo\u0161\u010do gumba za vklop 6050A2560301 za prenosnike HP EliteBook 840 in 745 G1 in si zagotovite izku\u0161njo upravljanja porabe brez te\u017eav v prihodnjih letih.<\/p>\n","protected":false},"excerpt":{"rendered":"<p>O\u017eivite svoj prenosni ra\u010dunalnik HP EliteBook 840 ali 745 G1 s plo\u0161\u010do gumba za vklop 6050A2560301. Obnovi gladko in odzivno delovanje gumba za vklop.<\/p>\n","protected":false},"featured_media":40001,"template":"","meta":[],"product_brand":[],"product_cat":[2062],"product_tag":[2060,1818],"class_list":{"0":"post-53539","1":"product","2":"type-product","3":"status-publish","4":"has-post-thumbnail","6":"product_cat-maticne-plosce-in-deli-plosc","7":"product_tag-hp","8":"product_tag-rezervni-deli","10":"first","11":"instock","12":"taxable","13":"shipping-taxable","14":"purchasable","15":"product-type-simple"},"_links":{"self":[{"href":"https:\/\/pracek.si\/racunalniskatrgovina\/wp-json\/wp\/v2\/product\/53539","targetHints":{"allow":["GET"]}}],"collection":[{"href":"https:\/\/pracek.si\/racunalniskatrgovina\/wp-json\/wp\/v2\/product"}],"about":[{"href":"https:\/\/pracek.si\/racunalniskatrgovina\/wp-json\/wp\/v2\/types\/product"}],"version-history":[{"count":0,"href":"https:\/\/pracek.si\/racunalniskatrgovina\/wp-json\/wp\/v2\/product\/53539\/revisions"}],"wp:featuredmedia":[{"embeddable":true,"href":"https:\/\/pracek.si\/racunalniskatrgovina\/wp-json\/wp\/v2\/media\/40001"}],"wp:attachment":[{"href":"https:\/\/pracek.si\/racunalniskatrgovina\/wp-json\/wp\/v2\/media?parent=53539"}],"wp:term":[{"taxonomy":"product_brand","embeddable":true,"href":"https:\/\/pracek.si\/racunalniskatrgovina\/wp-json\/wp\/v2\/product_brand?post=53539"},{"taxonomy":"product_cat","embeddable":true,"href":"https:\/\/pracek.si\/racunalniskatrgovina\/wp-json\/wp\/v2\/product_cat?post=53539"},{"taxonomy":"product_tag","embeddable":true,"href":"https:\/\/pracek.si\/racunalniskatrgovina\/wp-json\/wp\/v2\/product_tag?post=53539"}],"curies":[{"name":"wp","href":"https:\/\/api.w.org\/{rel}","templated":true}]}}