{"id":53589,"date":"2025-07-30T14:47:12","date_gmt":"2025-07-30T13:47:12","guid":{"rendered":"https:\/\/pracek.si\/racunalniskatrgovina\/?post_type=product&#038;p=53589"},"modified":"2025-07-30T14:49:34","modified_gmt":"2025-07-30T13:49:34","slug":"dell-latitude-5289-7389-sklop-sledilne-ploscice-z-naslonom-za-dlani-fhvmh-0fhvmh","status":"publish","type":"product","link":"https:\/\/pracek.si\/racunalniskatrgovina\/izdelek\/dell-latitude-5289-7389-sklop-sledilne-ploscice-z-naslonom-za-dlani-fhvmh-0fhvmh\/","title":{"rendered":"Dell Latitude 5289 7389 sklop sledilne plo\u0161\u010dice z naslonom za dlani FHVMH 0FHVMH"},"content":{"rendered":"<p>Nadgradite funkcionalnost in estetiko va\u0161ega prenosnika Dell Latitude 5289 ali 7389 z vrhunskim sklopom sledilne plo\u0161\u010dice Dell Latitude 5289 7389 FHVMH 0FHVMH. Ta originalni nadomestni del Dell zdru\u017euje eleganten dizajn z napredno tehnologijo sledilne plo\u0161\u010dice, kar vam zagotavlja izbolj\u0161ano ra\u010dunalni\u0161ko izku\u0161njo.<\/p>\n<p>Zasnovan tako, da se popolnoma prilega modeloma Dell Latitude 5289 in 7389, FHVMH 0FHVMH sklop sledilne plo\u0161\u010dice z naslonom za dlani ponuja brezhibno integracijo, ki dopolnjuje splo\u0161ni videz va\u0161ega prenosnika. Sama sledilna plo\u0161\u010dica se pona\u0161a z odzivnimi zmo\u017enostmi ve\u010dkratnega dotika, kar vam omogo\u010da enostavno navigacijo, pomikanje in interakcijo z va\u0161o napravo.<\/p>\n<p>Zamenjava sklopa sledilne plo\u0161\u010dice naslona za dlani je preprost postopek in takoj spremeni videz in uporabnost va\u0161ega prenosnika. Sklop FHVMH 0FHVMH vklju\u010duje naslon za dlani in sledilno plo\u0161\u010dico, zaradi \u010desar je priro\u010dna re\u0161itev vse v enem za popolno nadgradnjo.<\/p>\n<p>Ta originalni del Dell zagotavlja najvi\u0161je standarde kakovosti in zmogljivosti. Sklop sledilne plo\u0161\u010dice Dell Latitude 5289 7389 FHVMH 0FHVMH z naslonom za dlani, ki je bil strogo preizku\u0161en za zagotavljanje zanesljivosti in vzdr\u017eljivosti, je izdelan tako, da vzdr\u017ei vsakodnevno uporabo, hkrati pa zagotavlja optimalno ob\u010dutljivost na dotik.<\/p>\n<p>Izkusite izbolj\u0161ano navigacijo na dotik, natan\u010den nadzor in osve\u017een videz svojega prenosnika s sklopom sledilne plo\u0161\u010dice Dell Latitude 5289 7389 FHVMH 0FHVMH. Izbolj\u0161ajte svojo ra\u010dunalni\u0161ko izku\u0161njo in u\u017eivajte v priro\u010dnosti pristnega nadomestnega dela Dell, ki je zasnovan za izbolj\u0161ano zmogljivost in slog.<\/p>\n","protected":false},"excerpt":{"rendered":"<p>Izbolj\u0161ajte zmogljivost in estetiko svojega prenosnika Dell Latitude 5289 ali 7389 s pristnim sklopom sledilne plo\u0161\u010dice z naslonom za dlani Dell Latitude 5289 7389 FHVMH 0FHVMH. Zamenjajte svoj obstoje\u010di sklop s tem visokokakovostnim delom in u\u017eivajte v izbolj\u0161ani navigaciji na dotik, zmo\u017enostih ve\u010dkratnega dotika in osve\u017eenem videzu prenosnika.<\/p>\n","protected":false},"featured_media":40085,"template":"","meta":[],"product_brand":[],"product_cat":[2051],"product_tag":[2052,1818],"class_list":{"0":"post-53589","1":"product","2":"type-product","3":"status-publish","4":"has-post-thumbnail","6":"product_cat-ohisje-prenosnika","7":"product_tag-dell","8":"product_tag-rezervni-deli","10":"first","11":"instock","12":"taxable","13":"shipping-taxable","14":"purchasable","15":"product-type-simple"},"_links":{"self":[{"href":"https:\/\/pracek.si\/racunalniskatrgovina\/wp-json\/wp\/v2\/product\/53589","targetHints":{"allow":["GET"]}}],"collection":[{"href":"https:\/\/pracek.si\/racunalniskatrgovina\/wp-json\/wp\/v2\/product"}],"about":[{"href":"https:\/\/pracek.si\/racunalniskatrgovina\/wp-json\/wp\/v2\/types\/product"}],"version-history":[{"count":0,"href":"https:\/\/pracek.si\/racunalniskatrgovina\/wp-json\/wp\/v2\/product\/53589\/revisions"}],"wp:featuredmedia":[{"embeddable":true,"href":"https:\/\/pracek.si\/racunalniskatrgovina\/wp-json\/wp\/v2\/media\/40085"}],"wp:attachment":[{"href":"https:\/\/pracek.si\/racunalniskatrgovina\/wp-json\/wp\/v2\/media?parent=53589"}],"wp:term":[{"taxonomy":"product_brand","embeddable":true,"href":"https:\/\/pracek.si\/racunalniskatrgovina\/wp-json\/wp\/v2\/product_brand?post=53589"},{"taxonomy":"product_cat","embeddable":true,"href":"https:\/\/pracek.si\/racunalniskatrgovina\/wp-json\/wp\/v2\/product_cat?post=53589"},{"taxonomy":"product_tag","embeddable":true,"href":"https:\/\/pracek.si\/racunalniskatrgovina\/wp-json\/wp\/v2\/product_tag?post=53589"}],"curies":[{"name":"wp","href":"https:\/\/api.w.org\/{rel}","templated":true}]}}