{"id":53593,"date":"2025-07-30T14:47:13","date_gmt":"2025-07-30T13:47:13","guid":{"rendered":"https:\/\/pracek.si\/racunalniskatrgovina\/?post_type=product&#038;p=53593"},"modified":"2025-07-30T14:50:16","modified_gmt":"2025-07-30T13:50:16","slug":"hp-elitebook-720-725-820-g1-g2-a-skoljkasti-zaslon-zadnji-pokrov-730561-001","status":"publish","type":"product","link":"https:\/\/pracek.si\/racunalniskatrgovina\/izdelek\/hp-elitebook-720-725-820-g1-g2-a-skoljkasti-zaslon-zadnji-pokrov-730561-001\/","title":{"rendered":"HP EliteBook 720 725 820 G1 G2 A \u0161koljkasti zaslon ZADNJI pokrov 730561-001"},"content":{"rendered":"<p>Nadgradite estetiko in za\u0161\u010dito va\u0161ega prenosnika HP EliteBook 720, 725 ali 820 G1\/G2 z originalnim zadnjim pokrovom zaslona HP 730561-001 A Shell. Ta nadomestni zadnji pokrov, izdelan tako, da se popolnoma prilega tem specifi\u010dnim modelom EliteBook, izbolj\u0161a vizualno privla\u010dnost in vzdr\u017eljivost va\u0161ega prenosnika.<\/p>\n<p>Odlikuje ga eleganten in sodoben dizajn, hrbtni pokrov zaslona HP 730561-001 A Shell Screen Cover ne doda le pridih elegance va\u0161emu prenosniku, ampak ga tudi za\u0161\u010diti pred manj\u0161imi praskami, odrgninami in drugo vsakodnevno obrabo. Z natan\u010dnim prileganjem ta hrbtni pokrov ohranja prvotno estetiko prenosnika, hkrati pa doda plast za\u0161\u010dite.<\/p>\n<p>Zamenjava zadnjega pokrova je preprost postopek, ki vam omogo\u010da preprosto zamenjavo obstoje\u010dega pokrova na prenosnem ra\u010dunalniku EliteBook. Ta originalni HP-jev nadomestni del zagotavlja zdru\u017eljivost in ohranja eleganten videz prenosnika ter celovitost njegove konstrukcije.<\/p>\n<p>Investirajte v pristni hrbtni pokrov HP 730561-001 A Shell Screen, da izbolj\u0161ate celoten videz in odpornost va\u0161ega prenosnika EliteBook 720, 725 ali 820 G1\/G2. Izkusite zadovoljstvo ob uporabi pristnega nadomestnega dela HP-ja, blagovne znamke, znane po predanosti kakovosti in inovativnosti.<\/p>\n","protected":false},"excerpt":{"rendered":"<p>Nadgradite videz in za\u0161\u010dito va\u0161ega prenosnika HP EliteBook 720, 725 ali 820 G1\/G2 s pristnim zadnjim pokrovom zaslona HP 730561-001 A. Ta nadomestni pokrov, zasnovan za natan\u010dno prileganje, izbolj\u0161a estetiko in za\u0161\u010diti va\u0161 prenosnik pred vsakodnevno obrabo.<\/p>\n","protected":false},"featured_media":40097,"template":"","meta":[],"product_brand":[],"product_cat":[2051],"product_tag":[2060,1818],"class_list":{"0":"post-53593","1":"product","2":"type-product","3":"status-publish","4":"has-post-thumbnail","6":"product_cat-ohisje-prenosnika","7":"product_tag-hp","8":"product_tag-rezervni-deli","10":"first","11":"instock","12":"taxable","13":"shipping-taxable","14":"purchasable","15":"product-type-simple"},"_links":{"self":[{"href":"https:\/\/pracek.si\/racunalniskatrgovina\/wp-json\/wp\/v2\/product\/53593","targetHints":{"allow":["GET"]}}],"collection":[{"href":"https:\/\/pracek.si\/racunalniskatrgovina\/wp-json\/wp\/v2\/product"}],"about":[{"href":"https:\/\/pracek.si\/racunalniskatrgovina\/wp-json\/wp\/v2\/types\/product"}],"version-history":[{"count":0,"href":"https:\/\/pracek.si\/racunalniskatrgovina\/wp-json\/wp\/v2\/product\/53593\/revisions"}],"wp:featuredmedia":[{"embeddable":true,"href":"https:\/\/pracek.si\/racunalniskatrgovina\/wp-json\/wp\/v2\/media\/40097"}],"wp:attachment":[{"href":"https:\/\/pracek.si\/racunalniskatrgovina\/wp-json\/wp\/v2\/media?parent=53593"}],"wp:term":[{"taxonomy":"product_brand","embeddable":true,"href":"https:\/\/pracek.si\/racunalniskatrgovina\/wp-json\/wp\/v2\/product_brand?post=53593"},{"taxonomy":"product_cat","embeddable":true,"href":"https:\/\/pracek.si\/racunalniskatrgovina\/wp-json\/wp\/v2\/product_cat?post=53593"},{"taxonomy":"product_tag","embeddable":true,"href":"https:\/\/pracek.si\/racunalniskatrgovina\/wp-json\/wp\/v2\/product_tag?post=53593"}],"curies":[{"name":"wp","href":"https:\/\/api.w.org\/{rel}","templated":true}]}}