{"id":53807,"date":"2025-07-30T14:59:56","date_gmt":"2025-07-30T13:59:56","guid":{"rendered":"https:\/\/pracek.si\/racunalniskatrgovina\/?post_type=product&#038;p=53807"},"modified":"2025-07-30T15:03:27","modified_gmt":"2025-07-30T14:03:27","slug":"lenovo-04y1544-0c37519-sata-dvd-zapisovalni-pogon-z-okvirjem-in-nosilcem-ds-8a8sh","status":"publish","type":"product","link":"https:\/\/pracek.si\/racunalniskatrgovina\/izdelek\/lenovo-04y1544-0c37519-sata-dvd-zapisovalni-pogon-z-okvirjem-in-nosilcem-ds-8a8sh\/","title":{"rendered":"Lenovo 04y1544 0c37519 SATA DVD zapisovalni pogon z okvirjem in nosilcem &#8211; DS-8A8SH"},"content":{"rendered":"<p>Nadgradite opti\u010dni pogon va\u0161ega prenosnika Lenovo s pogonom za zapisovanje DVD-jev 04y1544 0c37519 SATA. Izdelan za optimizacijo zmogljivosti shranjevanja va\u0161ega prenosnika, ta originalni zapisovalni pogon DVD zagotavlja brezhibno integracijo in izbolj\u0161ano funkcionalnost za izbolj\u0161ano ra\u010dunalni\u0161ko izku\u0161njo.<\/p>\n<p>Zapisovalni pogon 04y1544 0c37519 SATA DVD, ki ga proizvaja Lenovo, zaupanja vreden vodja na podro\u010dju ra\u010dunalni\u0161ke tehnologije, je zasnovan tako, da zagotavlja zanesljive zmo\u017enosti branja in zapisovanja diskov. Kot bistvena komponenta notranjih sistemov va\u0161ega prenosnika ima ta pogon osrednjo vlogo pri raz\u0161iritvi mo\u017enosti shranjevanja in dostopa do podatkov.<\/p>\n<p>Ne glede na to, ali morate brati ali pisati DVD-je in CD-je za shranjevanje podatkov, predvajanje medijev ali prenos podatkov, ta pogon ponuja udobje in u\u010dinkovitost, ki ju zahtevate. Omogo\u010da enostavno ustvarjanje varnostnih kopij, namestitev programske opreme ali u\u017eivanje v va\u0161ih najljub\u0161ih filmih in glasbi neposredno z diskovnega medija.<\/p>\n<p>Namestitev je enostavna zahvaljujo\u010d dizajnu, ki je usklajen z originalnimi komponentami va\u0161ega prenosnika. Z izbiro pristnih delov Samsung vlagate v kakovost in zanesljivost opti\u010dnega pogona va\u0161ega prenosnika.<\/p>\n<p>Nadgradite zmogljivost prenosnika za shranjevanje in dostop do podatkov z 04y1544 0c37519 SATA DVD Writer Drive. U\u017eivajte v zanesljivem branju in pisanju diskov, priro\u010dnem prenosu podatkov in predvajanju predstavnosti na prenosnem ra\u010dunalniku Lenovo. Izbolj\u0161ajte svojo ra\u010dunalni\u0161ko izku\u0161njo s tem zanesljivim in u\u010dinkovitim opti\u010dnim pogonom.<\/p>\n<p>Pred nakupom preverite zdru\u017eljivost z va\u0161im modelom prenosnika.<\/p>\n","protected":false},"excerpt":{"rendered":"<p>Izbolj\u0161ajte zmogljivosti shranjevanja prenosnega ra\u010dunalnika Lenovo z 04y1544 0c37519 SATA DVD Writer Drive. U\u017eivajte v zanesljivem branju in zapisovanju diskov za shranjevanje podatkov, predvajanje medijev in prenos podatkov.<\/p>\n","protected":false},"featured_media":40462,"template":"","meta":[],"product_brand":[],"product_cat":[2062],"product_tag":[2061,1818],"class_list":{"0":"post-53807","1":"product","2":"type-product","3":"status-publish","4":"has-post-thumbnail","6":"product_cat-maticne-plosce-in-deli-plosc","7":"product_tag-lenovo","8":"product_tag-rezervni-deli","10":"first","11":"instock","12":"taxable","13":"shipping-taxable","14":"purchasable","15":"product-type-simple"},"_links":{"self":[{"href":"https:\/\/pracek.si\/racunalniskatrgovina\/wp-json\/wp\/v2\/product\/53807","targetHints":{"allow":["GET"]}}],"collection":[{"href":"https:\/\/pracek.si\/racunalniskatrgovina\/wp-json\/wp\/v2\/product"}],"about":[{"href":"https:\/\/pracek.si\/racunalniskatrgovina\/wp-json\/wp\/v2\/types\/product"}],"version-history":[{"count":0,"href":"https:\/\/pracek.si\/racunalniskatrgovina\/wp-json\/wp\/v2\/product\/53807\/revisions"}],"wp:featuredmedia":[{"embeddable":true,"href":"https:\/\/pracek.si\/racunalniskatrgovina\/wp-json\/wp\/v2\/media\/40462"}],"wp:attachment":[{"href":"https:\/\/pracek.si\/racunalniskatrgovina\/wp-json\/wp\/v2\/media?parent=53807"}],"wp:term":[{"taxonomy":"product_brand","embeddable":true,"href":"https:\/\/pracek.si\/racunalniskatrgovina\/wp-json\/wp\/v2\/product_brand?post=53807"},{"taxonomy":"product_cat","embeddable":true,"href":"https:\/\/pracek.si\/racunalniskatrgovina\/wp-json\/wp\/v2\/product_cat?post=53807"},{"taxonomy":"product_tag","embeddable":true,"href":"https:\/\/pracek.si\/racunalniskatrgovina\/wp-json\/wp\/v2\/product_tag?post=53807"}],"curies":[{"name":"wp","href":"https:\/\/api.w.org\/{rel}","templated":true}]}}