{"id":53809,"date":"2025-07-30T14:59:56","date_gmt":"2025-07-30T13:59:56","guid":{"rendered":"https:\/\/pracek.si\/racunalniskatrgovina\/?post_type=product&#038;p=53809"},"modified":"2025-07-30T15:03:34","modified_gmt":"2025-07-30T14:03:34","slug":"originalni-hp-ad-7701h-cd-dvd%c2%b1rw-veckratno-zapisljivi-pogon-okvir-574285-4c0-594043-001","status":"publish","type":"product","link":"https:\/\/pracek.si\/racunalniskatrgovina\/izdelek\/originalni-hp-ad-7701h-cd-dvd%c2%b1rw-veckratno-zapisljivi-pogon-okvir-574285-4c0-594043-001\/","title":{"rendered":"Originalni HP AD-7701H CD DVD\u00b1RW ve\u010dkratno zapisljivi pogon + okvir 574285-4C0 594043-001"},"content":{"rendered":"<p>Izbolj\u0161ajte pomnilni\u0161ke in medijske zmogljivosti svojega prenosnika s pristnim HP AD-7701H CD DVD\u00b1RW ve\u010dkrat zapisljivim pogonom + okvirjem 574285-4C0 594043-001. Ta pristni CD\/DVD pogon in komplet okvirjev, izdelan za izbolj\u0161anje vsestranskosti va\u0161ega prenosnika, ponuja brezhibno integracijo in izbolj\u0161ano funkcionalnost za izbolj\u0161ano ra\u010dunalni\u0161ko izku\u0161njo.<\/p>\n<p>Izdelal ga je HP, zaupanja vreden vodja na podro\u010dju ra\u010dunalni\u0161ke tehnologije, originalni ve\u010dkratno zapisljivi pogon HP AD-7701H CD DVD\u00b1RW + okvir 574285-4C0 594043-001, ki zagotavlja zanesljivo delovanje opti\u010dnega pogona. Kot bistvena komponenta notranjih sistemov va\u0161ega prenosnika ima ta pogon osrednjo vlogo pri omogo\u010danju branja, pisanja in prepisovanja medijev CD in DVD.<\/p>\n<p>Ne glede na to, ali arhivirate podatke, name\u0161\u010date programsko opremo ali u\u017eivate v ve\u010dpredstavnostnih vsebinah, ta pogon CD\/DVD in komplet okvirjev ponuja udobje in u\u010dinkovitost, ki ju potrebujete. Z zmo\u017enostjo ponovnega zapisovanja lahko ustvarite CD-je in DVD-je po meri za razli\u010dne namene, od varnostnih kopij do predstavitev.<\/p>\n<p>Namestitev je enostavna zahvaljujo\u010d dizajnu, ki je usklajen z originalnimi komponentami va\u0161ega prenosnika. Z izbiro pristnih delov HP vlagate v kakovost in zanesljivost opti\u010dnega pogona va\u0161ega prenosnika.<\/p>\n<p>Nadgradite pomnilni\u0161ke in medijske zmogljivosti svojega prenosnika z originalnim HP AD-7701H CD DVD\u00b1RW ve\u010dkrat zapisljivim pogonom + okvirjem 574285-4C0 594043-001. U\u017eivajte v udobju branja, pisanja in prepisovanja CD-jev in DVD-jev ter izbolj\u0161ajte vsestranskost svojega prenosnika. Izbolj\u0161ajte svojo ra\u010dunalni\u0161ko izku\u0161njo s tem zanesljivim in u\u010dinkovitim kompletom pogonov in okvirjev.<\/p>\n<p>Pred nakupom preverite zdru\u017eljivost z va\u0161im modelom prenosnika.<\/p>\n","protected":false},"excerpt":{"rendered":"<p>Izbolj\u0161ajte pomnilni\u0161ke in medijske zmogljivosti svojega prenosnika s pristnim ve\u010dkratno zapisljivim pogonom HP AD-7701H CD DVD\u00b1RW + okvirjem 574285-4C0 594043-001. U\u017eivajte v udobju branja, pisanja in prepisovanja CD-jev in DVD-jev.<\/p>\n","protected":false},"featured_media":40468,"template":"","meta":[],"product_brand":[],"product_cat":[2062],"product_tag":[2060,1818],"class_list":{"0":"post-53809","1":"product","2":"type-product","3":"status-publish","4":"has-post-thumbnail","6":"product_cat-maticne-plosce-in-deli-plosc","7":"product_tag-hp","8":"product_tag-rezervni-deli","10":"first","11":"instock","12":"taxable","13":"shipping-taxable","14":"purchasable","15":"product-type-simple"},"_links":{"self":[{"href":"https:\/\/pracek.si\/racunalniskatrgovina\/wp-json\/wp\/v2\/product\/53809","targetHints":{"allow":["GET"]}}],"collection":[{"href":"https:\/\/pracek.si\/racunalniskatrgovina\/wp-json\/wp\/v2\/product"}],"about":[{"href":"https:\/\/pracek.si\/racunalniskatrgovina\/wp-json\/wp\/v2\/types\/product"}],"version-history":[{"count":0,"href":"https:\/\/pracek.si\/racunalniskatrgovina\/wp-json\/wp\/v2\/product\/53809\/revisions"}],"wp:featuredmedia":[{"embeddable":true,"href":"https:\/\/pracek.si\/racunalniskatrgovina\/wp-json\/wp\/v2\/media\/40468"}],"wp:attachment":[{"href":"https:\/\/pracek.si\/racunalniskatrgovina\/wp-json\/wp\/v2\/media?parent=53809"}],"wp:term":[{"taxonomy":"product_brand","embeddable":true,"href":"https:\/\/pracek.si\/racunalniskatrgovina\/wp-json\/wp\/v2\/product_brand?post=53809"},{"taxonomy":"product_cat","embeddable":true,"href":"https:\/\/pracek.si\/racunalniskatrgovina\/wp-json\/wp\/v2\/product_cat?post=53809"},{"taxonomy":"product_tag","embeddable":true,"href":"https:\/\/pracek.si\/racunalniskatrgovina\/wp-json\/wp\/v2\/product_tag?post=53809"}],"curies":[{"name":"wp","href":"https:\/\/api.w.org\/{rel}","templated":true}]}}