{"id":53820,"date":"2025-07-30T15:00:41","date_gmt":"2025-07-30T14:00:41","guid":{"rendered":"https:\/\/pracek.si\/racunalniskatrgovina\/?post_type=product&#038;p=53820"},"modified":"2026-01-09T13:38:10","modified_gmt":"2026-01-09T12:38:10","slug":"panasonic-model-uj8fb-dvd-rw-sata-pogon-za-lenovo-z40-70","status":"publish","type":"product","link":"https:\/\/pracek.si\/racunalniskatrgovina\/izdelek\/panasonic-model-uj8fb-dvd-rw-sata-pogon-za-lenovo-z40-70\/","title":{"rendered":"PANASONIC MODEL UJ8FB DVD-RW SATA pogon za Lenovo Z40-70"},"content":{"rendered":"<p>Nadgradite pomnilni\u0161ke in medijske zmogljivosti prenosnega ra\u010dunalnika Lenovo Z40-70 s pogonom SATA DVD-RW PANASONIC MODEL UJ8FB. Ta originalni pogon DVD-RW, izdelan za optimizacijo delovanja opti\u010dnega pogona va\u0161ega prenosnika, ponuja brezhibno integracijo in izbolj\u0161ano vsestranskost za izbolj\u0161ano ra\u010dunalni\u0161ko izku\u0161njo.<\/p>\n<p>Proizvaja PANASONIC, zaupanja vredno ime na podro\u010dju tehnologije opti\u010dnih pogonov, pogon PANASONIC MODEL UJ8FB DVD-RW SATA je zasnovan tako, da zagotavlja zanesljive zmo\u017enosti branja in zapisovanja DVD-jev in CD-jev. Kot bistvena komponenta notranjih sistemov va\u0161ega prenosnika ima ta pogon osrednjo vlogo pri raz\u0161iritvi va\u0161ega pomnilnika in medijskih zmogljivosti.<\/p>\n<p>Ne glede na to, ali morate gledati DVD-je, namestiti programsko opremo ali zapisovati datoteke na CD-je in DVD-je, ta pogon ponuja udobje in u\u010dinkovitost, ki ju potrebujete. Vmesnik SATA zagotavlja hitro in zanesljivo povezavo z va\u0161im prenosnikom, kar vam omogo\u010da dostop in ustvarjanje opti\u010dnih medijev brez truda.<\/p>\n<p>Namestitev je enostavna, vklju\u010duje sprednjo plo\u0161\u010do in jo je mogo\u010de preprosto pritrditi na ohi\u0161je prenosnika.\u00a0 Z izbiro pristnih delov PANASONIC vlagate v kakovost in zanesljivost opti\u010dnega pogona va\u0161ega prenosnika.<\/p>\n<p>Nadgradite opti\u010dni pogon va\u0161ega prenosnika s pogonom DVD-RW SATA PANASONIC MODEL UJ8FB. U\u017eivajte v zanesljivih zmo\u017enostih branja in zapisovanja DVD-jev in CD-jev, raz\u0161irjenih mo\u017enostih shranjevanja in vsestranskih predstavnostnih funkcijah na va\u0161em Lenovo Z40-70. Izbolj\u0161ajte svojo ra\u010dunalni\u0161ko izku\u0161njo s tem zanesljivim in u\u010dinkovitim pogonom.<\/p>\n<p>Pred nakupom preverite zdru\u017eljivost z va\u0161im modelom prenosnika.<\/p>\n","protected":false},"excerpt":{"rendered":"<p>Nadgradite opti\u010dni pogon va\u0161ega prenosnika Lenovo Z40-70 z pogonom DVD-RW SATA PANASONIC MODEL UJ8FB. U\u017eivajte v zanesljivih zmo\u017enostih branja in zapisovanja DVD-jev in CD-jev za vsestransko funkcionalnost medijev.<\/p>\n","protected":false},"featured_media":40495,"template":"","meta":[],"product_brand":[],"product_cat":[2062],"product_tag":[2061,1818],"class_list":{"0":"post-53820","1":"product","2":"type-product","3":"status-publish","4":"has-post-thumbnail","6":"product_cat-maticne-plosce-in-deli-plosc","7":"product_tag-lenovo","8":"product_tag-rezervni-deli","10":"first","11":"instock","12":"taxable","13":"shipping-taxable","14":"purchasable","15":"product-type-simple"},"_links":{"self":[{"href":"https:\/\/pracek.si\/racunalniskatrgovina\/wp-json\/wp\/v2\/product\/53820","targetHints":{"allow":["GET"]}}],"collection":[{"href":"https:\/\/pracek.si\/racunalniskatrgovina\/wp-json\/wp\/v2\/product"}],"about":[{"href":"https:\/\/pracek.si\/racunalniskatrgovina\/wp-json\/wp\/v2\/types\/product"}],"version-history":[{"count":0,"href":"https:\/\/pracek.si\/racunalniskatrgovina\/wp-json\/wp\/v2\/product\/53820\/revisions"}],"wp:featuredmedia":[{"embeddable":true,"href":"https:\/\/pracek.si\/racunalniskatrgovina\/wp-json\/wp\/v2\/media\/40495"}],"wp:attachment":[{"href":"https:\/\/pracek.si\/racunalniskatrgovina\/wp-json\/wp\/v2\/media?parent=53820"}],"wp:term":[{"taxonomy":"product_brand","embeddable":true,"href":"https:\/\/pracek.si\/racunalniskatrgovina\/wp-json\/wp\/v2\/product_brand?post=53820"},{"taxonomy":"product_cat","embeddable":true,"href":"https:\/\/pracek.si\/racunalniskatrgovina\/wp-json\/wp\/v2\/product_cat?post=53820"},{"taxonomy":"product_tag","embeddable":true,"href":"https:\/\/pracek.si\/racunalniskatrgovina\/wp-json\/wp\/v2\/product_tag?post=53820"}],"curies":[{"name":"wp","href":"https:\/\/api.w.org\/{rel}","templated":true}]}}