{"id":53837,"date":"2025-07-30T15:02:26","date_gmt":"2025-07-30T14:02:26","guid":{"rendered":"https:\/\/pracek.si\/racunalniskatrgovina\/?post_type=product&#038;p=53837"},"modified":"2025-07-30T15:05:45","modified_gmt":"2025-07-30T14:05:45","slug":"603677-001-hp-sps-drv-dvd-sata-rw-12-7-gt30l","status":"publish","type":"product","link":"https:\/\/pracek.si\/racunalniskatrgovina\/izdelek\/603677-001-hp-sps-drv-dvd-sata-rw-12-7-gt30l\/","title":{"rendered":"603677-001 HP Sps-Drv DVD Sata RW 12.7 Gt30L"},"content":{"rendered":"<p>Nadgradite svojo ra\u010dunalni\u0161ko izku\u0161njo z 603677-001 HP Sps-Drv DVD Sata RW 12.7 Gt30L. Ta originalni HP-jev pogon DVD, izdelan za optimizacijo delovanja opti\u010dnega pogona va\u0161ega prenosnika, zagotavlja brezhibno integracijo ter izbolj\u0161ane zmo\u017enosti branja in zapisovanja podatkov za izbolj\u0161ano ra\u010dunalni\u0161ko izku\u0161njo. Plasti\u010dni okvir je zdru\u017eljiv z DV6-3000<\/p>\n<p>Proizvaja HP, zaupanja vreden vodja na podro\u010dju ra\u010dunalni\u0161ke tehnologije, 603677-001 HP Sps-Drv DVD Sata RW 12.7 Gt30L je zasnovan za zanesljivo in u\u010dinkovito branje in zapisovanje DVD-jev in CD-jev. Kot bistvena komponenta notranjih sistemov va\u0161ega prenosnika ima ta DVD pogon osrednjo vlogo pri raz\u0161iritvi va\u0161ih medijskih zmogljivosti.<\/p>\n<p>Ne glede na to, ali morate gledati DVD-je, namestiti programsko opremo ali ustvariti lastne CD-je in DVD-je, ta pogon ponuja udobje in u\u010dinkovitost, ki ju potrebujete. Vmesnik SATA zagotavlja hiter prenos podatkov, kar vam omogo\u010da hitro in u\u010dinkovito branje in pisanje podatkov.<\/p>\n<p>Namestitev je enostavna zahvaljujo\u010d dizajnu, ki je usklajen z originalnimi komponentami va\u0161ega prenosnika. Z izbiro pristnih delov HP vlagate v kakovost in zanesljivost funkcionalnosti opti\u010dnega pogona va\u0161ega prenosnika.<\/p>\n<p>Nadgradite opti\u010dni pogon va\u0161ega prenosnika z 603677-001 HP Sps-Drv DVD Sata RW 12.7 Gt30L. U\u017eivajte v izbolj\u0161anih predstavnostnih zmogljivostih, brezhibnem branju in pisanju podatkov ter hitrem prenosu podatkov na va\u0161em zdru\u017eljivem prenosniku HP. Izbolj\u0161ajte svojo ra\u010dunalni\u0161ko izku\u0161njo s tem zanesljivim in u\u010dinkovitim pogonom DVD.<\/p>\n<p>Pred nakupom preverite zdru\u017eljivost z va\u0161im modelom prenosnika.<\/p>\n","protected":false},"excerpt":{"rendered":"<p>Nadgradite opti\u010dni pogon va\u0161ega prenosnika z 603677-001 HP Sps-Drv DVD Sata RW 12.7 Gt30L. U\u017eivajte v izbolj\u0161anih medijskih zmogljivostih ter hitrem branju in zapisovanju podatkov.<\/p>\n","protected":false},"featured_media":40523,"template":"","meta":[],"product_brand":[],"product_cat":[2062],"product_tag":[2060,1818],"class_list":{"0":"post-53837","1":"product","2":"type-product","3":"status-publish","4":"has-post-thumbnail","6":"product_cat-maticne-plosce-in-deli-plosc","7":"product_tag-hp","8":"product_tag-rezervni-deli","10":"first","11":"instock","12":"taxable","13":"shipping-taxable","14":"purchasable","15":"product-type-simple"},"_links":{"self":[{"href":"https:\/\/pracek.si\/racunalniskatrgovina\/wp-json\/wp\/v2\/product\/53837","targetHints":{"allow":["GET"]}}],"collection":[{"href":"https:\/\/pracek.si\/racunalniskatrgovina\/wp-json\/wp\/v2\/product"}],"about":[{"href":"https:\/\/pracek.si\/racunalniskatrgovina\/wp-json\/wp\/v2\/types\/product"}],"version-history":[{"count":0,"href":"https:\/\/pracek.si\/racunalniskatrgovina\/wp-json\/wp\/v2\/product\/53837\/revisions"}],"wp:featuredmedia":[{"embeddable":true,"href":"https:\/\/pracek.si\/racunalniskatrgovina\/wp-json\/wp\/v2\/media\/40523"}],"wp:attachment":[{"href":"https:\/\/pracek.si\/racunalniskatrgovina\/wp-json\/wp\/v2\/media?parent=53837"}],"wp:term":[{"taxonomy":"product_brand","embeddable":true,"href":"https:\/\/pracek.si\/racunalniskatrgovina\/wp-json\/wp\/v2\/product_brand?post=53837"},{"taxonomy":"product_cat","embeddable":true,"href":"https:\/\/pracek.si\/racunalniskatrgovina\/wp-json\/wp\/v2\/product_cat?post=53837"},{"taxonomy":"product_tag","embeddable":true,"href":"https:\/\/pracek.si\/racunalniskatrgovina\/wp-json\/wp\/v2\/product_tag?post=53837"}],"curies":[{"name":"wp","href":"https:\/\/api.w.org\/{rel}","templated":true}]}}