{"id":53838,"date":"2025-07-30T15:02:26","date_gmt":"2025-07-30T14:02:26","guid":{"rendered":"https:\/\/pracek.si\/racunalniskatrgovina\/?post_type=product&#038;p=53838"},"modified":"2025-07-30T15:05:50","modified_gmt":"2025-07-30T14:05:50","slug":"sn-208-asus-208bb-asbfz-cddvd-rw-rewriter-zapisovalnik-sata-disk","status":"publish","type":"product","link":"https:\/\/pracek.si\/racunalniskatrgovina\/izdelek\/sn-208-asus-208bb-asbfz-cddvd-rw-rewriter-zapisovalnik-sata-disk\/","title":{"rendered":"SN-208 Asus 208bb\/asbfz CDDVD-RW ReWriter zapisovalnik SATA disk"},"content":{"rendered":"<p>Nadgradite opti\u010dni pogon va\u0161ega ra\u010dunalnika s pogonom SATA SN-208 208bb\/asbfz CD\/DVD-RW ReWriter Burner. Ta pristni pogon SATA, zasnovan za zagotavljanje zanesljivih zmo\u017enosti branja in zapisovanja diskov, zagotavlja brezhibno integracijo in izbolj\u0161ano funkcionalnost za izbolj\u0161ano ra\u010dunalni\u0161ko izku\u0161njo. Plasti\u010dni pokrov zdru\u017eljiv z Asus X54H, X54c itd.<\/p>\n<p>Proizvaja ga Toshiba Samsung, zaupanja vredno ime v tehnologiji opti\u010dnih pogonov, SN-208 CD\/DVD-RW ReWriter Burner SATA pogon je zasnovan za zanesljivo in u\u010dinkovito delovanje. Ne glede na to, ali morate brati CD-je ali DVD-je, zapisovati podatke na diske ali gledati filme, ta pogon ponuja udobje in u\u010dinkovitost, ki ju zahtevate.<\/p>\n<p>Ta pogon s svojim vmesnikom SATA ponuja hitrej\u0161e prenose podatkov v primerjavi s starej\u0161imi pogoni IDE, kar zagotavlja hitrej\u0161i dostop do diska in kraj\u0161e \u010dakalne dobe. Zaradi tega je idealen za naloge, kot so varnostno kopiranje podatkov, ustvarjanje diska ali predvajanje multimedije.<\/p>\n<p>Namestitev je enostavna zahvaljujo\u010d standardni zasnovi priklju\u010dka SATA, ki je usklajena z ve\u010dino ra\u010dunalni\u0161kih sistemov. Z izbiro pristnih delov Toshiba Samsung vlagate v kakovost in zanesljivost opti\u010dnega pogona va\u0161ega ra\u010dunalnika.<\/p>\n<p>Nadgradite opti\u010dni pogon va\u0161ega ra\u010dunalnika s pogonom SATA SN-208\u00a0 CD\/DVD-RW ReWriter Burner. U\u017eivajte v zanesljivih zmo\u017enostih branja in zapisovanja diskov, hitrej\u0161em dostopu do podatkov in vsestranski funkcionalnosti za va\u0161e ra\u010dunalni\u0161ke potrebe. Izbolj\u0161ajte svojo ra\u010dunalni\u0161ko izku\u0161njo s tem zanesljivim in u\u010dinkovitim pogonom SATA.<\/p>\n<p>Pred nakupom preverite zdru\u017eljivost z modelom va\u0161ega ra\u010dunalnika.<\/p>\n","protected":false},"excerpt":{"rendered":"<p>Nadgradite opti\u010dni pogon va\u0161ega ra\u010dunalnika s pogonom SN-208 Dell Toshiba Samsung CD\/DVD-RW ReWriter Burner SATA Drive. U\u017eivajte v zanesljivem branju, pisanju diska in hitrej\u0161em dostopu do podatkov za vsestranska ra\u010dunalni\u0161ka opravila.<\/p>\n","protected":false},"featured_media":40526,"template":"","meta":[],"product_brand":[],"product_cat":[2062],"product_tag":[1818],"class_list":{"0":"post-53838","1":"product","2":"type-product","3":"status-publish","4":"has-post-thumbnail","6":"product_cat-maticne-plosce-in-deli-plosc","7":"product_tag-rezervni-deli","9":"first","10":"instock","11":"taxable","12":"shipping-taxable","13":"purchasable","14":"product-type-simple"},"_links":{"self":[{"href":"https:\/\/pracek.si\/racunalniskatrgovina\/wp-json\/wp\/v2\/product\/53838","targetHints":{"allow":["GET"]}}],"collection":[{"href":"https:\/\/pracek.si\/racunalniskatrgovina\/wp-json\/wp\/v2\/product"}],"about":[{"href":"https:\/\/pracek.si\/racunalniskatrgovina\/wp-json\/wp\/v2\/types\/product"}],"version-history":[{"count":0,"href":"https:\/\/pracek.si\/racunalniskatrgovina\/wp-json\/wp\/v2\/product\/53838\/revisions"}],"wp:featuredmedia":[{"embeddable":true,"href":"https:\/\/pracek.si\/racunalniskatrgovina\/wp-json\/wp\/v2\/media\/40526"}],"wp:attachment":[{"href":"https:\/\/pracek.si\/racunalniskatrgovina\/wp-json\/wp\/v2\/media?parent=53838"}],"wp:term":[{"taxonomy":"product_brand","embeddable":true,"href":"https:\/\/pracek.si\/racunalniskatrgovina\/wp-json\/wp\/v2\/product_brand?post=53838"},{"taxonomy":"product_cat","embeddable":true,"href":"https:\/\/pracek.si\/racunalniskatrgovina\/wp-json\/wp\/v2\/product_cat?post=53838"},{"taxonomy":"product_tag","embeddable":true,"href":"https:\/\/pracek.si\/racunalniskatrgovina\/wp-json\/wp\/v2\/product_tag?post=53838"}],"curies":[{"name":"wp","href":"https:\/\/api.w.org\/{rel}","templated":true}]}}