{"id":53960,"date":"2025-07-30T15:10:19","date_gmt":"2025-07-30T14:10:19","guid":{"rendered":"https:\/\/pracek.si\/racunalniskatrgovina\/?post_type=product&#038;p=53960"},"modified":"2026-01-09T13:46:28","modified_gmt":"2026-01-09T12:46:28","slug":"3aax6lc00s0-zadnji-pokrov-lcd-hp-pavilion-g4-1000","status":"publish","type":"product","link":"https:\/\/pracek.si\/racunalniskatrgovina\/izdelek\/3aax6lc00s0-zadnji-pokrov-lcd-hp-pavilion-g4-1000\/","title":{"rendered":"3AAX6LC00S0 ZADNJI POKROV LCD HP PAVILION G4-1000-"},"content":{"rendered":"<p>Izbolj\u0161ajte videz in za\u0161\u010dito svojega prenosnika HP Pavilion G4-1000 s hrbtnim pokrovom LCD 3AAX6LC00S0. Ta pristen HP-jev zadnji pokrov, zasnovan tako, da se popolnoma prilega, zagotavlja varno in brezhibno zamenjavo za po\u0161kodovan ali obrabljen pokrov va\u0161ega prenosnika.<\/p>\n<p>Proizvaja HP, zaupanja vredno ime na podro\u010dju ra\u010dunalni\u0161ke tehnologije, zadnji pokrov LCD 3AAX6LC00S0 je izdelan tako, da izpolnjuje najvi\u0161je standarde kakovosti. Ne le izbolj\u0161a estetiko va\u0161ega prenosnika, ampak nudi tudi bistveno za\u0161\u010dito za zaslon LCD in notranje komponente.<\/p>\n<p>Namestitev je brez te\u017eav, zahvaljujo\u010d natan\u010dnemu in\u017eenirstvu, ki se ujema z originalnimi komponentami va\u0161ega prenosnika. Z izbiro pristnih delov HP vlagate v kakovost, vzdr\u017eljivost in popolno prileganje va\u0161emu prenosniku.<\/p>\n<p>Nadgradite videz in za\u0161\u010dito svojega prenosnika s hrbtnim pokrovom LCD 3AAX6LC00S0 za HP Pavilion G4-1000. U\u017eivajte v osve\u017eenem videzu in zanesljivi za\u0161\u010diti zaslona in notranjih komponent va\u0161ega prenosnika.<\/p>\n<p>Pred nakupom preverite zdru\u017eljivost z va\u0161im modelom prenosnika.<\/p>\n","protected":false},"excerpt":{"rendered":"<p>Izbolj\u0161ajte videz in za\u0161\u010dito svojega prenosnika HP Pavilion G4-1000 s hrbtnim pokrovom LCD 3AAX6LC00S0. U\u017eivajte v osve\u017eenem videzu in zanesljivi za\u0161\u010diti zaslona in notranjih komponent va\u0161ega prenosnika.<\/p>\n","protected":false},"featured_media":40720,"template":"","meta":[],"product_brand":[],"product_cat":[2051],"product_tag":[2060,1818],"class_list":{"0":"post-53960","1":"product","2":"type-product","3":"status-publish","4":"has-post-thumbnail","6":"product_cat-ohisje-prenosnika","7":"product_tag-hp","8":"product_tag-rezervni-deli","10":"first","11":"instock","12":"taxable","13":"shipping-taxable","14":"purchasable","15":"product-type-simple"},"_links":{"self":[{"href":"https:\/\/pracek.si\/racunalniskatrgovina\/wp-json\/wp\/v2\/product\/53960","targetHints":{"allow":["GET"]}}],"collection":[{"href":"https:\/\/pracek.si\/racunalniskatrgovina\/wp-json\/wp\/v2\/product"}],"about":[{"href":"https:\/\/pracek.si\/racunalniskatrgovina\/wp-json\/wp\/v2\/types\/product"}],"version-history":[{"count":0,"href":"https:\/\/pracek.si\/racunalniskatrgovina\/wp-json\/wp\/v2\/product\/53960\/revisions"}],"wp:featuredmedia":[{"embeddable":true,"href":"https:\/\/pracek.si\/racunalniskatrgovina\/wp-json\/wp\/v2\/media\/40720"}],"wp:attachment":[{"href":"https:\/\/pracek.si\/racunalniskatrgovina\/wp-json\/wp\/v2\/media?parent=53960"}],"wp:term":[{"taxonomy":"product_brand","embeddable":true,"href":"https:\/\/pracek.si\/racunalniskatrgovina\/wp-json\/wp\/v2\/product_brand?post=53960"},{"taxonomy":"product_cat","embeddable":true,"href":"https:\/\/pracek.si\/racunalniskatrgovina\/wp-json\/wp\/v2\/product_cat?post=53960"},{"taxonomy":"product_tag","embeddable":true,"href":"https:\/\/pracek.si\/racunalniskatrgovina\/wp-json\/wp\/v2\/product_tag?post=53960"}],"curies":[{"name":"wp","href":"https:\/\/api.w.org\/{rel}","templated":true}]}}