{"id":54001,"date":"2025-07-30T15:13:18","date_gmt":"2025-07-30T14:13:18","guid":{"rendered":"https:\/\/pracek.si\/racunalniskatrgovina\/?post_type=product&#038;p=54001"},"modified":"2025-07-30T15:16:41","modified_gmt":"2025-07-30T14:16:41","slug":"hp-elitebook-840-g1-g2-pokrov-naslona-za-dlani-v-zgornjem-ohisju-730964-001","status":"publish","type":"product","link":"https:\/\/pracek.si\/racunalniskatrgovina\/izdelek\/hp-elitebook-840-g1-g2-pokrov-naslona-za-dlani-v-zgornjem-ohisju-730964-001\/","title":{"rendered":"HP Elitebook 840 G1 G2 pokrov naslona za dlani v zgornjem ohi\u0161ju 730964-001"},"content":{"rendered":"<p>Izbolj\u0161ajte vzdr\u017eljivost in estetiko svojega prenosnika HP Elitebook 840 G1 ali G2 s pokrovom za naslon za dlani HP Elitebook 840 G1 G2 (\u0161tevilka dela: 730964-001). Ta pristni pokrov naslona za dlani v zgornjem delu ohi\u0161ja, izdelan za zagotavljanje za\u0161\u010dite in osve\u017eenega videza, je zasnovan za brezhibno integracijo z va\u0161im prenosnikom.<\/p>\n<p>Pokrov naslona za dlani 730964-001, ki ga je izdelal HP, zaupanja vreden vodja na podro\u010dju ra\u010dunalni\u0161ke tehnologije, zagotavlja popolno prileganje in ohranja prvotno oblikovno estetiko va\u0161ega Elitebook 840 G1 ali G2. Ponuja dodatno plast za\u0161\u010dite pred vsakodnevno obrabo, zaradi \u010desar je idealen za profesionalno in osebno uporabo.<\/p>\n<p>Namestitev je enostavna zahvaljujo\u010d natan\u010dni zasnovi, ki je usklajena z originalnimi komponentami va\u0161ega prenosnika. Z izbiro pristnih delov HP vlagate v kakovost, vzdr\u017eljivost in videz svojega prenosnika.<\/p>\n<p>Izbolj\u0161ajte vzdr\u017eljivost in estetiko svojega prenosnika s pokrovom za naslon za dlani HP Elitebook 840 G1 G2 (\u0161tevilka dela: 730964-001). U\u017eivajte v dodatni za\u0161\u010diti in osve\u017eenem videzu, ki zagotavlja, da bo va\u0161 prenosnik ostal v vrhunskem stanju.<\/p>\n<p>Pred nakupom preverite zdru\u017eljivost z va\u0161im modelom prenosnika.<\/p>\n","protected":false},"excerpt":{"rendered":"<p>Izbolj\u0161ajte vzdr\u017eljivost in estetiko svojega prenosnika HP Elitebook 840 G1 ali G2 s pokrovom za naslon za dlani HP Elitebook 840 G1 G2 (\u0161tevilka dela: 730964-001). U\u017eivajte v dodatni za\u0161\u010diti in osve\u017eenem videzu va\u0161ega prenosnika.<\/p>\n","protected":false},"featured_media":40794,"template":"","meta":[],"product_brand":[],"product_cat":[2051],"product_tag":[2060,1818],"class_list":{"0":"post-54001","1":"product","2":"type-product","3":"status-publish","4":"has-post-thumbnail","6":"product_cat-ohisje-prenosnika","7":"product_tag-hp","8":"product_tag-rezervni-deli","10":"first","11":"instock","12":"taxable","13":"shipping-taxable","14":"purchasable","15":"product-type-simple"},"_links":{"self":[{"href":"https:\/\/pracek.si\/racunalniskatrgovina\/wp-json\/wp\/v2\/product\/54001","targetHints":{"allow":["GET"]}}],"collection":[{"href":"https:\/\/pracek.si\/racunalniskatrgovina\/wp-json\/wp\/v2\/product"}],"about":[{"href":"https:\/\/pracek.si\/racunalniskatrgovina\/wp-json\/wp\/v2\/types\/product"}],"version-history":[{"count":0,"href":"https:\/\/pracek.si\/racunalniskatrgovina\/wp-json\/wp\/v2\/product\/54001\/revisions"}],"wp:featuredmedia":[{"embeddable":true,"href":"https:\/\/pracek.si\/racunalniskatrgovina\/wp-json\/wp\/v2\/media\/40794"}],"wp:attachment":[{"href":"https:\/\/pracek.si\/racunalniskatrgovina\/wp-json\/wp\/v2\/media?parent=54001"}],"wp:term":[{"taxonomy":"product_brand","embeddable":true,"href":"https:\/\/pracek.si\/racunalniskatrgovina\/wp-json\/wp\/v2\/product_brand?post=54001"},{"taxonomy":"product_cat","embeddable":true,"href":"https:\/\/pracek.si\/racunalniskatrgovina\/wp-json\/wp\/v2\/product_cat?post=54001"},{"taxonomy":"product_tag","embeddable":true,"href":"https:\/\/pracek.si\/racunalniskatrgovina\/wp-json\/wp\/v2\/product_tag?post=54001"}],"curies":[{"name":"wp","href":"https:\/\/api.w.org\/{rel}","templated":true}]}}